{"id":2610,"date":"2020-10-05T08:16:15","date_gmt":"2020-10-05T08:16:15","guid":{"rendered":"https:\/\/ndavant.cat\/contacto\/"},"modified":"2021-06-29T08:34:45","modified_gmt":"2021-06-29T08:34:45","slug":"contacto","status":"publish","type":"page","link":"https:\/\/ndavant.cat\/es\/contacto\/","title":{"rendered":"Contacto"},"content":{"rendered":"<div class=\"fusion-fullwidth fullwidth-box fusion-builder-row-1 fusion-parallax-none nonhundred-percent-fullwidth non-hundred-percent-height-scrolling\" style=\"--awb-background-position:center bottom;--awb-border-radius-top-left:0px;--awb-border-radius-top-right:0px;--awb-border-radius-bottom-right:0px;--awb-border-radius-bottom-left:0px;--awb-padding-top:130px;--awb-padding-bottom:110px;--awb-background-image:url(&quot;https:\/\/avada.theme-fusion.com\/architecture\/wp-content\/uploads\/sites\/21\/2015\/02\/bg-contact.jpg&quot;);--awb-background-size:cover;--awb-border-sizes-top:0px;--awb-border-sizes-bottom:0px;--awb-flex-wrap:wrap;\" ><div class=\"fusion-builder-row fusion-row\"><div class=\"fusion-layout-column fusion_builder_column fusion-builder-column-0 fusion_builder_column_1_1 1_1 fusion-one-full fusion-column-first fusion-column-last fusion-column-no-min-height\" style=\"--awb-bg-size:cover;--awb-margin-bottom:0px;\"><div class=\"fusion-column-wrapper fusion-flex-column-wrapper-legacy\"><div class=\"fusion-text fusion-text-1\"><h2><span style=\"color: #ffffff;\">CONTACTO<\/span><\/h2>\n<p><span style=\"color: #ffffff;\">Inf\u00f3rmanos de tus proyectos y d\u00e9jate asesorar. Somos expertos en la gesti\u00f3n de edificios y disponemos de equipos de trabajo en toda Catalu\u00f1a. Enviarnos un correo es el primer paso para llevar adelante con garant\u00edas tus proyectos.<\/span><\/p>\n<\/div><div class=\"fusion-clearfix\"><\/div><\/div><\/div><div class=\"fusion-layout-column fusion_builder_column fusion-builder-column-1 fusion_builder_column_1_2 1_2 fusion-one-half fusion-column-first\" style=\"--awb-bg-size:cover;width:48%; margin-right: 4%;\"><div class=\"fusion-column-wrapper fusion-flex-column-wrapper-legacy\">\n<div class=\"wpcf7 no-js\" id=\"wpcf7-f3060-o1\" lang=\"es-ES\" dir=\"ltr\" data-wpcf7-id=\"3060\">\n<div class=\"screen-reader-response\"><p role=\"status\" aria-live=\"polite\" aria-atomic=\"true\"><\/p> <ul><\/ul><\/div>\n<form action=\"\/es\/wp-json\/wp\/v2\/pages\/2610#wpcf7-f3060-o1\" method=\"post\" class=\"wpcf7-form init demo\" aria-label=\"Formulario de contacto\" novalidate=\"novalidate\" data-status=\"init\">\n<fieldset class=\"hidden-fields-container\"><input type=\"hidden\" name=\"_wpcf7\" value=\"3060\" \/><input type=\"hidden\" name=\"_wpcf7_version\" value=\"6.1.5\" \/><input type=\"hidden\" name=\"_wpcf7_locale\" value=\"es_ES\" \/><input type=\"hidden\" name=\"_wpcf7_unit_tag\" value=\"wpcf7-f3060-o1\" \/><input type=\"hidden\" name=\"_wpcf7_container_post\" value=\"0\" \/><input type=\"hidden\" name=\"_wpcf7_posted_data_hash\" value=\"\" \/><input type=\"hidden\" name=\"_uacf7_hidden_conditional_fields\" value=\"\" \/>\n<\/fieldset>\n<div class=\"uacf7-form-wrapper-container uacf7-form-3060  \"><label style=\"color:#000000\">Motivo de contacto<br>\n<span class=\"wpcf7-form-control-wrap\" data-name=\"servicios\"><select class=\"wpcf7-form-control wpcf7-select wpcf7-validates-as-required\" aria-required=\"true\" aria-invalid=\"false\" name=\"servicios\"><option value=\"\">&#8212;Por favor, elige una opci\u00f3n&#8212;<\/option><option value=\"Solicitud de informaci\u00f3n\">Solicitud de informaci\u00f3n<\/option><option value=\"Sugerencias\">Sugerencias<\/option><option value=\"Agradecimientos\">Agradecimientos<\/option><option value=\"Quejas y reclamaciones\">Quejas y reclamaciones<\/option><\/select><\/span><\/label>\n\n<div class=\"uacf7_conditional Sugerencias\">\n<span class=\"wpcf7-form-control-wrap\" data-name=\"lista1\"><select class=\"wpcf7-form-control wpcf7-select wpcf7-validates-as-required\" aria-required=\"true\" aria-invalid=\"false\" name=\"lista1\"><option value=\"\">&#8212;Por favor, elige una opci\u00f3n&#8212;<\/option><option value=\"\u00c1lava\">\u00c1lava<\/option><option value=\"Albacete\">Albacete<\/option><option value=\"Alicante\">Alicante<\/option><option value=\"Almer\u00eda\">Almer\u00eda<\/option><option value=\"Asturias\">Asturias<\/option><option value=\"\u00c1vila\">\u00c1vila<\/option><option value=\"Badajoz\">Badajoz<\/option><option value=\"Barcelona\">Barcelona<\/option><option value=\"Burgos\">Burgos<\/option><option value=\"C\u00e1ceres\">C\u00e1ceres<\/option><option value=\"C\u00e1diz\">C\u00e1diz<\/option><option value=\"Cantabria\">Cantabria<\/option><option value=\"Castell\u00f3n\">Castell\u00f3n<\/option><option value=\"Ceuta\">Ceuta<\/option><option value=\"Ciudad Real\">Ciudad Real<\/option><option value=\"C\u00f3rdoba\">C\u00f3rdoba<\/option><option value=\"Cuenca\">Cuenca<\/option><option value=\"Gerona\">Gerona<\/option><option value=\"Granada\">Granada<\/option><option value=\"Guadalajara\">Guadalajara<\/option><option value=\"Guip\u00fazcoa\">Guip\u00fazcoa<\/option><option value=\"Huelva\">Huelva<\/option><option value=\"Huesca\">Huesca<\/option><option value=\"Islas Baleares\">Islas Baleares<\/option><option value=\"Ja\u00e9n\">Ja\u00e9n<\/option><option value=\"La Coru\u00f1a\">La Coru\u00f1a<\/option><option value=\"La Rioja\">La Rioja<\/option><option value=\"Las Palmas\">Las Palmas<\/option><option value=\"Le\u00f3n\">Le\u00f3n<\/option><option value=\"Lleida\">Lleida<\/option><option value=\"Lugo\">Lugo<\/option><option value=\"Madrid\">Madrid<\/option><option value=\"M\u00e1laga\">M\u00e1laga<\/option><option value=\"Melilla\">Melilla<\/option><option value=\"Murcia\">Murcia<\/option><option value=\"Navarra\">Navarra<\/option><option value=\"Orense\">Orense<\/option><option value=\"Palencia\">Palencia<\/option><option value=\"Pontevedra\">Pontevedra<\/option><option value=\"Salamanca\">Salamanca<\/option><option value=\"Santa Cruz de Tenerife\">Santa Cruz de Tenerife<\/option><option value=\"Segovia\">Segovia<\/option><option value=\"Sevilla\">Sevilla<\/option><option value=\"Soria\">Soria<\/option><option value=\"Tarragona\">Tarragona<\/option><option value=\"Teruel\">Teruel<\/option><option value=\"Toledo\">Toledo<\/option><option value=\"Valencia\">Valencia<\/option><option value=\"Valladolid\">Valladolid<\/option><option value=\"Vizcaya\">Vizcaya<\/option><option value=\"Zamora\">Zamora<\/option><option value=\"Zaragoza\">Zaragoza<\/option><\/select><\/span>\n<\/div>\n\n<div class=\"uacf7_conditional Agradecimientos2\">\n<span class=\"wpcf7-form-control-wrap\" data-name=\"lista2\"><select class=\"wpcf7-form-control wpcf7-select wpcf7-validates-as-required\" aria-required=\"true\" aria-invalid=\"false\" name=\"lista2\"><option value=\"\">&#8212;Por favor, elige una opci\u00f3n&#8212;<\/option><option value=\"\u00c1lava\">\u00c1lava<\/option><option value=\"Albacete\">Albacete<\/option><option value=\"Alicante\">Alicante<\/option><option value=\"Almer\u00eda\">Almer\u00eda<\/option><option value=\"Asturias\">Asturias<\/option><option value=\"\u00c1vila\">\u00c1vila<\/option><option value=\"Badajoz\">Badajoz<\/option><option value=\"Barcelona\">Barcelona<\/option><option value=\"Burgos\">Burgos<\/option><option value=\"C\u00e1ceres\">C\u00e1ceres<\/option><option value=\"C\u00e1diz\">C\u00e1diz<\/option><option value=\"Cantabria\">Cantabria<\/option><option value=\"Castell\u00f3n\">Castell\u00f3n<\/option><option value=\"Ceuta\">Ceuta<\/option><option value=\"Ciudad Real\">Ciudad Real<\/option><option value=\"C\u00f3rdoba\">C\u00f3rdoba<\/option><option value=\"Cuenca\">Cuenca<\/option><option value=\"Gerona\">Gerona<\/option><option value=\"Granada\">Granada<\/option><option value=\"Guadalajara\">Guadalajara<\/option><option value=\"Guip\u00fazcoa\">Guip\u00fazcoa<\/option><option value=\"Huelva\">Huelva<\/option><option value=\"Huesca\">Huesca<\/option><option value=\"Islas Baleares\">Islas Baleares<\/option><option value=\"Ja\u00e9n\">Ja\u00e9n<\/option><option value=\"La Coru\u00f1a\">La Coru\u00f1a<\/option><option value=\"La Rioja\">La Rioja<\/option><option value=\"Las Palmas\">Las Palmas<\/option><option value=\"Le\u00f3n\">Le\u00f3n<\/option><option value=\"Lleida\">Lleida<\/option><option value=\"Lugo\">Lugo<\/option><option value=\"Madrid\">Madrid<\/option><option value=\"M\u00e1laga\">M\u00e1laga<\/option><option value=\"Melilla\">Melilla<\/option><option value=\"Murcia\">Murcia<\/option><option value=\"Navarra\">Navarra<\/option><option value=\"Orense\">Orense<\/option><option value=\"Palencia\">Palencia<\/option><option value=\"Pontevedra\">Pontevedra<\/option><option value=\"Salamanca\">Salamanca<\/option><option value=\"Santa Cruz de Tenerife\">Santa Cruz de Tenerife<\/option><option value=\"Segovia\">Segovia<\/option><option value=\"Sevilla\">Sevilla<\/option><option value=\"Soria\">Soria<\/option><option value=\"Tarragona\">Tarragona<\/option><option value=\"Teruel\">Teruel<\/option><option value=\"Toledo\">Toledo<\/option><option value=\"Valencia\">Valencia<\/option><option value=\"Valladolid\">Valladolid<\/option><option value=\"Vizcaya\">Vizcaya<\/option><option value=\"Zamora\">Zamora<\/option><option value=\"Zaragoza\">Zaragoza<\/option><\/select><\/span>\n<\/div>\n\n<div class=\"uacf7_conditional Quejas\">\n<span class=\"wpcf7-form-control-wrap\" data-name=\"lista3\"><select class=\"wpcf7-form-control wpcf7-select wpcf7-validates-as-required\" aria-required=\"true\" aria-invalid=\"false\" name=\"lista3\"><option value=\"\">&#8212;Por favor, elige una opci\u00f3n&#8212;<\/option><option value=\"\u00c1lava\">\u00c1lava<\/option><option value=\"Albacete\">Albacete<\/option><option value=\"Alicante\">Alicante<\/option><option value=\"Almer\u00eda\">Almer\u00eda<\/option><option value=\"Asturias\">Asturias<\/option><option value=\"\u00c1vila\">\u00c1vila<\/option><option value=\"Badajoz\">Badajoz<\/option><option value=\"Barcelona\">Barcelona<\/option><option value=\"Burgos\">Burgos<\/option><option value=\"C\u00e1ceres\">C\u00e1ceres<\/option><option value=\"C\u00e1diz\">C\u00e1diz<\/option><option value=\"Cantabria\">Cantabria<\/option><option value=\"Castell\u00f3n\">Castell\u00f3n<\/option><option value=\"Ceuta\">Ceuta<\/option><option value=\"Ciudad Real\">Ciudad Real<\/option><option value=\"C\u00f3rdoba\">C\u00f3rdoba<\/option><option value=\"Cuenca\">Cuenca<\/option><option value=\"Gerona\">Gerona<\/option><option value=\"Granada\">Granada<\/option><option value=\"Guadalajara\">Guadalajara<\/option><option value=\"Guip\u00fazcoa\">Guip\u00fazcoa<\/option><option value=\"Huelva\">Huelva<\/option><option value=\"Huesca\">Huesca<\/option><option value=\"Islas Baleares\">Islas Baleares<\/option><option value=\"Ja\u00e9n\">Ja\u00e9n<\/option><option value=\"La Coru\u00f1a\">La Coru\u00f1a<\/option><option value=\"La Rioja\">La Rioja<\/option><option value=\"Las Palmas\">Las Palmas<\/option><option value=\"Le\u00f3n\">Le\u00f3n<\/option><option value=\"Lleida\">Lleida<\/option><option value=\"Lugo\">Lugo<\/option><option value=\"Madrid\">Madrid<\/option><option value=\"M\u00e1laga\">M\u00e1laga<\/option><option value=\"Melilla\">Melilla<\/option><option value=\"Murcia\">Murcia<\/option><option value=\"Navarra\">Navarra<\/option><option value=\"Orense\">Orense<\/option><option value=\"Palencia\">Palencia<\/option><option value=\"Pontevedra\">Pontevedra<\/option><option value=\"Salamanca\">Salamanca<\/option><option value=\"Santa Cruz de Tenerife\">Santa Cruz de Tenerife<\/option><option value=\"Segovia\">Segovia<\/option><option value=\"Sevilla\">Sevilla<\/option><option value=\"Soria\">Soria<\/option><option value=\"Tarragona\">Tarragona<\/option><option value=\"Teruel\">Teruel<\/option><option value=\"Toledo\">Toledo<\/option><option value=\"Valencia\">Valencia<\/option><option value=\"Valladolid\">Valladolid<\/option><option value=\"Vizcaya\">Vizcaya<\/option><option value=\"Zamora\">Zamora<\/option><option value=\"Zaragoza\">Zaragoza<\/option><\/select><\/span>\n<\/div>\n<br><br>\n\n\n<br \/>\n<p>Nombre y apellidos (obligatorio)<br \/>\n    <span class=\"wpcf7-form-control-wrap\" data-name=\"your-name\"><input size=\"40\" maxlength=\"400\" class=\"wpcf7-form-control wpcf7-text wpcf7-validates-as-required\" aria-required=\"true\" aria-invalid=\"false\" value=\"\" type=\"text\" name=\"your-name\" \/><\/span> <\/p>\n\n<p>Correo electr\u00f3nico (obligatorio)<br \/>\n    <span class=\"wpcf7-form-control-wrap\" data-name=\"your-email\"><input size=\"40\" maxlength=\"400\" class=\"wpcf7-form-control wpcf7-email wpcf7-validates-as-required wpcf7-text wpcf7-validates-as-email\" aria-required=\"true\" aria-invalid=\"false\" value=\"\" type=\"email\" name=\"your-email\" \/><\/span> <\/p>\n\n<p>Mensaje<br \/>\n    <span class=\"wpcf7-form-control-wrap\" data-name=\"your-message\"><textarea cols=\"40\" rows=\"10\" maxlength=\"2000\" class=\"wpcf7-form-control wpcf7-textarea\" aria-invalid=\"false\" name=\"your-message\"><\/textarea><\/span> <\/p>\n<br \/>\n\n<span class=\"wpcf7-form-control-wrap\" data-name=\"acceptance-176\"><span class=\"wpcf7-form-control wpcf7-acceptance\"><span class=\"wpcf7-list-item\"><input type=\"checkbox\" name=\"acceptance-176\" value=\"1\" aria-invalid=\"false\" \/><\/span><\/span><\/span> He le\u00eddo y acepto la <a style=\"color:#bdbdbd;\" href=\"https:\/\/www.ndavant.cat\/es\/politica-privacidad\/\"><u>politica de privacidad<\/u><\/a> i la <a style=\"color:#bdbdbd;\"  href=\"https:\/\/www.ndavant.cat\/politica-de-cookies\/\"><u>pol\u00edtica de cookies.<\/u><\/a> <br \/>\n\n\n<input class=\"wpcf7-form-control wpcf7-submit has-spinner\" type=\"submit\" value=\"Enviar\" \/><\/div><div class=\"fusion-alert alert custom alert-custom fusion-alert-center wpcf7-response-output awb-alert-native-link-color alert-dismissable awb-alert-close-boxed\" style=\"--awb-border-size:1px;--awb-border-top-left-radius:0px;--awb-border-top-right-radius:0px;--awb-border-bottom-left-radius:0px;--awb-border-bottom-right-radius:0px;\" role=\"alert\"><div class=\"fusion-alert-content-wrapper\"><span class=\"fusion-alert-content\"><\/span><\/div><button type=\"button\" class=\"close toggle-alert\" data-dismiss=\"alert\" aria-label=\"Close\">&times;<\/button><\/div>\n<\/form>\n<\/div>\n<div class=\"fusion-clearfix\"><\/div><\/div><\/div><div class=\"fusion-layout-column fusion_builder_column fusion-builder-column-2 fusion_builder_column_1_2 1_2 fusion-one-half fusion-column-last\" style=\"--awb-bg-size:cover;width:48%;\"><div class=\"fusion-column-wrapper fusion-flex-column-wrapper-legacy\"><div class=\"fusion-sep-clear\"><\/div><div class=\"fusion-separator fusion-full-width-sep\" style=\"margin-left: auto;margin-right: auto;margin-top:40px;width:100%;\"><\/div><div class=\"fusion-sep-clear\"><\/div><div class=\"fusion-text fusion-text-2\"><p><img decoding=\"async\" src=\"https:\/\/ndavant.cat\/wp-content\/uploads\/2017\/03\/logo.png\" \/><br \/>\n<span style=\"color: #ffffff;\"> FACILITY SERVICES &amp; MANAGEMENT <\/span><br \/>\n<span style=\"color: #ffffff;\"> Carrer Josep Ferrater i Mora, 2 <\/span><br \/>\n<span style=\"color: #ffffff;\"> 08019 Barcelona <\/span><br \/>\n<span style=\"color: #ffffff;\"> Tel. (+34) 93 339 99 33 <\/span><br \/>\n<span style=\"color: #ffffff;\"> Email: <a style=\"color: #ffffff;\" href=\"mailto:info@ndavant.cat\">info@ndavant.cat<\/a> <\/span><\/p>\n<\/div><div class=\"fusion-clearfix\"><\/div><\/div><\/div><\/div><\/div>\n","protected":false},"excerpt":{"rendered":"","protected":false},"author":1,"featured_media":0,"parent":0,"menu_order":0,"comment_status":"closed","ping_status":"open","template":"100-width.php","meta":{"_bbp_topic_count":0,"_bbp_reply_count":0,"_bbp_total_topic_count":0,"_bbp_total_reply_count":0,"_bbp_voice_count":0,"_bbp_anonymous_reply_count":0,"_bbp_topic_count_hidden":0,"_bbp_reply_count_hidden":0,"_bbp_forum_subforum_count":0,"footnotes":""},"class_list":["post-2610","page","type-page","status-publish","hentry"],"yoast_head":"<!-- This site is optimized with the Yoast SEO plugin v27.4 - https:\/\/yoast.com\/product\/yoast-seo-wordpress\/ -->\n<title>Contacto - NDAVANT | Serveis de neteja, manteniment i FM\/FS<\/title>\n<meta name=\"robots\" content=\"index, follow, max-snippet:-1, max-image-preview:large, max-video-preview:-1\" \/>\n<link rel=\"canonical\" href=\"https:\/\/ndavant.cat\/es\/contacto\/\" \/>\n<meta property=\"og:locale\" content=\"es_ES\" \/>\n<meta property=\"og:type\" content=\"article\" \/>\n<meta property=\"og:title\" content=\"Contacto - NDAVANT | Serveis de neteja, manteniment i FM\/FS\" \/>\n<meta property=\"og:url\" content=\"https:\/\/ndavant.cat\/es\/contacto\/\" \/>\n<meta property=\"og:site_name\" content=\"NDAVANT | Serveis de neteja, manteniment i FM\/FS\" \/>\n<meta property=\"article:modified_time\" content=\"2021-06-29T08:34:45+00:00\" \/>\n<meta property=\"og:image\" content=\"https:\/\/ndavant.cat\/wp-content\/uploads\/2017\/03\/logo.png\" \/>\n<meta name=\"twitter:card\" content=\"summary_large_image\" \/>\n<meta name=\"twitter:site\" content=\"@ndavant\" \/>\n<meta name=\"twitter:label1\" content=\"Tiempo de lectura\" \/>\n\t<meta name=\"twitter:data1\" content=\"2 minutos\" \/>\n<script type=\"application\/ld+json\" class=\"yoast-schema-graph\">{\"@context\":\"https:\\\/\\\/schema.org\",\"@graph\":[{\"@type\":\"WebPage\",\"@id\":\"https:\\\/\\\/ndavant.cat\\\/es\\\/contacto\\\/\",\"url\":\"https:\\\/\\\/ndavant.cat\\\/es\\\/contacto\\\/\",\"name\":\"Contacto - NDAVANT | Serveis de neteja, manteniment i FM\\\/FS\",\"isPartOf\":{\"@id\":\"https:\\\/\\\/ndavant.cat\\\/es\\\/#website\"},\"primaryImageOfPage\":{\"@id\":\"https:\\\/\\\/ndavant.cat\\\/es\\\/contacto\\\/#primaryimage\"},\"image\":{\"@id\":\"https:\\\/\\\/ndavant.cat\\\/es\\\/contacto\\\/#primaryimage\"},\"thumbnailUrl\":\"https:\\\/\\\/ndavant.cat\\\/wp-content\\\/uploads\\\/2017\\\/03\\\/logo.png\",\"datePublished\":\"2020-10-05T08:16:15+00:00\",\"dateModified\":\"2021-06-29T08:34:45+00:00\",\"breadcrumb\":{\"@id\":\"https:\\\/\\\/ndavant.cat\\\/es\\\/contacto\\\/#breadcrumb\"},\"inLanguage\":\"es\",\"potentialAction\":[{\"@type\":\"ReadAction\",\"target\":[\"https:\\\/\\\/ndavant.cat\\\/es\\\/contacto\\\/\"]}]},{\"@type\":\"ImageObject\",\"inLanguage\":\"es\",\"@id\":\"https:\\\/\\\/ndavant.cat\\\/es\\\/contacto\\\/#primaryimage\",\"url\":\"https:\\\/\\\/ndavant.cat\\\/wp-content\\\/uploads\\\/2017\\\/03\\\/logo.png\",\"contentUrl\":\"https:\\\/\\\/ndavant.cat\\\/wp-content\\\/uploads\\\/2017\\\/03\\\/logo.png\"},{\"@type\":\"BreadcrumbList\",\"@id\":\"https:\\\/\\\/ndavant.cat\\\/es\\\/contacto\\\/#breadcrumb\",\"itemListElement\":[{\"@type\":\"ListItem\",\"position\":1,\"name\":\"Inici\",\"item\":\"https:\\\/\\\/ndavant.cat\\\/es\\\/\"},{\"@type\":\"ListItem\",\"position\":2,\"name\":\"Contacto\"}]},{\"@type\":\"WebSite\",\"@id\":\"https:\\\/\\\/ndavant.cat\\\/es\\\/#website\",\"url\":\"https:\\\/\\\/ndavant.cat\\\/es\\\/\",\"name\":\"NDAVANT | Serveis de neteja, manteniment i FM\\\/FS\",\"description\":\"Empresa de serveis de neteja, manteniment i facility services \\\/ facility management\",\"publisher\":{\"@id\":\"https:\\\/\\\/ndavant.cat\\\/es\\\/#organization\"},\"potentialAction\":[{\"@type\":\"SearchAction\",\"target\":{\"@type\":\"EntryPoint\",\"urlTemplate\":\"https:\\\/\\\/ndavant.cat\\\/es\\\/?s={search_term_string}\"},\"query-input\":{\"@type\":\"PropertyValueSpecification\",\"valueRequired\":true,\"valueName\":\"search_term_string\"}}],\"inLanguage\":\"es\"},{\"@type\":\"Organization\",\"@id\":\"https:\\\/\\\/ndavant.cat\\\/es\\\/#organization\",\"name\":\"Ndavant\",\"url\":\"https:\\\/\\\/ndavant.cat\\\/es\\\/\",\"logo\":{\"@type\":\"ImageObject\",\"inLanguage\":\"es\",\"@id\":\"https:\\\/\\\/ndavant.cat\\\/es\\\/#\\\/schema\\\/logo\\\/image\\\/\",\"url\":\"https:\\\/\\\/ndavant.cat\\\/wp-content\\\/uploads\\\/2020\\\/05\\\/Logo-oficial-Ndavant.jpg\",\"contentUrl\":\"https:\\\/\\\/ndavant.cat\\\/wp-content\\\/uploads\\\/2020\\\/05\\\/Logo-oficial-Ndavant.jpg\",\"width\":451,\"height\":451,\"caption\":\"Ndavant\"},\"image\":{\"@id\":\"https:\\\/\\\/ndavant.cat\\\/es\\\/#\\\/schema\\\/logo\\\/image\\\/\"},\"sameAs\":[\"https:\\\/\\\/x.com\\\/ndavant\",\"https:\\\/\\\/www.linkedin.com\\\/company\\\/10988666\\\/\"]}]}<\/script>\n<!-- \/ Yoast SEO plugin. -->","yoast_head_json":{"title":"Contacto - NDAVANT | Serveis de neteja, manteniment i FM\/FS","robots":{"index":"index","follow":"follow","max-snippet":"max-snippet:-1","max-image-preview":"max-image-preview:large","max-video-preview":"max-video-preview:-1"},"canonical":"https:\/\/ndavant.cat\/es\/contacto\/","og_locale":"es_ES","og_type":"article","og_title":"Contacto - NDAVANT | Serveis de neteja, manteniment i FM\/FS","og_url":"https:\/\/ndavant.cat\/es\/contacto\/","og_site_name":"NDAVANT | Serveis de neteja, manteniment i FM\/FS","article_modified_time":"2021-06-29T08:34:45+00:00","og_image":[{"url":"https:\/\/ndavant.cat\/wp-content\/uploads\/2017\/03\/logo.png","type":"","width":"","height":""}],"twitter_card":"summary_large_image","twitter_site":"@ndavant","twitter_misc":{"Tiempo de lectura":"2 minutos"},"schema":{"@context":"https:\/\/schema.org","@graph":[{"@type":"WebPage","@id":"https:\/\/ndavant.cat\/es\/contacto\/","url":"https:\/\/ndavant.cat\/es\/contacto\/","name":"Contacto - NDAVANT | Serveis de neteja, manteniment i FM\/FS","isPartOf":{"@id":"https:\/\/ndavant.cat\/es\/#website"},"primaryImageOfPage":{"@id":"https:\/\/ndavant.cat\/es\/contacto\/#primaryimage"},"image":{"@id":"https:\/\/ndavant.cat\/es\/contacto\/#primaryimage"},"thumbnailUrl":"https:\/\/ndavant.cat\/wp-content\/uploads\/2017\/03\/logo.png","datePublished":"2020-10-05T08:16:15+00:00","dateModified":"2021-06-29T08:34:45+00:00","breadcrumb":{"@id":"https:\/\/ndavant.cat\/es\/contacto\/#breadcrumb"},"inLanguage":"es","potentialAction":[{"@type":"ReadAction","target":["https:\/\/ndavant.cat\/es\/contacto\/"]}]},{"@type":"ImageObject","inLanguage":"es","@id":"https:\/\/ndavant.cat\/es\/contacto\/#primaryimage","url":"https:\/\/ndavant.cat\/wp-content\/uploads\/2017\/03\/logo.png","contentUrl":"https:\/\/ndavant.cat\/wp-content\/uploads\/2017\/03\/logo.png"},{"@type":"BreadcrumbList","@id":"https:\/\/ndavant.cat\/es\/contacto\/#breadcrumb","itemListElement":[{"@type":"ListItem","position":1,"name":"Inici","item":"https:\/\/ndavant.cat\/es\/"},{"@type":"ListItem","position":2,"name":"Contacto"}]},{"@type":"WebSite","@id":"https:\/\/ndavant.cat\/es\/#website","url":"https:\/\/ndavant.cat\/es\/","name":"NDAVANT | Serveis de neteja, manteniment i FM\/FS","description":"Empresa de serveis de neteja, manteniment i facility services \/ facility management","publisher":{"@id":"https:\/\/ndavant.cat\/es\/#organization"},"potentialAction":[{"@type":"SearchAction","target":{"@type":"EntryPoint","urlTemplate":"https:\/\/ndavant.cat\/es\/?s={search_term_string}"},"query-input":{"@type":"PropertyValueSpecification","valueRequired":true,"valueName":"search_term_string"}}],"inLanguage":"es"},{"@type":"Organization","@id":"https:\/\/ndavant.cat\/es\/#organization","name":"Ndavant","url":"https:\/\/ndavant.cat\/es\/","logo":{"@type":"ImageObject","inLanguage":"es","@id":"https:\/\/ndavant.cat\/es\/#\/schema\/logo\/image\/","url":"https:\/\/ndavant.cat\/wp-content\/uploads\/2020\/05\/Logo-oficial-Ndavant.jpg","contentUrl":"https:\/\/ndavant.cat\/wp-content\/uploads\/2020\/05\/Logo-oficial-Ndavant.jpg","width":451,"height":451,"caption":"Ndavant"},"image":{"@id":"https:\/\/ndavant.cat\/es\/#\/schema\/logo\/image\/"},"sameAs":["https:\/\/x.com\/ndavant","https:\/\/www.linkedin.com\/company\/10988666\/"]}]}},"_links":{"self":[{"href":"https:\/\/ndavant.cat\/es\/wp-json\/wp\/v2\/pages\/2610","targetHints":{"allow":["GET"]}}],"collection":[{"href":"https:\/\/ndavant.cat\/es\/wp-json\/wp\/v2\/pages"}],"about":[{"href":"https:\/\/ndavant.cat\/es\/wp-json\/wp\/v2\/types\/page"}],"author":[{"embeddable":true,"href":"https:\/\/ndavant.cat\/es\/wp-json\/wp\/v2\/users\/1"}],"replies":[{"embeddable":true,"href":"https:\/\/ndavant.cat\/es\/wp-json\/wp\/v2\/comments?post=2610"}],"version-history":[{"count":16,"href":"https:\/\/ndavant.cat\/es\/wp-json\/wp\/v2\/pages\/2610\/revisions"}],"predecessor-version":[{"id":5809,"href":"https:\/\/ndavant.cat\/es\/wp-json\/wp\/v2\/pages\/2610\/revisions\/5809"}],"wp:attachment":[{"href":"https:\/\/ndavant.cat\/es\/wp-json\/wp\/v2\/media?parent=2610"}],"curies":[{"name":"wp","href":"https:\/\/api.w.org\/{rel}","templated":true}]}}