{"id":3028,"date":"2020-10-05T14:11:57","date_gmt":"2020-10-05T14:11:57","guid":{"rendered":"https:\/\/ndavant.cat\/politica-de-cookies\/"},"modified":"2023-09-07T12:58:41","modified_gmt":"2023-09-07T10:58:41","slug":"politica-de-cookies","status":"publish","type":"page","link":"https:\/\/ndavant.cat\/es\/politica-de-cookies\/","title":{"rendered":"Politica de Cookies"},"content":{"rendered":"<div class=\"fusion-fullwidth fullwidth-box fusion-builder-row-1 nonhundred-percent-fullwidth non-hundred-percent-height-scrolling\" style=\"--awb-border-radius-top-left:0px;--awb-border-radius-top-right:0px;--awb-border-radius-bottom-right:0px;--awb-border-radius-bottom-left:0px;--awb-padding-bottom:100px;--awb-flex-wrap:wrap;\" ><div class=\"fusion-builder-row fusion-row\"><div class=\"fusion-layout-column fusion_builder_column fusion-builder-column-0 fusion_builder_column_1_1 1_1 fusion-one-full fusion-column-first fusion-column-last\" style=\"--awb-bg-size:cover;--awb-margin-bottom:0px;\"><div class=\"fusion-column-wrapper fusion-flex-column-wrapper-legacy\"><div class=\"fusion-text fusion-text-1\"><p><span style=\"color: #000000;\">El editor de la p\u00e1gina <strong><a style=\"color: #000000;\" href=\"https:\/\/ndavant.cat\">https:\/\/ndavant.cat<\/a><\/strong> es MULTISERVEIS NDAVANT S.L.<br \/>\n<\/span><\/p>\n<p><span style=\"color: #000000;\">MULTISERVEIS NDAVANT S.L. (en adelante, Ndavant), en cumplimiento del art\u00edculo 22 de la Ley 34\/2002, de 11 de julio, de servicios de la sociedad de la informaci\u00f3n y de comercio electr\u00f3nico, facilita a los Usuarios informaci\u00f3n relativa a las cookies, qu\u00e9 son las cookies, qu\u00e9 tipos de cookies se instalan en el ordenador del Usuario cuando este visita nuestro sitio web, y cu\u00e1l es la finalidad del uso de las cookies.<\/span><\/p>\n<h4><span style=\"color: #000000;\"><b>\u00bfQU\u00c9 SON LAS COOKIES?<\/b><\/span><\/h4>\n<p><span style=\"color: #000000;\">Una \u201ccookie\u201d es un elemento de datos que un sitio web puede enviar a su navegador y que quiz\u00e1s se almacene en su sistema.<\/span><\/p>\n<p><span style=\"color: #000000;\">Una cookie es un peque\u00f1o archivo de texto que un proveedor de servicios en linea (como https:\/\/ndavant.cat) instala en el equipo de las personas que visitan su sitio web. Las cookies pueden solicitar informaci\u00f3n sobre los h\u00e1bitos de los visitantes en cuanto al uso de este sitio web, registrando las actividades de su equipo en relaci\u00f3n con este, por ejemplo, cuando realiza compras.<\/span><\/p>\n<p><span style=\"color: #000000;\">Las cookies utilizadas son fundamentalmente para optimizar el funcionamiento del sitio web. Las cookies generadas cuando un usuario visita solo nuestro sitio web no nos permiten identificarlo personalmente.<\/span><\/p>\n<h4><span style=\"color: #000000;\"><b>TIPOS DE COOKIES<br \/>\n<\/b><\/span><\/h4>\n<p><span style=\"color: #000000;\"><b>Seg\u00fan el plazo de tiempo que permanecen activas:<\/b><\/span><\/p>\n<p><span style=\"color: #000000;\"><b>Cookies de sesi\u00f3n: <\/b>Son cookies temporales que permanecen en el archivo de cookies de su navegador hasta que el Usuario abandona la p\u00e1gina web, de forma que ninguna queda registrada en el equipo del usuario. La informaci\u00f3n obtenida por medio de estas cookies sirve para analizar pautas de tr\u00e1fico en la web. Por ejemplo, permiten llevar a cabo un seguimiento del uso que se realiza de nuestro sitio web durante una sesi\u00f3n de navegaci\u00f3n \u00fanica y ayudan a utilizar nuestro lugar de forma m\u00e1s eficaz.<\/span><\/p>\n<p><span style=\"color: #000000;\"><b>Cookies persistentes: <\/b>Son almacenadas en el equipo del usuario durante una sesi\u00f3n de navegaci\u00f3n y permanecen en el equipo al finalizar la sesi\u00f3n de navegaci\u00f3n. Las cookies persistentes se mantienen activas durante periodos definidos que pueden ir entre varios minutos y varios a\u00f1os.<\/span><\/p>\n<p><span style=\"color: #000000;\"><b>Seg\u00fan la entidad que las gestione:<\/b><\/span><\/p>\n<p><span style=\"color: #000000;\"><b>Cookies propias<\/b><\/span><\/p>\n<p><span style=\"color: #000000;\">Son aquellas que se env\u00edan al equipo del usuario desde un equipo o dominio gestionado por el propio editor y desde el cual se presta el servicio solicitado por el usuario.<\/span><\/p>\n<p><span style=\"color: #000000;\">Pueden incluir cookies como cookies de sesi\u00f3n y cookies persistentes. Utilizamos las cookies de origen para seguir los movimientos efectuados desde el ordenador u otro dispositivo del usuario al consultar nuestra p\u00e1gina, por ejemplo, con fines de comercializaci\u00f3n y an\u00e1lisis.<\/span><\/p>\n<p><span style=\"color: #000000;\"><b>Cookies de terceros<\/b><\/span><\/p>\n<p><span style=\"color: #000000;\">Son aquellas que se env\u00edan al equipo del usuario desde un equipo o dominio que no es gestionado por el editor, sino por otra entidad que trata los datos obtenidos mediante las cookies, como por ejemplo, las usadas en redes sociales, o por complementos externos de contenido como Google Maps.<\/span><\/p>\n<h4><span style=\"color: #000000;\"><b>RELACI\u00d3N Y DESCRIPCI\u00d3N DE COOKIES<\/b><\/span><\/h4>\n<p><span style=\"color: #000000;\">A continuaci\u00f3n se proporciona informaci\u00f3n m\u00e1s detallada sobre las cookies que se instalan en el equipo del Usuario al visitar nuestro sitio web.<\/span><\/p>\n<p><script id=\"CookieDeclaration\" data-culture=\"es\" src=\"https:\/\/consent.cookiebot.com\/fedefd14-ec82-4de7-a2f9-2977223905f0\/cd.js\" type=\"text\/javascript\" async><\/script><\/p>\n<h4><span style=\"color: #000000;\"><b>\u00bfC\u00d3MO SE PUEDEN DESACTIVAR LAS COOKIES?<\/b><\/span><\/h4>\n<p><span style=\"color: #000000;\">El usuario puede bloquear \/ desactivar la instalaci\u00f3n de cookies en su equipo modificando la configuraci\u00f3n del navegador, para lo cual tiene que seguir las instrucciones proporcionadas por el proveedor del navegador de Internet o de cualquier otro dispositivo. Sin embargo, el Usuario tiene que tener en cuenta que este bloqueo puede limitar en gran medida el grado de satisfacci\u00f3n de las visitas a http:\/\/ndavant.cat y, incluso, puede impedir utilizar nuestros lugares. Normalmente es posible dejar de aceptar las cookies del navegador, o dejar de aceptar las cookies de un servicio en particular.<\/span><\/p>\n<p><span style=\"color: #000000;\">Los usuarios pueden decidir libremente gestionar el uso de las cookies (habilitar \/ deshabilitar). Pueden controlar y modificar la configuraci\u00f3n de las cookies en su navegador web. Las informaciones sobre los ajustes de las cookies (para diferentes exploradores web) est\u00e1n disponibles a trav\u00e9s de los siguientes enlaces:<\/span><\/p>\n<ul class=\"cuadrado\">\n<li><span style=\"color: #000000;\"><a style=\"color: #000000;\" href=\"http:\/\/windows.microsoft.com\/es-es\/windows-vista\/block-or-allow-cookies\" target=\"_blank\" rel=\"noopener noreferrer\">Internet Explorer 7 y 8<\/a><\/span><\/li>\n<li><span style=\"color: #000000;\"><a style=\"color: #000000;\" href=\"http:\/\/windows.microsoft.com\/es-es\/windows7\/how-to-manage-cookies-in-internet-explorer-9\" target=\"_blank\" rel=\"noopener noreferrer\">Internet Explorer 9<\/a><\/span><\/li>\n<li><span style=\"color: #000000;\"><a style=\"color: #000000;\" href=\"https:\/\/support.google.com\/accounts\/answer\/61416?hl=es\" target=\"_blank\" rel=\"noopener noreferrer\">Google Chrome<\/a><\/span><\/li>\n<li><span style=\"color: #000000;\"><a style=\"color: #000000;\" href=\"http:\/\/support.mozilla.org\/es\/kb\/habilitar-y-deshabilitar-cookies-que-los-sitios-we\" target=\"_blank\" rel=\"noopener noreferrer\">Firefox<\/a><\/span><\/li>\n<li><span style=\"color: #000000;\"><a style=\"color: #000000;\" href=\"http:\/\/www.opera.com\/help\/tutorials\/security\/cookies\/\" target=\"_blank\" rel=\"noopener noreferrer\">Opera (p\u00e1gina en ingl\u00e9s)<\/a><\/span><\/li>\n<li><span style=\"color: #000000;\"><a style=\"color: #000000;\" href=\"http:\/\/support.apple.com\/kb\/HT1677?viewlocale=es_ES\" target=\"_blank\" rel=\"noopener noreferrer\">Safari<\/a><\/span><\/li>\n<\/ul>\n<p><span style=\"color: #000000;\">Si bloquea las cookies, algunas posibilidades de la p\u00e1gina web ser\u00e1n deshabilitadas.<\/span><\/p>\n<p><span style=\"color: #000000;\">Para obtener m\u00e1s informaci\u00f3n sobre las cookies, incluyendo como ver el que se han establecido las cookies y como gestionar y borrarlas, puede visitar <a style=\"color: #000000;\" href=\"http:\/\/support.microsoft.com\/gp\/cookies o www.aboutcookies.org .\">http:\/\/support.microsoft.com\/gp\/cookies o www.aboutcookies.org .<\/a><\/span><\/p>\n<h4><span style=\"color: #000000;\"><b>\u00bfALGUNA PREGUNTA?<\/b><\/span><\/h4>\n<p><span style=\"color: #000000;\">Si el usuario tiene alguna pregunta, no dude en contactar con nosotros a la direcci\u00f3n indicada en nuestra <strong><a style=\"color: #000000;\" href=\"https:\/\/ndavant.cat\/politica-proteccio-dades\/\">Pol\u00edtica de Privacidad.<\/a><\/strong><\/span><\/p>\n<\/div><div class=\"fusion-clearfix\"><\/div><\/div><\/div><\/div><\/div>\n","protected":false},"excerpt":{"rendered":"","protected":false},"author":1,"featured_media":0,"parent":0,"menu_order":0,"comment_status":"closed","ping_status":"closed","template":"","meta":{"_bbp_topic_count":0,"_bbp_reply_count":0,"_bbp_total_topic_count":0,"_bbp_total_reply_count":0,"_bbp_voice_count":0,"_bbp_anonymous_reply_count":0,"_bbp_topic_count_hidden":0,"_bbp_reply_count_hidden":0,"_bbp_forum_subforum_count":0,"footnotes":""},"class_list":["post-3028","page","type-page","status-publish","hentry"],"yoast_head":"<!-- This site is optimized with the Yoast SEO plugin v27.4 - https:\/\/yoast.com\/product\/yoast-seo-wordpress\/ -->\n<title>Politica de Cookies - NDAVANT | Serveis de neteja, manteniment i FM\/FS<\/title>\n<meta name=\"robots\" content=\"index, follow, max-snippet:-1, max-image-preview:large, max-video-preview:-1\" \/>\n<link rel=\"canonical\" href=\"https:\/\/ndavant.cat\/es\/politica-de-cookies\/\" \/>\n<meta property=\"og:locale\" content=\"es_ES\" \/>\n<meta property=\"og:type\" content=\"article\" \/>\n<meta property=\"og:title\" content=\"Politica de Cookies - NDAVANT | Serveis de neteja, manteniment i FM\/FS\" \/>\n<meta property=\"og:url\" content=\"https:\/\/ndavant.cat\/es\/politica-de-cookies\/\" \/>\n<meta property=\"og:site_name\" content=\"NDAVANT | Serveis de neteja, manteniment i FM\/FS\" \/>\n<meta property=\"article:modified_time\" content=\"2023-09-07T10:58:41+00:00\" \/>\n<meta name=\"twitter:card\" content=\"summary_large_image\" \/>\n<meta name=\"twitter:site\" content=\"@ndavant\" \/>\n<meta name=\"twitter:label1\" content=\"Tiempo de lectura\" \/>\n\t<meta name=\"twitter:data1\" content=\"5 minutos\" \/>\n<script type=\"application\/ld+json\" class=\"yoast-schema-graph\">{\"@context\":\"https:\\\/\\\/schema.org\",\"@graph\":[{\"@type\":\"WebPage\",\"@id\":\"https:\\\/\\\/ndavant.cat\\\/es\\\/politica-de-cookies\\\/\",\"url\":\"https:\\\/\\\/ndavant.cat\\\/es\\\/politica-de-cookies\\\/\",\"name\":\"Politica de Cookies - NDAVANT | Serveis de neteja, manteniment i FM\\\/FS\",\"isPartOf\":{\"@id\":\"https:\\\/\\\/ndavant.cat\\\/es\\\/#website\"},\"datePublished\":\"2020-10-05T14:11:57+00:00\",\"dateModified\":\"2023-09-07T10:58:41+00:00\",\"breadcrumb\":{\"@id\":\"https:\\\/\\\/ndavant.cat\\\/es\\\/politica-de-cookies\\\/#breadcrumb\"},\"inLanguage\":\"es\",\"potentialAction\":[{\"@type\":\"ReadAction\",\"target\":[\"https:\\\/\\\/ndavant.cat\\\/es\\\/politica-de-cookies\\\/\"]}]},{\"@type\":\"BreadcrumbList\",\"@id\":\"https:\\\/\\\/ndavant.cat\\\/es\\\/politica-de-cookies\\\/#breadcrumb\",\"itemListElement\":[{\"@type\":\"ListItem\",\"position\":1,\"name\":\"Inici\",\"item\":\"https:\\\/\\\/ndavant.cat\\\/es\\\/\"},{\"@type\":\"ListItem\",\"position\":2,\"name\":\"Politica de Cookies\"}]},{\"@type\":\"WebSite\",\"@id\":\"https:\\\/\\\/ndavant.cat\\\/es\\\/#website\",\"url\":\"https:\\\/\\\/ndavant.cat\\\/es\\\/\",\"name\":\"NDAVANT | Serveis de neteja, manteniment i FM\\\/FS\",\"description\":\"Empresa de serveis de neteja, manteniment i facility services \\\/ facility management\",\"publisher\":{\"@id\":\"https:\\\/\\\/ndavant.cat\\\/es\\\/#organization\"},\"potentialAction\":[{\"@type\":\"SearchAction\",\"target\":{\"@type\":\"EntryPoint\",\"urlTemplate\":\"https:\\\/\\\/ndavant.cat\\\/es\\\/?s={search_term_string}\"},\"query-input\":{\"@type\":\"PropertyValueSpecification\",\"valueRequired\":true,\"valueName\":\"search_term_string\"}}],\"inLanguage\":\"es\"},{\"@type\":\"Organization\",\"@id\":\"https:\\\/\\\/ndavant.cat\\\/es\\\/#organization\",\"name\":\"Ndavant\",\"url\":\"https:\\\/\\\/ndavant.cat\\\/es\\\/\",\"logo\":{\"@type\":\"ImageObject\",\"inLanguage\":\"es\",\"@id\":\"https:\\\/\\\/ndavant.cat\\\/es\\\/#\\\/schema\\\/logo\\\/image\\\/\",\"url\":\"https:\\\/\\\/ndavant.cat\\\/wp-content\\\/uploads\\\/2020\\\/05\\\/Logo-oficial-Ndavant.jpg\",\"contentUrl\":\"https:\\\/\\\/ndavant.cat\\\/wp-content\\\/uploads\\\/2020\\\/05\\\/Logo-oficial-Ndavant.jpg\",\"width\":451,\"height\":451,\"caption\":\"Ndavant\"},\"image\":{\"@id\":\"https:\\\/\\\/ndavant.cat\\\/es\\\/#\\\/schema\\\/logo\\\/image\\\/\"},\"sameAs\":[\"https:\\\/\\\/x.com\\\/ndavant\",\"https:\\\/\\\/www.linkedin.com\\\/company\\\/10988666\\\/\"]}]}<\/script>\n<!-- \/ Yoast SEO plugin. -->","yoast_head_json":{"title":"Politica de Cookies - NDAVANT | Serveis de neteja, manteniment i FM\/FS","robots":{"index":"index","follow":"follow","max-snippet":"max-snippet:-1","max-image-preview":"max-image-preview:large","max-video-preview":"max-video-preview:-1"},"canonical":"https:\/\/ndavant.cat\/es\/politica-de-cookies\/","og_locale":"es_ES","og_type":"article","og_title":"Politica de Cookies - NDAVANT | Serveis de neteja, manteniment i FM\/FS","og_url":"https:\/\/ndavant.cat\/es\/politica-de-cookies\/","og_site_name":"NDAVANT | Serveis de neteja, manteniment i FM\/FS","article_modified_time":"2023-09-07T10:58:41+00:00","twitter_card":"summary_large_image","twitter_site":"@ndavant","twitter_misc":{"Tiempo de lectura":"5 minutos"},"schema":{"@context":"https:\/\/schema.org","@graph":[{"@type":"WebPage","@id":"https:\/\/ndavant.cat\/es\/politica-de-cookies\/","url":"https:\/\/ndavant.cat\/es\/politica-de-cookies\/","name":"Politica de Cookies - NDAVANT | Serveis de neteja, manteniment i FM\/FS","isPartOf":{"@id":"https:\/\/ndavant.cat\/es\/#website"},"datePublished":"2020-10-05T14:11:57+00:00","dateModified":"2023-09-07T10:58:41+00:00","breadcrumb":{"@id":"https:\/\/ndavant.cat\/es\/politica-de-cookies\/#breadcrumb"},"inLanguage":"es","potentialAction":[{"@type":"ReadAction","target":["https:\/\/ndavant.cat\/es\/politica-de-cookies\/"]}]},{"@type":"BreadcrumbList","@id":"https:\/\/ndavant.cat\/es\/politica-de-cookies\/#breadcrumb","itemListElement":[{"@type":"ListItem","position":1,"name":"Inici","item":"https:\/\/ndavant.cat\/es\/"},{"@type":"ListItem","position":2,"name":"Politica de Cookies"}]},{"@type":"WebSite","@id":"https:\/\/ndavant.cat\/es\/#website","url":"https:\/\/ndavant.cat\/es\/","name":"NDAVANT | Serveis de neteja, manteniment i FM\/FS","description":"Empresa de serveis de neteja, manteniment i facility services \/ facility management","publisher":{"@id":"https:\/\/ndavant.cat\/es\/#organization"},"potentialAction":[{"@type":"SearchAction","target":{"@type":"EntryPoint","urlTemplate":"https:\/\/ndavant.cat\/es\/?s={search_term_string}"},"query-input":{"@type":"PropertyValueSpecification","valueRequired":true,"valueName":"search_term_string"}}],"inLanguage":"es"},{"@type":"Organization","@id":"https:\/\/ndavant.cat\/es\/#organization","name":"Ndavant","url":"https:\/\/ndavant.cat\/es\/","logo":{"@type":"ImageObject","inLanguage":"es","@id":"https:\/\/ndavant.cat\/es\/#\/schema\/logo\/image\/","url":"https:\/\/ndavant.cat\/wp-content\/uploads\/2020\/05\/Logo-oficial-Ndavant.jpg","contentUrl":"https:\/\/ndavant.cat\/wp-content\/uploads\/2020\/05\/Logo-oficial-Ndavant.jpg","width":451,"height":451,"caption":"Ndavant"},"image":{"@id":"https:\/\/ndavant.cat\/es\/#\/schema\/logo\/image\/"},"sameAs":["https:\/\/x.com\/ndavant","https:\/\/www.linkedin.com\/company\/10988666\/"]}]}},"_links":{"self":[{"href":"https:\/\/ndavant.cat\/es\/wp-json\/wp\/v2\/pages\/3028","targetHints":{"allow":["GET"]}}],"collection":[{"href":"https:\/\/ndavant.cat\/es\/wp-json\/wp\/v2\/pages"}],"about":[{"href":"https:\/\/ndavant.cat\/es\/wp-json\/wp\/v2\/types\/page"}],"author":[{"embeddable":true,"href":"https:\/\/ndavant.cat\/es\/wp-json\/wp\/v2\/users\/1"}],"replies":[{"embeddable":true,"href":"https:\/\/ndavant.cat\/es\/wp-json\/wp\/v2\/comments?post=3028"}],"version-history":[{"count":13,"href":"https:\/\/ndavant.cat\/es\/wp-json\/wp\/v2\/pages\/3028\/revisions"}],"predecessor-version":[{"id":5358,"href":"https:\/\/ndavant.cat\/es\/wp-json\/wp\/v2\/pages\/3028\/revisions\/5358"}],"wp:attachment":[{"href":"https:\/\/ndavant.cat\/es\/wp-json\/wp\/v2\/media?parent=3028"}],"curies":[{"name":"wp","href":"https:\/\/api.w.org\/{rel}","templated":true}]}}