{"id":3042,"date":"2020-10-05T18:16:45","date_gmt":"2020-10-05T18:16:45","guid":{"rendered":"https:\/\/ndavant.cat\/integridad-y-conducta\/"},"modified":"2025-07-21T19:31:02","modified_gmt":"2025-07-21T17:31:02","slug":"integridad-conducta","status":"publish","type":"page","link":"https:\/\/ndavant.cat\/es\/integridad-conducta\/","title":{"rendered":"Integridad y Conducta"},"content":{"rendered":"<div class=\"fusion-fullwidth fullwidth-box fusion-builder-row-1 nonhundred-percent-fullwidth non-hundred-percent-height-scrolling\" style=\"--awb-border-radius-top-left:0px;--awb-border-radius-top-right:0px;--awb-border-radius-bottom-right:0px;--awb-border-radius-bottom-left:0px;--awb-padding-bottom:100px;--awb-flex-wrap:wrap;\" ><div class=\"fusion-builder-row fusion-row\"><div class=\"fusion-layout-column fusion_builder_column fusion-builder-column-0 fusion_builder_column_1_1 1_1 fusion-one-full fusion-column-first fusion-column-last\" style=\"--awb-bg-size:cover;--awb-margin-bottom:0px;\"><div class=\"fusion-column-wrapper fusion-flex-column-wrapper-legacy\"><div class=\"fusion-text fusion-text-1\"><h3>INTEGRIDAD Y CONDUCTA<\/h3>\n<h4><span style=\"color: #0069a7;\"><strong>\u00c9tica y transparencia, nuestra cultura corporativa<\/strong><\/span><\/h4>\n<p>Ndavant dispone de un C\u00f3digo \u00c9tico que recoge nuestros principios, valores, normas generales de conducta y directrices de actuaci\u00f3n exigibles a todas las personas que integran la compa\u00f1\u00eda.<\/p>\n<p>Con el objetivo de asegurar que todas ellas se adapten a dichas pautas, est\u00e1 habilitado el Canal \u00c9tico (Sistema Interno de Informaci\u00f3n) a trav\u00e9s del cual los diferentes grupos de inter\u00e9s con los que interactuamos (personas trabajadoras, clientes, proveedores, etc.), pueden dirigir sus comunicaciones relativas a conductas susceptibles de generar incumplimientos o vulneraciones de la normativa vigente, conforme a las disposiciones de la Ley 2\/2023, de 20 de febrero, reguladora de la protecci\u00f3n de las personas que informen sobre infracciones normativas y de lucha contra la corrupci\u00f3n (\u201cLey de Protecci\u00f3n al Informante\u201d).<\/p>\n<h4><span style=\"color: #0069a7;\"><strong>Canal \u00e9tico (Sistema Interno de Informaci\u00f3n)<\/strong><\/span><\/h4>\n<p>En Ndavant, hemos implementado de forma efectiva un Sistema de Gesti\u00f3n de Cumplimiento (<em>Compliance<\/em>) que garantiza que actuamos conforme a la legislaci\u00f3n vigente, en el marco de una conducta \u00e9ticamente irreprochable. Nuestro Canal \u00c9tico (Sistema Interno de Informaci\u00f3n) constituye una de las principales herramientas de este sistema de cumplimiento.<\/p>\n<p>El objetivo de este canal interno es recibir y tramitar eficazmente las comunicaciones relacionadas con los comportamientos que vulneran los principios contemplados en nuestro C\u00f3digo \u00c9tico y resto de documentos esenciales que conforman nuestro Sistema de Gesti\u00f3n de Cumplimiento, as\u00ed como la normativa vigente de aplicaci\u00f3n, tal y como establece la Ley de Protecci\u00f3n al Informante.<\/p>\n<p>Para facilitar su conocimiento y uso, nuestra\u00a0<a href=\"https:\/\/ndavant.cat\/wp-content\/uploads\/2025\/07\/ES_NDAVANT_Politica-de-Funcionamiento-del-Canal-Etico-V-Julio-2025.pdf\"><strong><em>Pol\u00edtica de Funcionamiento del Canal \u00c9tico<\/em><\/strong><\/a>\u00a0se encuentra a disposici\u00f3n de cualquier persona que pretenda comunicar \u00a0de buena fe una posible infracci\u00f3n en un contexto profesional con Ndavant.<\/p>\n<p>La informaci\u00f3n que nos proporcione ser\u00e1 gestionada de forma totalmente confidencial y an\u00f3nima \u2013\u00a0si as\u00ed lo desea\u00a0-, y tiene nuestro compromiso de que sus comentarios ser\u00e1n tenidos en cuenta.<\/p>\n<p>Ndavant garantiza la protecci\u00f3n contra represalias, considerando como tal cualquier acci\u00f3n u omisi\u00f3n que pueda perjudicar a una persona que comunique de buena fe, a trav\u00e9s del Canal \u00c9tico, las posibles infracciones que se mencionan en el siguiente ep\u00edgrafe.<\/p>\n<p><span style=\"color: #0069a7;\"><strong>\u00bfQu\u00e9 se puede comunicar a trav\u00e9s del Canal \u00c9tico?<\/strong><\/span><\/p>\n<p>Informaci\u00f3n sobre infracciones o incumplimientos en un sentido amplio, esto es, sospechas razonables, infracciones reales o potenciales que se hayan producido o que sea probable que se produzcan. La comunicaci\u00f3n debe efectuarse siempre de buena fe y con el mayor grado de detalle y evidencias posibles.<\/p>\n<p>A t\u00edtulo ilustrativo, y sin perjuicio de lo contenido en la\u00a0<strong><em>Pol\u00edtica de Funcionamiento del Canal \u00c9tico<\/em><\/strong>, a continuaci\u00f3n, se indican algunas de las posibles tem\u00e1ticas objeto de comunicaci\u00f3n, conforme a las disposiciones de la Ley 2\/2023:<\/p>\n<ul>\n<li>Casos de soborno y corrupci\u00f3n.<\/li>\n<li>Conductas que atenten contra la salud y la seguridad en el trabajo.<\/li>\n<li>Conflictos de intereses en cualquier acci\u00f3n relacionada con el desarrollo profesional.<\/li>\n<li>Conductas discriminatorias.<\/li>\n<li>El acoso sexual, por raz\u00f3n de sexo, identidad sexual y acoso laboral.<\/li>\n<li>Fraudes internos.<\/li>\n<li>Supuestos de competencia desleal.<\/li>\n<li>Incumplimientos en materia de defensa de la competencia.<\/li>\n<li>Conductas que atenten contra la salud y seguridad de nuestros usuarios.<\/li>\n<\/ul>\n<p>Las quejas y reclamaciones relacionadas, por ejemplo, con la calidad del servicio se deben realizar de manera diferenciada, en el apartado \u201cContacto: Quejas\/Reclamaciones\u201d de esta p\u00e1gina web.<\/p>\n<p><span style=\"color: #0069a7;\"><strong>\u00bfQu\u00e9 canales existen para comunicar una posible conducta irregular?<\/strong><\/span><\/p>\n<p>Sin perjuicio de otros canales recogidos en la\u00a0<strong><em>Pol\u00edtica de Funcionamiento del Canal \u00c9tico<\/em><\/strong>, recomendamos que realice su comunicaci\u00f3n, por su mayor seguridad y confidencialidad, as\u00ed como por la posibilidad de su presentaci\u00f3n an\u00f3nima -si as\u00ed lo desea-, a trav\u00e9s del canal digital.<\/p>\n<p><strong>Puede acceder a dicho canal digital pinchando\u00a0<\/strong><a href=\"https:\/\/whistleblowersoftware.com\/secure\/compromiso_ndavant\"><strong><u>AQU\u00cd<\/u><\/strong><\/a><strong>, y a trav\u00e9s de la l\u00ednea de tel\u00e9fono +34 900958058 (pin o n\u00ba identificativo de la empresa: <b>5531<\/b>). \u00a0<\/strong><\/p>\n<table width=\"290\">\n<tbody>\n<tr>\n<td>N\u00ba de tel\u00e9fono<\/td>\n<td>PIN<\/td>\n<\/tr>\n<tr>\n<td><strong>+34 900 958 058<\/strong><\/td>\n<td><strong><b>5531<\/b><\/strong><\/td>\n<\/tr>\n<\/tbody>\n<\/table>\n<p><span style=\"text-decoration: line-through;\">\u00a0<\/span><\/p>\n<p><span style=\"color: #0069a7;\"><strong>\u00bfQui\u00e9n tratar\u00e1 la informaci\u00f3n comunicada?<\/strong><\/span><\/p>\n<p>Es importante que conozca que la informaci\u00f3n contenida en su comunicaci\u00f3n, incluyendo los datos de car\u00e1cter personal podr\u00e1 ser tratada o trasladada a las siguientes partes, cuando se estime necesario:<\/p>\n<ul>\n<li>Miembros de la Unidad T\u00e9cnica de Cumplimiento de Ndavant, as\u00ed como del Comit\u00e9 de <em>Compliance<\/em>\u00a0(\u00d3rgano de Cumplimiento) de la compa\u00f1\u00eda.<\/li>\n<li>Representantes autorizados de la compa\u00f1\u00eda que intervengan en la investigaci\u00f3n, si la naturaleza o el alcance de los hechos comunicados requiere su participaci\u00f3n.<\/li>\n<li>Cualquier investigador, asesor o consejero externo que haya sido contratado para apoyar a la compa\u00f1\u00eda en el an\u00e1lisis de la comunicaci\u00f3n, en la investigaci\u00f3n del asunto o para asesorar a la organizaci\u00f3n sobre temas relacionados con dichas cuestiones.<\/li>\n<li>La polic\u00eda y\/u otras autoridades p\u00fablicas competentes y reguladoras conforme a la Ley.<\/li>\n<\/ul>\n<p>Por favor, no olvide leer nuestra <a href=\"https:\/\/ndavant.cat\/es\/politica-privacidad-canal-etico\"><strong>Pol\u00edtica de Privacidad del Canal \u00c9tico<\/strong><\/a>.\u00a0Tambi\u00e9n dispone de informaci\u00f3n relativa a la protecci\u00f3n de datos en la propia\u00a0<a href=\"https:\/\/ndavant.cat\/wp-content\/uploads\/2025\/07\/ES_NDAVANT_Politica-de-Funcionamiento-del-Canal-Etico-V-Julio-2025.pdf\"><strong><em>Pol\u00edtica de Funcionamiento del Canal \u00c9tico<\/em><\/strong><\/a><strong><em>.<\/em><\/strong><\/p>\n<h3>DESCARGAS<\/h3>\n<div class=\"fusion-text fusion-text-1\"><\/div>\n<\/div><div class=\"fusion-clearfix\"><\/div><\/div><\/div><div class=\"fusion-layout-column fusion_builder_column fusion-builder-column-1 fusion_builder_column_1_5 1_5 fusion-one-fifth fusion-column-first\" style=\"--awb-bg-size:cover;width:20%;width:calc(20% - ( ( 4% + 4% + 4% + 4% ) * 0.2 ) );margin-right: 4%;\"><div class=\"fusion-column-wrapper fusion-flex-column-wrapper-legacy\"><div class=\"fusion-image-element in-legacy-container\" style=\"--awb-caption-title-font-family:var(--h2_typography-font-family);--awb-caption-title-font-weight:var(--h2_typography-font-weight);--awb-caption-title-font-style:var(--h2_typography-font-style);--awb-caption-title-size:var(--h2_typography-font-size);--awb-caption-title-transform:var(--h2_typography-text-transform);--awb-caption-title-line-height:var(--h2_typography-line-height);--awb-caption-title-letter-spacing:var(--h2_typography-letter-spacing);\"><span class=\" fusion-imageframe imageframe-none imageframe-1 hover-type-none\"><a class=\"fusion-no-lightbox\" href=\"https:\/\/ndavant.cat\/wp-content\/uploads\/2024\/03\/ES_NDAVANT_Codigo-Etico_2024.pdf\" target=\"_blank\" aria-label=\"IMG_D_N_ES_CODIGO_ETICO\" rel=\"noopener noreferrer\"><img decoding=\"async\" width=\"366\" height=\"513\" src=\"https:\/\/ndavant.cat\/wp-content\/uploads\/2023\/10\/IMG_D_N_ES_CODIGO_ETICO.png\" alt class=\"img-responsive wp-image-5403\" srcset=\"https:\/\/ndavant.cat\/wp-content\/uploads\/2023\/10\/IMG_D_N_ES_CODIGO_ETICO-200x280.png 200w, https:\/\/ndavant.cat\/wp-content\/uploads\/2023\/10\/IMG_D_N_ES_CODIGO_ETICO.png 366w\" sizes=\"(max-width: 800px) 100vw, 200px\" \/><\/a><\/span><\/div><div class=\"fusion-clearfix\"><\/div><\/div><\/div><div class=\"fusion-layout-column fusion_builder_column fusion-builder-column-2 fusion_builder_column_1_5 1_5 fusion-one-fifth\" style=\"--awb-bg-size:cover;width:20%;width:calc(20% - ( ( 4% + 4% + 4% + 4% ) * 0.2 ) );margin-right: 4%;\"><div class=\"fusion-column-wrapper fusion-flex-column-wrapper-legacy\"><div class=\"fusion-image-element in-legacy-container\" style=\"--awb-caption-title-font-family:var(--h2_typography-font-family);--awb-caption-title-font-weight:var(--h2_typography-font-weight);--awb-caption-title-font-style:var(--h2_typography-font-style);--awb-caption-title-size:var(--h2_typography-font-size);--awb-caption-title-transform:var(--h2_typography-text-transform);--awb-caption-title-line-height:var(--h2_typography-line-height);--awb-caption-title-letter-spacing:var(--h2_typography-letter-spacing);\"><span class=\" fusion-imageframe imageframe-none imageframe-2 hover-type-none\"><a class=\"fusion-no-lightbox\" href=\"https:\/\/ndavant.cat\/wp-content\/uploads\/2024\/03\/ES_NDAVANT_Politica-de-Prevencion-de-Riesgos-Penales-y-Antisoborno-2024.pdf\" target=\"_blank\" aria-label=\"IMG_D_N_ES_POLITICA_DE_PREVENCION\" rel=\"noopener noreferrer\"><img decoding=\"async\" width=\"366\" height=\"513\" src=\"https:\/\/ndavant.cat\/wp-content\/uploads\/2023\/10\/IMG_D_N_ES_POLITICA_DE_PREVENCION.png\" alt class=\"img-responsive wp-image-5409\" srcset=\"https:\/\/ndavant.cat\/wp-content\/uploads\/2023\/10\/IMG_D_N_ES_POLITICA_DE_PREVENCION-200x280.png 200w, https:\/\/ndavant.cat\/wp-content\/uploads\/2023\/10\/IMG_D_N_ES_POLITICA_DE_PREVENCION.png 366w\" sizes=\"(max-width: 800px) 100vw, 200px\" \/><\/a><\/span><\/div><div class=\"fusion-clearfix\"><\/div><\/div><\/div><div class=\"fusion-layout-column fusion_builder_column fusion-builder-column-3 fusion_builder_column_1_5 1_5 fusion-one-fifth\" style=\"--awb-bg-size:cover;width:20%;width:calc(20% - ( ( 4% + 4% + 4% + 4% ) * 0.2 ) );margin-right: 4%;\"><div class=\"fusion-column-wrapper fusion-flex-column-wrapper-legacy\"><div class=\"fusion-image-element in-legacy-container\" style=\"--awb-caption-title-font-family:var(--h2_typography-font-family);--awb-caption-title-font-weight:var(--h2_typography-font-weight);--awb-caption-title-font-style:var(--h2_typography-font-style);--awb-caption-title-size:var(--h2_typography-font-size);--awb-caption-title-transform:var(--h2_typography-text-transform);--awb-caption-title-line-height:var(--h2_typography-line-height);--awb-caption-title-letter-spacing:var(--h2_typography-letter-spacing);\"><span class=\" fusion-imageframe imageframe-none imageframe-3 hover-type-none\"><a class=\"fusion-no-lightbox\" href=\"https:\/\/ndavant.cat\/wp-content\/uploads\/2024\/03\/ES_NDAVANT_Principios-Rectores-de-Prevencion_2024.pdf\" target=\"_blank\" aria-label=\"IMG_D_N_ES_PRINCIPIOS_RECTORES\" rel=\"noopener noreferrer\"><img decoding=\"async\" width=\"365\" height=\"513\" src=\"https:\/\/ndavant.cat\/wp-content\/uploads\/2023\/10\/IMG_D_N_ES_PRINCIPIOS_RECTORES.png\" alt class=\"img-responsive wp-image-5411\" srcset=\"https:\/\/ndavant.cat\/wp-content\/uploads\/2023\/10\/IMG_D_N_ES_PRINCIPIOS_RECTORES-200x281.png 200w, https:\/\/ndavant.cat\/wp-content\/uploads\/2023\/10\/IMG_D_N_ES_PRINCIPIOS_RECTORES.png 365w\" sizes=\"(max-width: 800px) 100vw, 200px\" \/><\/a><\/span><\/div><div class=\"fusion-clearfix\"><\/div><\/div><\/div><div class=\"fusion-layout-column fusion_builder_column fusion-builder-column-4 fusion_builder_column_1_5 1_5 fusion-one-fifth\" style=\"--awb-bg-size:cover;width:20%;width:calc(20% - ( ( 4% + 4% + 4% + 4% ) * 0.2 ) );margin-right: 4%;\"><div class=\"fusion-column-wrapper fusion-flex-column-wrapper-legacy\"><div class=\"fusion-image-element in-legacy-container\" style=\"--awb-caption-title-font-family:var(--h2_typography-font-family);--awb-caption-title-font-weight:var(--h2_typography-font-weight);--awb-caption-title-font-style:var(--h2_typography-font-style);--awb-caption-title-size:var(--h2_typography-font-size);--awb-caption-title-transform:var(--h2_typography-text-transform);--awb-caption-title-line-height:var(--h2_typography-line-height);--awb-caption-title-letter-spacing:var(--h2_typography-letter-spacing);\"><span class=\" fusion-imageframe imageframe-none imageframe-4 hover-type-none\"><a class=\"fusion-no-lightbox\" href=\"https:\/\/ndavant.cat\/wp-content\/uploads\/2025\/07\/ES_NDAVANT_Politica-de-Funcionamiento-del-Canal-Etico-V-Julio-2025.pdf\" target=\"_blank\" aria-label=\"IMG_D_N_ES_POLITICA_DE_FUNCIONAMIENTO_CANAL_ETICO\" rel=\"noopener noreferrer\"><img decoding=\"async\" width=\"366\" height=\"513\" src=\"https:\/\/ndavant.cat\/wp-content\/uploads\/2023\/10\/IMG_D_N_ES_POLITICA_DE_FUNCIONAMIENTO_CANAL_ETICO.png\" alt class=\"img-responsive wp-image-5407\" srcset=\"https:\/\/ndavant.cat\/wp-content\/uploads\/2023\/10\/IMG_D_N_ES_POLITICA_DE_FUNCIONAMIENTO_CANAL_ETICO-200x280.png 200w, https:\/\/ndavant.cat\/wp-content\/uploads\/2023\/10\/IMG_D_N_ES_POLITICA_DE_FUNCIONAMIENTO_CANAL_ETICO.png 366w\" sizes=\"(max-width: 800px) 100vw, 200px\" \/><\/a><\/span><\/div><div class=\"fusion-clearfix\"><\/div><\/div><\/div><div class=\"fusion-layout-column fusion_builder_column fusion-builder-column-5 fusion_builder_column_1_5 1_5 fusion-one-fifth fusion-column-last\" style=\"--awb-bg-size:cover;width:20%;width:calc(20% - ( ( 4% + 4% + 4% + 4% ) * 0.2 ) );\"><div class=\"fusion-column-wrapper fusion-flex-column-wrapper-legacy\"><div class=\"fusion-image-element in-legacy-container\" style=\"--awb-caption-title-font-family:var(--h2_typography-font-family);--awb-caption-title-font-weight:var(--h2_typography-font-weight);--awb-caption-title-font-style:var(--h2_typography-font-style);--awb-caption-title-size:var(--h2_typography-font-size);--awb-caption-title-transform:var(--h2_typography-text-transform);--awb-caption-title-line-height:var(--h2_typography-line-height);--awb-caption-title-letter-spacing:var(--h2_typography-letter-spacing);\"><span class=\" fusion-imageframe imageframe-none imageframe-5 hover-type-none\"><a class=\"fusion-no-lightbox\" href=\"https:\/\/ndavant.cat\/wp-content\/uploads\/2024\/03\/ES_NDAVANT_Politica-de-Cumplimiento-en-materia-de-Competencia_2024.pdf\" target=\"_blank\" aria-label=\"IMG_D_N_ES_POLITICA_DE_CUMPLIMIENTO EN MATERIA DE COMPETENCIA\" rel=\"noopener noreferrer\"><img decoding=\"async\" width=\"366\" height=\"513\" src=\"https:\/\/ndavant.cat\/wp-content\/uploads\/2023\/10\/IMG_D_N_ES_POLITICA_DE_CUMPLIMIENTO-EN-MATERIA-DE-COMPETENCIA.png\" alt class=\"img-responsive wp-image-5405\" srcset=\"https:\/\/ndavant.cat\/wp-content\/uploads\/2023\/10\/IMG_D_N_ES_POLITICA_DE_CUMPLIMIENTO-EN-MATERIA-DE-COMPETENCIA-200x280.png 200w, https:\/\/ndavant.cat\/wp-content\/uploads\/2023\/10\/IMG_D_N_ES_POLITICA_DE_CUMPLIMIENTO-EN-MATERIA-DE-COMPETENCIA.png 366w\" sizes=\"(max-width: 800px) 100vw, 200px\" \/><\/a><\/span><\/div><div class=\"fusion-clearfix\"><\/div><\/div><\/div><\/div><\/div>\n","protected":false},"excerpt":{"rendered":"","protected":false},"author":1,"featured_media":0,"parent":0,"menu_order":0,"comment_status":"closed","ping_status":"closed","template":"","meta":{"_bbp_topic_count":0,"_bbp_reply_count":0,"_bbp_total_topic_count":0,"_bbp_total_reply_count":0,"_bbp_voice_count":0,"_bbp_anonymous_reply_count":0,"_bbp_topic_count_hidden":0,"_bbp_reply_count_hidden":0,"_bbp_forum_subforum_count":0,"footnotes":""},"class_list":["post-3042","page","type-page","status-publish","hentry"],"yoast_head":"<!-- This site is optimized with the Yoast SEO plugin v27.4 - https:\/\/yoast.com\/product\/yoast-seo-wordpress\/ -->\n<title>Integridad y Conducta<\/title>\n<meta name=\"robots\" content=\"index, follow, max-snippet:-1, max-image-preview:large, max-video-preview:-1\" \/>\n<link rel=\"canonical\" href=\"https:\/\/ndavant.cat\/es\/integridad-conducta\/\" \/>\n<meta property=\"og:locale\" content=\"es_ES\" \/>\n<meta property=\"og:type\" content=\"article\" \/>\n<meta property=\"og:title\" content=\"Integridad y Conducta\" \/>\n<meta property=\"og:url\" content=\"https:\/\/ndavant.cat\/es\/integridad-conducta\/\" \/>\n<meta property=\"og:site_name\" content=\"NDAVANT | Serveis de neteja, manteniment i FM\/FS\" \/>\n<meta property=\"article:modified_time\" content=\"2025-07-21T17:31:02+00:00\" \/>\n<meta name=\"twitter:card\" content=\"summary_large_image\" \/>\n<meta name=\"twitter:site\" content=\"@ndavant\" \/>\n<meta name=\"twitter:label1\" content=\"Tiempo de lectura\" \/>\n\t<meta name=\"twitter:data1\" content=\"6 minutos\" \/>\n<script type=\"application\/ld+json\" class=\"yoast-schema-graph\">{\"@context\":\"https:\\\/\\\/schema.org\",\"@graph\":[{\"@type\":\"WebPage\",\"@id\":\"https:\\\/\\\/ndavant.cat\\\/es\\\/integridad-conducta\\\/\",\"url\":\"https:\\\/\\\/ndavant.cat\\\/es\\\/integridad-conducta\\\/\",\"name\":\"Integridad y Conducta\",\"isPartOf\":{\"@id\":\"https:\\\/\\\/ndavant.cat\\\/es\\\/#website\"},\"datePublished\":\"2020-10-05T18:16:45+00:00\",\"dateModified\":\"2025-07-21T17:31:02+00:00\",\"breadcrumb\":{\"@id\":\"https:\\\/\\\/ndavant.cat\\\/es\\\/integridad-conducta\\\/#breadcrumb\"},\"inLanguage\":\"es\",\"potentialAction\":[{\"@type\":\"ReadAction\",\"target\":[\"https:\\\/\\\/ndavant.cat\\\/es\\\/integridad-conducta\\\/\"]}]},{\"@type\":\"BreadcrumbList\",\"@id\":\"https:\\\/\\\/ndavant.cat\\\/es\\\/integridad-conducta\\\/#breadcrumb\",\"itemListElement\":[{\"@type\":\"ListItem\",\"position\":1,\"name\":\"Inici\",\"item\":\"https:\\\/\\\/ndavant.cat\\\/es\\\/\"},{\"@type\":\"ListItem\",\"position\":2,\"name\":\"Integridad y Conducta\"}]},{\"@type\":\"WebSite\",\"@id\":\"https:\\\/\\\/ndavant.cat\\\/es\\\/#website\",\"url\":\"https:\\\/\\\/ndavant.cat\\\/es\\\/\",\"name\":\"NDAVANT | Serveis de neteja, manteniment i FM\\\/FS\",\"description\":\"Empresa de serveis de neteja, manteniment i facility services \\\/ facility management\",\"publisher\":{\"@id\":\"https:\\\/\\\/ndavant.cat\\\/es\\\/#organization\"},\"potentialAction\":[{\"@type\":\"SearchAction\",\"target\":{\"@type\":\"EntryPoint\",\"urlTemplate\":\"https:\\\/\\\/ndavant.cat\\\/es\\\/?s={search_term_string}\"},\"query-input\":{\"@type\":\"PropertyValueSpecification\",\"valueRequired\":true,\"valueName\":\"search_term_string\"}}],\"inLanguage\":\"es\"},{\"@type\":\"Organization\",\"@id\":\"https:\\\/\\\/ndavant.cat\\\/es\\\/#organization\",\"name\":\"Ndavant\",\"url\":\"https:\\\/\\\/ndavant.cat\\\/es\\\/\",\"logo\":{\"@type\":\"ImageObject\",\"inLanguage\":\"es\",\"@id\":\"https:\\\/\\\/ndavant.cat\\\/es\\\/#\\\/schema\\\/logo\\\/image\\\/\",\"url\":\"https:\\\/\\\/ndavant.cat\\\/wp-content\\\/uploads\\\/2020\\\/05\\\/Logo-oficial-Ndavant.jpg\",\"contentUrl\":\"https:\\\/\\\/ndavant.cat\\\/wp-content\\\/uploads\\\/2020\\\/05\\\/Logo-oficial-Ndavant.jpg\",\"width\":451,\"height\":451,\"caption\":\"Ndavant\"},\"image\":{\"@id\":\"https:\\\/\\\/ndavant.cat\\\/es\\\/#\\\/schema\\\/logo\\\/image\\\/\"},\"sameAs\":[\"https:\\\/\\\/x.com\\\/ndavant\",\"https:\\\/\\\/www.linkedin.com\\\/company\\\/10988666\\\/\"]}]}<\/script>\n<!-- \/ Yoast SEO plugin. -->","yoast_head_json":{"title":"Integridad y Conducta","robots":{"index":"index","follow":"follow","max-snippet":"max-snippet:-1","max-image-preview":"max-image-preview:large","max-video-preview":"max-video-preview:-1"},"canonical":"https:\/\/ndavant.cat\/es\/integridad-conducta\/","og_locale":"es_ES","og_type":"article","og_title":"Integridad y Conducta","og_url":"https:\/\/ndavant.cat\/es\/integridad-conducta\/","og_site_name":"NDAVANT | Serveis de neteja, manteniment i FM\/FS","article_modified_time":"2025-07-21T17:31:02+00:00","twitter_card":"summary_large_image","twitter_site":"@ndavant","twitter_misc":{"Tiempo de lectura":"6 minutos"},"schema":{"@context":"https:\/\/schema.org","@graph":[{"@type":"WebPage","@id":"https:\/\/ndavant.cat\/es\/integridad-conducta\/","url":"https:\/\/ndavant.cat\/es\/integridad-conducta\/","name":"Integridad y Conducta","isPartOf":{"@id":"https:\/\/ndavant.cat\/es\/#website"},"datePublished":"2020-10-05T18:16:45+00:00","dateModified":"2025-07-21T17:31:02+00:00","breadcrumb":{"@id":"https:\/\/ndavant.cat\/es\/integridad-conducta\/#breadcrumb"},"inLanguage":"es","potentialAction":[{"@type":"ReadAction","target":["https:\/\/ndavant.cat\/es\/integridad-conducta\/"]}]},{"@type":"BreadcrumbList","@id":"https:\/\/ndavant.cat\/es\/integridad-conducta\/#breadcrumb","itemListElement":[{"@type":"ListItem","position":1,"name":"Inici","item":"https:\/\/ndavant.cat\/es\/"},{"@type":"ListItem","position":2,"name":"Integridad y Conducta"}]},{"@type":"WebSite","@id":"https:\/\/ndavant.cat\/es\/#website","url":"https:\/\/ndavant.cat\/es\/","name":"NDAVANT | Serveis de neteja, manteniment i FM\/FS","description":"Empresa de serveis de neteja, manteniment i facility services \/ facility management","publisher":{"@id":"https:\/\/ndavant.cat\/es\/#organization"},"potentialAction":[{"@type":"SearchAction","target":{"@type":"EntryPoint","urlTemplate":"https:\/\/ndavant.cat\/es\/?s={search_term_string}"},"query-input":{"@type":"PropertyValueSpecification","valueRequired":true,"valueName":"search_term_string"}}],"inLanguage":"es"},{"@type":"Organization","@id":"https:\/\/ndavant.cat\/es\/#organization","name":"Ndavant","url":"https:\/\/ndavant.cat\/es\/","logo":{"@type":"ImageObject","inLanguage":"es","@id":"https:\/\/ndavant.cat\/es\/#\/schema\/logo\/image\/","url":"https:\/\/ndavant.cat\/wp-content\/uploads\/2020\/05\/Logo-oficial-Ndavant.jpg","contentUrl":"https:\/\/ndavant.cat\/wp-content\/uploads\/2020\/05\/Logo-oficial-Ndavant.jpg","width":451,"height":451,"caption":"Ndavant"},"image":{"@id":"https:\/\/ndavant.cat\/es\/#\/schema\/logo\/image\/"},"sameAs":["https:\/\/x.com\/ndavant","https:\/\/www.linkedin.com\/company\/10988666\/"]}]}},"_links":{"self":[{"href":"https:\/\/ndavant.cat\/es\/wp-json\/wp\/v2\/pages\/3042","targetHints":{"allow":["GET"]}}],"collection":[{"href":"https:\/\/ndavant.cat\/es\/wp-json\/wp\/v2\/pages"}],"about":[{"href":"https:\/\/ndavant.cat\/es\/wp-json\/wp\/v2\/types\/page"}],"author":[{"embeddable":true,"href":"https:\/\/ndavant.cat\/es\/wp-json\/wp\/v2\/users\/1"}],"replies":[{"embeddable":true,"href":"https:\/\/ndavant.cat\/es\/wp-json\/wp\/v2\/comments?post=3042"}],"version-history":[{"count":23,"href":"https:\/\/ndavant.cat\/es\/wp-json\/wp\/v2\/pages\/3042\/revisions"}],"predecessor-version":[{"id":5777,"href":"https:\/\/ndavant.cat\/es\/wp-json\/wp\/v2\/pages\/3042\/revisions\/5777"}],"wp:attachment":[{"href":"https:\/\/ndavant.cat\/es\/wp-json\/wp\/v2\/media?parent=3042"}],"curies":[{"name":"wp","href":"https:\/\/api.w.org\/{rel}","templated":true}]}}