{"id":3054,"date":"2020-10-05T19:14:08","date_gmt":"2020-10-05T19:14:08","guid":{"rendered":"https:\/\/ndavant.cat\/informacion-importante-sobre-medidas-ante-la-covid-19\/"},"modified":"2020-10-05T19:14:38","modified_gmt":"2020-10-05T19:14:38","slug":"informacion-covid19","status":"publish","type":"page","link":"https:\/\/ndavant.cat\/es\/informacion-covid19\/","title":{"rendered":"Informaci\u00f3n importante sobre medidas ante la COVID-19"},"content":{"rendered":"<div class=\"fusion-fullwidth fullwidth-box fusion-builder-row-1 nonhundred-percent-fullwidth non-hundred-percent-height-scrolling\" style=\"--awb-border-radius-top-left:0px;--awb-border-radius-top-right:0px;--awb-border-radius-bottom-right:0px;--awb-border-radius-bottom-left:0px;--awb-padding-bottom:100px;--awb-flex-wrap:wrap;\" ><div class=\"fusion-builder-row fusion-row\"><div class=\"fusion-layout-column fusion_builder_column fusion-builder-column-0 fusion_builder_column_1_1 1_1 fusion-one-full fusion-column-first fusion-column-last\" style=\"--awb-bg-size:cover;--awb-margin-bottom:0px;\"><div class=\"fusion-column-wrapper fusion-flex-column-wrapper-legacy\"><div class=\"fusion-image-element fusion-image-align-center in-legacy-container\" style=\"text-align:center;--awb-caption-title-font-family:var(--h2_typography-font-family);--awb-caption-title-font-weight:var(--h2_typography-font-weight);--awb-caption-title-font-style:var(--h2_typography-font-style);--awb-caption-title-size:var(--h2_typography-font-size);--awb-caption-title-transform:var(--h2_typography-text-transform);--awb-caption-title-line-height:var(--h2_typography-line-height);--awb-caption-title-letter-spacing:var(--h2_typography-letter-spacing);\"><div class=\"imageframe-align-center\"><span class=\" fusion-imageframe imageframe-none imageframe-1 hover-type-none\"><img decoding=\"async\" width=\"401\" height=\"123\" title=\"covid19\" src=\"https:\/\/ndavant.cat\/wp-content\/uploads\/2020\/09\/covid19.png\" alt class=\"img-responsive wp-image-2972\" srcset=\"https:\/\/ndavant.cat\/wp-content\/uploads\/2020\/09\/covid19-200x61.png 200w, https:\/\/ndavant.cat\/wp-content\/uploads\/2020\/09\/covid19.png 401w\" sizes=\"(max-width: 800px) 100vw, 401px\" \/><\/span><\/div><\/div><div class=\"fusion-sep-clear\"><\/div><div class=\"fusion-separator fusion-full-width-sep\" style=\"margin-left: auto;margin-right: auto;margin-top:25px;margin-bottom:25px;width:100%;\"><\/div><div class=\"fusion-sep-clear\"><\/div><div class=\"fusion-text fusion-text-1\"><p>Ante la nueva situaci\u00f3n provocada por la COVID19, <strong>Ndavant<\/strong> ha adoptado las medidas oportunas que requiere la llamada nueva normalidad, de acuerdo con los <strong>requisitos exigidos por las autoridades sanitarias.<\/strong><\/p>\n<p>Para llevar a cabo esta tarea, diferentes departamentos de la compa\u00f1\u00eda se han encargado de preparar e implantar los <strong>protocolos de actuaci\u00f3n necesarios para garantizar la seguridad sanitaria<\/strong> en el desempe\u00f1o de la actividad laboral de los trabajadores de la empresa.<\/p>\n<p>Las <strong>principales medidas<\/strong> llevadas a cabo son:<\/p>\n<ul>\n<li><strong>Incremento en la frecuencia de limpieza y desinfecci\u00f3n<\/strong> de las instalaciones y veh\u00edculos.<\/li>\n<li><strong>Adaptaci\u00f3n de los dispositivos de control de acceso<\/strong> a edificios para evitar el contacto dactilar.<\/li>\n<li><strong>Instalaci\u00f3n de dispensadores de hielo hidroalcoh\u00f3lico<\/strong> y disposici\u00f3n de term\u00f3metros frontales para tomar la temperatura corporal.<\/li>\n<li><strong>Colocaci\u00f3n de se\u00f1al\u00e9tica<\/strong> en paredes y suelos para recordar el uso obligatorio de m\u00e1scaras, mantenimiento de la distancia de seguridad o indicar el sentido en que tienen que circular las personas as\u00ed como carteles que indican como realizar correctamente gestos respecto al uso de m\u00e1scara o una adecuada higiene de manos.<\/li>\n<li><strong>Instalaci\u00f3n de mamparas de metacrilato<\/strong> para proteger los puestos de trabajo que as\u00ed lo requer\u00edan.<\/li>\n<li><strong>Acceso restringido<\/strong> en las zonas comunes de office.<\/li>\n<li><strong>Suministro de m\u00e1scaras, hielo higienizando de manso, pa\u00f1uelos desechables y material sanitario<\/strong> de protecci\u00f3n individual (en funci\u00f3n de las necesidades).<\/li>\n<li><strong>Cursos de formaci\u00f3n<\/strong> adem\u00e1s de 17.000 trabajadores.<\/li>\n<li><strong>Realizaci\u00f3n de maceta de detecci\u00f3n de la COVID19<\/strong> a los trabajadores, que se repiten de manera peri\u00f3dica.<\/li>\n<li><strong>Utilizaci\u00f3n de la \u00faltima tecnolog\u00eda de desinfecci\u00f3n<\/strong>.<\/li>\n<\/ul>\n<p>Mediante la adopci\u00f3n de estas medidas <strong>Ndavant<\/strong> responde a la cura y necesidades de las personas que forman parte de la organizaci\u00f3n y aquellas que utilizan nuestros servicios.<\/p>\n<p>Si quiere disponer de informaci\u00f3n actualizada sobre la COVID19 haga clic en el siguiente enlace: <a href=\"https:\/\/canalsalut.gencat.cat\/ca\/salut-a-z\/c\/coronavirus-2019-ncov\/\">Canal Salud (Generalitat de Catalunya) \/ Covid-19<\/a>.<\/p>\n<\/div><div class=\"fusion-clearfix\"><\/div><\/div><\/div><\/div><\/div>\n","protected":false},"excerpt":{"rendered":"","protected":false},"author":1,"featured_media":0,"parent":0,"menu_order":0,"comment_status":"closed","ping_status":"closed","template":"100-width.php","meta":{"_bbp_topic_count":0,"_bbp_reply_count":0,"_bbp_total_topic_count":0,"_bbp_total_reply_count":0,"_bbp_voice_count":0,"_bbp_anonymous_reply_count":0,"_bbp_topic_count_hidden":0,"_bbp_reply_count_hidden":0,"_bbp_forum_subforum_count":0,"footnotes":""},"class_list":["post-3054","page","type-page","status-publish","hentry"],"yoast_head":"<!-- This site is optimized with the Yoast SEO plugin v27.5 - https:\/\/yoast.com\/product\/yoast-seo-wordpress\/ -->\n<title>Informaci\u00f3n importante sobre medidas ante la COVID-19 - NDAVANT | Serveis de neteja, manteniment i FM\/FS<\/title>\n<meta name=\"robots\" content=\"index, follow, max-snippet:-1, max-image-preview:large, max-video-preview:-1\" \/>\n<link rel=\"canonical\" href=\"https:\/\/ndavant.cat\/es\/informacion-covid19\/\" \/>\n<meta property=\"og:locale\" content=\"es_ES\" \/>\n<meta property=\"og:type\" content=\"article\" \/>\n<meta property=\"og:title\" content=\"Informaci\u00f3n importante sobre medidas ante la COVID-19 - NDAVANT | Serveis de neteja, manteniment i FM\/FS\" \/>\n<meta property=\"og:url\" content=\"https:\/\/ndavant.cat\/es\/informacion-covid19\/\" \/>\n<meta property=\"og:site_name\" content=\"NDAVANT | Serveis de neteja, manteniment i FM\/FS\" \/>\n<meta property=\"article:modified_time\" content=\"2020-10-05T19:14:38+00:00\" \/>\n<meta name=\"twitter:card\" content=\"summary_large_image\" \/>\n<meta name=\"twitter:site\" content=\"@ndavant\" \/>\n<meta name=\"twitter:label1\" content=\"Tiempo de lectura\" \/>\n\t<meta name=\"twitter:data1\" content=\"4 minutos\" \/>\n<script type=\"application\/ld+json\" class=\"yoast-schema-graph\">{\"@context\":\"https:\\\/\\\/schema.org\",\"@graph\":[{\"@type\":\"WebPage\",\"@id\":\"https:\\\/\\\/ndavant.cat\\\/es\\\/informacion-covid19\\\/\",\"url\":\"https:\\\/\\\/ndavant.cat\\\/es\\\/informacion-covid19\\\/\",\"name\":\"Informaci\u00f3n importante sobre medidas ante la COVID-19 - NDAVANT | Serveis de neteja, manteniment i FM\\\/FS\",\"isPartOf\":{\"@id\":\"https:\\\/\\\/ndavant.cat\\\/es\\\/#website\"},\"datePublished\":\"2020-10-05T19:14:08+00:00\",\"dateModified\":\"2020-10-05T19:14:38+00:00\",\"breadcrumb\":{\"@id\":\"https:\\\/\\\/ndavant.cat\\\/es\\\/informacion-covid19\\\/#breadcrumb\"},\"inLanguage\":\"es\",\"potentialAction\":[{\"@type\":\"ReadAction\",\"target\":[\"https:\\\/\\\/ndavant.cat\\\/es\\\/informacion-covid19\\\/\"]}]},{\"@type\":\"BreadcrumbList\",\"@id\":\"https:\\\/\\\/ndavant.cat\\\/es\\\/informacion-covid19\\\/#breadcrumb\",\"itemListElement\":[{\"@type\":\"ListItem\",\"position\":1,\"name\":\"Inici\",\"item\":\"https:\\\/\\\/ndavant.cat\\\/es\\\/\"},{\"@type\":\"ListItem\",\"position\":2,\"name\":\"Informaci\u00f3n importante sobre medidas ante la COVID-19\"}]},{\"@type\":\"WebSite\",\"@id\":\"https:\\\/\\\/ndavant.cat\\\/es\\\/#website\",\"url\":\"https:\\\/\\\/ndavant.cat\\\/es\\\/\",\"name\":\"NDAVANT | Serveis de neteja, manteniment i FM\\\/FS\",\"description\":\"Empresa de serveis de neteja, manteniment i facility services \\\/ facility management\",\"publisher\":{\"@id\":\"https:\\\/\\\/ndavant.cat\\\/es\\\/#organization\"},\"potentialAction\":[{\"@type\":\"SearchAction\",\"target\":{\"@type\":\"EntryPoint\",\"urlTemplate\":\"https:\\\/\\\/ndavant.cat\\\/es\\\/?s={search_term_string}\"},\"query-input\":{\"@type\":\"PropertyValueSpecification\",\"valueRequired\":true,\"valueName\":\"search_term_string\"}}],\"inLanguage\":\"es\"},{\"@type\":\"Organization\",\"@id\":\"https:\\\/\\\/ndavant.cat\\\/es\\\/#organization\",\"name\":\"Ndavant\",\"url\":\"https:\\\/\\\/ndavant.cat\\\/es\\\/\",\"logo\":{\"@type\":\"ImageObject\",\"inLanguage\":\"es\",\"@id\":\"https:\\\/\\\/ndavant.cat\\\/es\\\/#\\\/schema\\\/logo\\\/image\\\/\",\"url\":\"https:\\\/\\\/ndavant.cat\\\/wp-content\\\/uploads\\\/2020\\\/05\\\/Logo-oficial-Ndavant.jpg\",\"contentUrl\":\"https:\\\/\\\/ndavant.cat\\\/wp-content\\\/uploads\\\/2020\\\/05\\\/Logo-oficial-Ndavant.jpg\",\"width\":451,\"height\":451,\"caption\":\"Ndavant\"},\"image\":{\"@id\":\"https:\\\/\\\/ndavant.cat\\\/es\\\/#\\\/schema\\\/logo\\\/image\\\/\"},\"sameAs\":[\"https:\\\/\\\/x.com\\\/ndavant\",\"https:\\\/\\\/www.linkedin.com\\\/company\\\/10988666\\\/\"]}]}<\/script>\n<!-- \/ Yoast SEO plugin. -->","yoast_head_json":{"title":"Informaci\u00f3n importante sobre medidas ante la COVID-19 - NDAVANT | Serveis de neteja, manteniment i FM\/FS","robots":{"index":"index","follow":"follow","max-snippet":"max-snippet:-1","max-image-preview":"max-image-preview:large","max-video-preview":"max-video-preview:-1"},"canonical":"https:\/\/ndavant.cat\/es\/informacion-covid19\/","og_locale":"es_ES","og_type":"article","og_title":"Informaci\u00f3n importante sobre medidas ante la COVID-19 - NDAVANT | Serveis de neteja, manteniment i FM\/FS","og_url":"https:\/\/ndavant.cat\/es\/informacion-covid19\/","og_site_name":"NDAVANT | Serveis de neteja, manteniment i FM\/FS","article_modified_time":"2020-10-05T19:14:38+00:00","twitter_card":"summary_large_image","twitter_site":"@ndavant","twitter_misc":{"Tiempo de lectura":"4 minutos"},"schema":{"@context":"https:\/\/schema.org","@graph":[{"@type":"WebPage","@id":"https:\/\/ndavant.cat\/es\/informacion-covid19\/","url":"https:\/\/ndavant.cat\/es\/informacion-covid19\/","name":"Informaci\u00f3n importante sobre medidas ante la COVID-19 - NDAVANT | Serveis de neteja, manteniment i FM\/FS","isPartOf":{"@id":"https:\/\/ndavant.cat\/es\/#website"},"datePublished":"2020-10-05T19:14:08+00:00","dateModified":"2020-10-05T19:14:38+00:00","breadcrumb":{"@id":"https:\/\/ndavant.cat\/es\/informacion-covid19\/#breadcrumb"},"inLanguage":"es","potentialAction":[{"@type":"ReadAction","target":["https:\/\/ndavant.cat\/es\/informacion-covid19\/"]}]},{"@type":"BreadcrumbList","@id":"https:\/\/ndavant.cat\/es\/informacion-covid19\/#breadcrumb","itemListElement":[{"@type":"ListItem","position":1,"name":"Inici","item":"https:\/\/ndavant.cat\/es\/"},{"@type":"ListItem","position":2,"name":"Informaci\u00f3n importante sobre medidas ante la COVID-19"}]},{"@type":"WebSite","@id":"https:\/\/ndavant.cat\/es\/#website","url":"https:\/\/ndavant.cat\/es\/","name":"NDAVANT | Serveis de neteja, manteniment i FM\/FS","description":"Empresa de serveis de neteja, manteniment i facility services \/ facility management","publisher":{"@id":"https:\/\/ndavant.cat\/es\/#organization"},"potentialAction":[{"@type":"SearchAction","target":{"@type":"EntryPoint","urlTemplate":"https:\/\/ndavant.cat\/es\/?s={search_term_string}"},"query-input":{"@type":"PropertyValueSpecification","valueRequired":true,"valueName":"search_term_string"}}],"inLanguage":"es"},{"@type":"Organization","@id":"https:\/\/ndavant.cat\/es\/#organization","name":"Ndavant","url":"https:\/\/ndavant.cat\/es\/","logo":{"@type":"ImageObject","inLanguage":"es","@id":"https:\/\/ndavant.cat\/es\/#\/schema\/logo\/image\/","url":"https:\/\/ndavant.cat\/wp-content\/uploads\/2020\/05\/Logo-oficial-Ndavant.jpg","contentUrl":"https:\/\/ndavant.cat\/wp-content\/uploads\/2020\/05\/Logo-oficial-Ndavant.jpg","width":451,"height":451,"caption":"Ndavant"},"image":{"@id":"https:\/\/ndavant.cat\/es\/#\/schema\/logo\/image\/"},"sameAs":["https:\/\/x.com\/ndavant","https:\/\/www.linkedin.com\/company\/10988666\/"]}]}},"_links":{"self":[{"href":"https:\/\/ndavant.cat\/es\/wp-json\/wp\/v2\/pages\/3054","targetHints":{"allow":["GET"]}}],"collection":[{"href":"https:\/\/ndavant.cat\/es\/wp-json\/wp\/v2\/pages"}],"about":[{"href":"https:\/\/ndavant.cat\/es\/wp-json\/wp\/v2\/types\/page"}],"author":[{"embeddable":true,"href":"https:\/\/ndavant.cat\/es\/wp-json\/wp\/v2\/users\/1"}],"replies":[{"embeddable":true,"href":"https:\/\/ndavant.cat\/es\/wp-json\/wp\/v2\/comments?post=3054"}],"version-history":[{"count":3,"href":"https:\/\/ndavant.cat\/es\/wp-json\/wp\/v2\/pages\/3054\/revisions"}],"predecessor-version":[{"id":3057,"href":"https:\/\/ndavant.cat\/es\/wp-json\/wp\/v2\/pages\/3054\/revisions\/3057"}],"wp:attachment":[{"href":"https:\/\/ndavant.cat\/es\/wp-json\/wp\/v2\/media?parent=3054"}],"curies":[{"name":"wp","href":"https:\/\/api.w.org\/{rel}","templated":true}]}}