{"id":3162,"date":"2020-10-11T15:11:51","date_gmt":"2020-10-11T15:11:51","guid":{"rendered":"https:\/\/ndavant.cat\/mantenimiento-y-servicios-energeticos\/"},"modified":"2021-07-28T21:12:28","modified_gmt":"2021-07-28T19:12:28","slug":"mantenimiento-servicios-energeticos","status":"publish","type":"page","link":"https:\/\/ndavant.cat\/es\/mantenimiento-servicios-energeticos\/","title":{"rendered":"Mantenimiento y servicios energ\u00e9ticos"},"content":{"rendered":"<p><div class=\"fusion-fullwidth fullwidth-box fusion-builder-row-1 nonhundred-percent-fullwidth non-hundred-percent-height-scrolling\" style=\"--awb-background-position:left top;--awb-border-radius-top-left:0px;--awb-border-radius-top-right:0px;--awb-border-radius-bottom-right:0px;--awb-border-radius-bottom-left:0px;--awb-padding-top:50px;--awb-padding-bottom:50px;--awb-border-sizes-top:0px;--awb-border-sizes-bottom:0px;--awb-flex-wrap:wrap;\" ><div class=\"fusion-builder-row fusion-row\"><div class=\"fusion-layout-column fusion_builder_column fusion-builder-column-0 fusion_builder_column_1_2 1_2 fusion-one-half fusion-column-first\" style=\"--awb-bg-size:cover;width:48%; margin-right: 4%;\"><div class=\"fusion-column-wrapper fusion-flex-column-wrapper-legacy\"><div class=\"fusion-text fusion-text-1\"><h3><span style=\"color: #00689c;\">Confort y eficiencia para garantizar entornos m\u00e1s productivos. <\/span><\/h3>\n<\/div><div class=\"fusion-sep-clear\"><\/div><div class=\"fusion-separator fusion-clearfix\" style=\"float:left;margin-top:35px;margin-bottom:50px;width:100%;max-width:170px;\"><div class=\"fusion-separator-border sep-single sep-solid\" style=\"--awb-height:20px;--awb-amount:20px;border-color:#e0dede;border-top-width:1px;\"><\/div><\/div><div class=\"fusion-sep-clear\"><\/div><div class=\"fusion-text fusion-text-2\"><p>En Ndavant sabemos que <strong>garantizar un rendimiento \u00f3ptimo de los activos<\/strong> durante todo su ciclo de vida permite crear entornos productivos, seguros y confortables que mejoran la calidad de vida de las personas.<\/p>\n<p>Cada edificio puede tener diversas finalidades, como son las administrativas, sanitarias o sociales, entre otras. Por ese motivo, nuestros equipos t\u00e9cnicos se adaptan a cada particularidad para proponer <strong>soluciones personalizadas y en el menor tiempo posible<\/strong>, siempre desde la eficiencia y la calidad de nuestros servicios.<\/p>\n<\/div><div class=\"fusion-clearfix\"><\/div><\/div><\/div><div class=\"fusion-layout-column fusion_builder_column fusion-builder-column-1 fusion_builder_column_1_2 1_2 fusion-one-half fusion-column-last fusion-animated\" style=\"--awb-bg-size:cover;width:48%;\" data-animationType=\"zoomInLeft\" data-animationDuration=\"0.3\" data-animationOffset=\"top-into-view\"><div class=\"fusion-column-wrapper fusion-column-has-shadow fusion-flex-column-wrapper-legacy\"><div class=\"fusion-image-element in-legacy-container\" style=\"--awb-caption-title-font-family:var(--h2_typography-font-family);--awb-caption-title-font-weight:var(--h2_typography-font-weight);--awb-caption-title-font-style:var(--h2_typography-font-style);--awb-caption-title-size:var(--h2_typography-font-size);--awb-caption-title-transform:var(--h2_typography-text-transform);--awb-caption-title-line-height:var(--h2_typography-line-height);--awb-caption-title-letter-spacing:var(--h2_typography-letter-spacing);\"><span class=\" fusion-imageframe imageframe-none imageframe-1 hover-type-none fusion-animated\" data-animationType=\"zoomInLeft\" data-animationDuration=\"0.3\" data-animationOffset=\"top-into-view\"><img decoding=\"async\" width=\"1200\" height=\"1200\" alt=\"Ndavant serveis de manteniment de la Piscina de Lloret\" title=\"Servicios-a-edificios-oficinas-y-equipaciones-de-Barcelona\" src=\"https:\/\/ndavant.cat\/wp-content\/uploads\/2020\/10\/Ndavant-Serveis-Manteniment-Piscina-Municipal-Lloret2.jpg\" class=\"img-responsive wp-image-2981\" srcset=\"https:\/\/ndavant.cat\/wp-content\/uploads\/2020\/10\/Ndavant-Serveis-Manteniment-Piscina-Municipal-Lloret2-200x200.jpg 200w, https:\/\/ndavant.cat\/wp-content\/uploads\/2020\/10\/Ndavant-Serveis-Manteniment-Piscina-Municipal-Lloret2-400x400.jpg 400w, https:\/\/ndavant.cat\/wp-content\/uploads\/2020\/10\/Ndavant-Serveis-Manteniment-Piscina-Municipal-Lloret2-600x600.jpg 600w, https:\/\/ndavant.cat\/wp-content\/uploads\/2020\/10\/Ndavant-Serveis-Manteniment-Piscina-Municipal-Lloret2-800x800.jpg 800w, https:\/\/ndavant.cat\/wp-content\/uploads\/2020\/10\/Ndavant-Serveis-Manteniment-Piscina-Municipal-Lloret2.jpg 1200w\" sizes=\"(max-width: 800px) 100vw, 600px\" \/><\/span><\/div><div class=\"fusion-clearfix\"><\/div><\/div><\/div><\/div><\/div><div class=\"fusion-bg-parallax\" data-bg-align=\"left top\" data-direction=\"up\" data-mute=\"false\" data-opacity=\"100\" data-velocity=\"-0.3\" data-mobile-enabled=\"false\" data-break_parents=\"0\" data-bg-image=\"https:\/\/ndavant.cat\/wp-content\/uploads\/2020\/10\/Serveis-de-neteja-i-manteniment-a-installacions-industrials-5-1.jpg\" data-bg-repeat=\"false\" ><\/div><div class=\"fusion-fullwidth fullwidth-box fusion-builder-row-2 fusion-parallax-up nonhundred-percent-fullwidth non-hundred-percent-height-scrolling\" style=\"--awb-background-position:left top;--awb-border-radius-top-left:0px;--awb-border-radius-top-right:0px;--awb-border-radius-bottom-right:0px;--awb-border-radius-bottom-left:0px;--awb-padding-top:110px;--awb-padding-bottom:50px;--awb-background-image:url(&quot;https:\/\/ndavant.cat\/wp-content\/uploads\/2020\/10\/Serveis-de-neteja-i-manteniment-a-installacions-industrials-5-1.jpg&quot;);--awb-background-size:cover;--awb-border-sizes-top:0px;--awb-border-sizes-bottom:0px;--awb-flex-wrap:wrap;\" ><div class=\"fusion-builder-row fusion-row\"><div class=\"fusion-layout-column fusion_builder_column fusion-builder-column-2 fusion_builder_column_1_3 1_3 fusion-one-third fusion-column-first\" style=\"--awb-bg-position:right center;--awb-bg-size:cover;--awb-border-color:#e0dede;--awb-border-right:3px;--awb-border-style:solid;--awb-margin-top:25px;--awb-margin-bottom:0px;width:30.6666%; margin-right: 4%;\"><div class=\"fusion-column-wrapper fusion-column-has-shadow fusion-flex-column-wrapper-legacy\"><div class=\"fusion-text fusion-text-3\"><h3><span style=\"color: #ffffff;\">SECTORES P\u00daBLICOS Y PRIVADOS<\/span><\/h3>\n<\/div><div class=\"fusion-clearfix\"><\/div><\/div><\/div><div class=\"fusion-layout-column fusion_builder_column fusion-builder-column-3 fusion_builder_column_2_3 2_3 fusion-two-third fusion-column-last\" style=\"--awb-bg-size:cover;--awb-margin-bottom:100px;width:65.3333%;\"><div class=\"fusion-column-wrapper fusion-flex-column-wrapper-legacy\"><div class=\"fusion-text fusion-text-4\"><h4><span style=\"color: #ffffff;\">Operamos en sectores de actividad tan diversos como son la industria de la automoci\u00f3n, la farmac\u00e9utica, la agroalimentaria, la qu\u00edmica, la industria en general, las instalaciones deportivas, el sector hospitalario, los centros educativos, los centros comerciales y puntos de venta, los edificios corporativos y oficinas multipunto, el transporte y la log\u00edstica. <\/span><\/h4>\n<\/div><div class=\"fusion-clearfix\"><\/div><\/div><\/div><\/div><\/div><div class=\"fusion-fullwidth fullwidth-box fusion-builder-row-3 nonhundred-percent-fullwidth non-hundred-percent-height-scrolling\" style=\"--awb-border-radius-top-left:0px;--awb-border-radius-top-right:0px;--awb-border-radius-bottom-right:0px;--awb-border-radius-bottom-left:0px;--awb-padding-top:100px;--awb-padding-bottom:70px;--awb-flex-wrap:wrap;\" ><div class=\"fusion-builder-row fusion-row\"><div class=\"fusion-layout-column fusion_builder_column fusion-builder-column-4 fusion_builder_column_1_2 1_2 fusion-one-half fusion-column-first fusion-column-inner-bg-wrapper fusion-animated\" style=\"--awb-inner-bg-size:cover;--awb-filter:saturate(100%) opacity(100%);--awb-filter-transition:filter 0.3s ease;--awb-filter-hover:saturate(10%) opacity(60%);--awb-margin-bottom:0px;width:48%; margin-right: 4%;\" data-animationType=\"fadeInLeft\" data-animationDuration=\"0.3\" data-animationOffset=\"top-into-view\"><span class=\"fusion-column-inner-bg hover-type-zoomin\"><a class=\"fusion-column-anchor\" href=\"https:\/\/ndavant.cat\/es\/servicios-de-mantenimiento-a-instalaciones\/\"><span class=\"fusion-column-inner-bg-image\"><\/span><\/a><\/span><div class=\"fusion-column-wrapper fusion-column-has-shadow fusion-flex-column-wrapper-legacy\"><style type='text\/css'>\n\t\t\t\t.pricing-table-1.fusion-pricing-table .panel-container, .pricing-table-1.fusion-pricing-table .standout .panel-container,\n\t\t\t\t.pricing-table-1.full-boxed-pricing.fusion-pricing-table {background-color:#f8f8f8;}\n\t\t\t\t.pricing-table-1.fusion-pricing-table .list-group .list-group-item,\n\t\t\t\t.pricing-table-1.fusion-pricing-table .list-group .list-group-item:last-child{background-color:#00689c; border-color:#ffffff;}\n\t\t\t\t.pricing-table-1.full-boxed-pricing.fusion-pricing-table .panel-wrapper:hover .panel-heading,\n\t\t\t\t.pricing-table-1.fusion-pricing-table .panel-wrapper:hover .list-group-item {background-color:#fffffffff;}\n\t\t\t\t.pricing-table-1.full-boxed-pricing.fusion-pricing-table .panel-heading{background-color:#00689c;}\n\t\t\t\t.pricing-table-1.fusion-pricing-table .fusion-panel, .pricing-table-1 .panel-wrapper:last-child .fusion-panel,\n\t\t\t\t.pricing-table-1.fusion-pricing-table .standout .fusion-panel, .pricing-table-1.fusion-pricing-table  .panel-heading,\n\t\t\t\t.pricing-table-1.fusion-pricing-table .panel-body, .pricing-table-1.fusion-pricing-table .panel-footer{border-color:#ffffff;}\n\t\t\t\t.pricing-table-1.fusion-pricing-table .panel-body, .pricing-table-1.fusion-pricing-table .panel-footer{background-color:#f8f8f8;}\n\t\t\t\t.pricing-table-1.sep-boxed-pricing.fusion-pricing-table .panel-heading h3{color:#ffffff;}\n\t\t\t\t.pricing-table-1.full-boxed-pricing.fusion-pricing-table .panel-heading h3{color:#242930;}\n\t\t\t\t.pricing-table-1.fusion-pricing-table .panel-body .price .decimal-part{color:#cccccc;}\n\t\t\t\t.pricing-table-1.fusion-pricing-table .panel-body .price .integer-part{color:#cccccc;}\n\t\t\t\t.pricing-table-1.fusion-pricing-table ul.list-group li{color:#cccccc;}\n\t\t\t\t<\/style><div class=\"fusion-pricing-table pricing-table-1 sep-boxed-pricing row fusion-columns-1 columns-1 fusion-clearfix\"><div class=\"panel-wrapper fusion-column column col-lg-12 col-md-12 col-sm-12 fusion-pricingtable-column\"><div class=\"panel-container\"><div class=\"fusion-panel\"><div class=\"panel-heading\"><h3 class=\"title-row\">MANTENIMIENTO E INSTALACIONES<\/h3><\/div><div class=\"panel-body pricing-row\"><\/div><ul class=\"list-group\"><li class=\"list-group-item normal-row\">Normativo, preventivo, conductivo, correctivo y predictivo<\/li><li class=\"list-group-item normal-row\">Redise\u00f1o, c\u00e1lculo y delineaci\u00f3n de proyectos de instalaciones integrales<\/li><li class=\"list-group-item normal-row\">Electricidad AT\/BT, instalaciones de gas, climatizaci\u00f3n, ACS, iluminaci\u00f3n, grupos electr\u00f3genos, SAIs, voz y datos<\/li><li class=\"list-group-item normal-row\">Aparatos elevadores, l\u00edneas de vida, control de accesos, paneles solares, prevenci\u00f3n y control de la legionelosis<\/li><li class=\"list-group-item normal-row\">Instalaciones mec\u00e1nicas<\/li><li class=\"list-group-item normal-row\">Salas blancas \/ quir\u00f3fanos \/ CPDs<\/li><li class=\"list-group-item normal-row\">Planificaci\u00f3n agregada de la producci\u00f3n<\/li><li class=\"list-group-item normal-row\">Legalizaciones<\/li><li class=\"list-group-item normal-row\">Emergencias: Call Center 24h \/ 365d<\/li><\/ul><\/div><\/div><\/div><\/div><div class=\"fusion-clearfix\"><\/div><\/div><\/div><div class=\"fusion-layout-column fusion_builder_column fusion-builder-column-5 fusion_builder_column_1_2 1_2 fusion-one-half fusion-column-last fusion-column-inner-bg-wrapper\" style=\"--awb-inner-bg-size:cover;--awb-filter:saturate(100%) opacity(100%);--awb-filter-transition:filter 0.3s ease;--awb-filter-hover:saturate(10%) opacity(60%);width:48%;\"><span class=\"fusion-column-inner-bg hover-type-zoomin\"><a class=\"fusion-column-anchor\" href=\"https:\/\/ndavant.cat\/es\/servicios-energeticos\/\"><span class=\"fusion-column-inner-bg-image\"><\/span><\/a><\/span><div class=\"fusion-column-wrapper fusion-column-has-shadow fusion-flex-column-wrapper-legacy\"><style type='text\/css'>\n\t\t\t\t.pricing-table-2.fusion-pricing-table .panel-container, .pricing-table-2.fusion-pricing-table .standout .panel-container,\n\t\t\t\t.pricing-table-2.full-boxed-pricing.fusion-pricing-table {background-color:#f8f8f8;}\n\t\t\t\t.pricing-table-2.fusion-pricing-table .list-group .list-group-item,\n\t\t\t\t.pricing-table-2.fusion-pricing-table .list-group .list-group-item:last-child{background-color:#00689c; border-color:#ffffff;}\n\t\t\t\t.pricing-table-2.full-boxed-pricing.fusion-pricing-table .panel-wrapper:hover .panel-heading,\n\t\t\t\t.pricing-table-2.fusion-pricing-table .panel-wrapper:hover .list-group-item {background-color:#00689c;}\n\t\t\t\t.pricing-table-2.full-boxed-pricing.fusion-pricing-table .panel-heading{background-color:#00689c;}\n\t\t\t\t.pricing-table-2.fusion-pricing-table .fusion-panel, .pricing-table-2 .panel-wrapper:last-child .fusion-panel,\n\t\t\t\t.pricing-table-2.fusion-pricing-table .standout .fusion-panel, .pricing-table-2.fusion-pricing-table  .panel-heading,\n\t\t\t\t.pricing-table-2.fusion-pricing-table .panel-body, .pricing-table-2.fusion-pricing-table .panel-footer{border-color:#ffffff;}\n\t\t\t\t.pricing-table-2.fusion-pricing-table .panel-body, .pricing-table-2.fusion-pricing-table .panel-footer{background-color:#f8f8f8;}\n\t\t\t\t.pricing-table-2.sep-boxed-pricing.fusion-pricing-table .panel-heading h3{color:#ffffff;}\n\t\t\t\t.pricing-table-2.full-boxed-pricing.fusion-pricing-table .panel-heading h3{color:#242930;}\n\t\t\t\t.pricing-table-2.fusion-pricing-table .panel-body .price .decimal-part{color:#cccccc;}\n\t\t\t\t.pricing-table-2.fusion-pricing-table .panel-body .price .integer-part{color:#cccccc;}\n\t\t\t\t.pricing-table-2.fusion-pricing-table ul.list-group li{color:#cccccc;}\n\t\t\t\t<\/style><div class=\"fusion-pricing-table pricing-table-2 sep-boxed-pricing row fusion-columns-1 columns-1 fusion-clearfix\"><div class=\"panel-wrapper fusion-column column col-lg-12 col-md-12 col-sm-12 fusion-pricingtable-column\"><div class=\"panel-container\"><div class=\"fusion-panel\"><div class=\"panel-heading\"><h3 class=\"title-row\">SERVICIOS ENERG\u00c9TICOS<\/h3><\/div><div class=\"panel-body pricing-row\"><\/div><ul class=\"list-group\"><li class=\"list-group-item normal-row\">Monitorizaci\u00f3n de consumos energ\u00e9ticos<\/li><li class=\"list-group-item normal-row\">Telegesti\u00f3n: regulaci\u00f3n y control<\/li><li class=\"list-group-item normal-row\">Auditor\u00edas energ\u00e9ticas de edificios<\/li><li class=\"list-group-item normal-row\">Estudios, elaboraci\u00f3n y direcci\u00f3n de proyectos de eficiencia energ\u00e9tica<\/li><li class=\"list-group-item normal-row\">Implementaci\u00f3n de medidas de ahorro energ\u00e9tico<\/li><li class=\"list-group-item normal-row\"><strong>Proyectos ESE<\/strong><\/li><li class=\"list-group-item normal-row\">Estudios de viabilidad y de financiaci\u00f3n<\/li><li class=\"list-group-item normal-row\">Ejecuci\u00f3n de proyectos de mejora energ\u00e9tica<\/li><li class=\"list-group-item normal-row\"> Mantenimiento de instalaciones<\/li><li class=\"list-group-item normal-row\">Gesti\u00f3n energ\u00e9tica<\/li><\/ul><\/div><\/div><\/div><\/div><div class=\"fusion-clearfix\"><\/div><\/div><\/div><\/div><\/div><div class=\"fusion-bg-parallax\" data-bg-align=\"left top\" data-direction=\"up\" data-mute=\"false\" data-opacity=\"100\" data-velocity=\"-0.3\" data-mobile-enabled=\"false\" data-break_parents=\"0\" data-bg-image=\"https:\/\/ndavant.cat\/wp-content\/uploads\/2017\/03\/331.jpg\" data-bg-repeat=\"false\" ><\/div><div class=\"fusion-fullwidth fullwidth-box fusion-builder-row-4 fusion-parallax-up nonhundred-percent-fullwidth non-hundred-percent-height-scrolling\" style=\"--awb-background-position:left top;--awb-border-radius-top-left:0px;--awb-border-radius-top-right:0px;--awb-border-radius-bottom-right:0px;--awb-border-radius-bottom-left:0px;--awb-padding-top:80px;--awb-padding-bottom:80px;--awb-background-image:url(&quot;https:\/\/ndavant.cat\/wp-content\/uploads\/2017\/03\/331.jpg&quot;);--awb-background-size:cover;--awb-border-sizes-top:0px;--awb-border-sizes-bottom:0px;--awb-flex-wrap:wrap;\" ><div class=\"fusion-builder-row fusion-row\"><div class=\"fusion-layout-column fusion_builder_column fusion-builder-column-6 fusion_builder_column_1_1 1_1 fusion-one-full fusion-column-first fusion-column-last fusion-column-no-min-height\" style=\"--awb-bg-size:cover;--awb-margin-bottom:0px;\"><div class=\"fusion-column-wrapper fusion-flex-column-wrapper-legacy\"><div class=\"fusion-text fusion-text-5\"><h3><span style=\"color: #ffffff;\">\u201cNDAVANT con la ingenier\u00eda de mantenimiento para alargar la vida de los activos\u201d <\/span><\/h3>\n<\/div><div class=\"fusion-clearfix\"><\/div><\/div><\/div><\/div><\/div><\/p>\n","protected":false},"excerpt":{"rendered":"","protected":false},"author":1,"featured_media":0,"parent":0,"menu_order":0,"comment_status":"closed","ping_status":"open","template":"100-width.php","meta":{"_bbp_topic_count":0,"_bbp_reply_count":0,"_bbp_total_topic_count":0,"_bbp_total_reply_count":0,"_bbp_voice_count":0,"_bbp_anonymous_reply_count":0,"_bbp_topic_count_hidden":0,"_bbp_reply_count_hidden":0,"_bbp_forum_subforum_count":0,"footnotes":""},"class_list":["post-3162","page","type-page","status-publish","hentry"],"yoast_head":"<!-- This site is optimized with the Yoast SEO plugin v27.6 - https:\/\/yoast.com\/product\/yoast-seo-wordpress\/ -->\n<title>Mantenimiento y servicios energ\u00e9ticos - NDAVANT | Serveis de neteja, manteniment i FM\/FS<\/title>\n<meta name=\"robots\" content=\"index, follow, max-snippet:-1, max-image-preview:large, max-video-preview:-1\" \/>\n<link rel=\"canonical\" href=\"https:\/\/ndavant.cat\/es\/mantenimiento-servicios-energeticos\/\" \/>\n<meta property=\"og:locale\" content=\"es_ES\" \/>\n<meta property=\"og:type\" content=\"article\" \/>\n<meta property=\"og:title\" content=\"Mantenimiento y servicios energ\u00e9ticos - NDAVANT | Serveis de neteja, manteniment i FM\/FS\" \/>\n<meta property=\"og:url\" content=\"https:\/\/ndavant.cat\/es\/mantenimiento-servicios-energeticos\/\" \/>\n<meta property=\"og:site_name\" content=\"NDAVANT | Serveis de neteja, manteniment i FM\/FS\" \/>\n<meta property=\"article:modified_time\" content=\"2021-07-28T19:12:28+00:00\" \/>\n<meta name=\"twitter:card\" content=\"summary_large_image\" \/>\n<meta name=\"twitter:site\" content=\"@ndavant\" \/>\n<meta name=\"twitter:label1\" content=\"Tiempo de lectura\" \/>\n\t<meta name=\"twitter:data1\" content=\"13 minutos\" \/>\n<script type=\"application\/ld+json\" class=\"yoast-schema-graph\">{\"@context\":\"https:\\\/\\\/schema.org\",\"@graph\":[{\"@type\":\"WebPage\",\"@id\":\"https:\\\/\\\/ndavant.cat\\\/es\\\/mantenimiento-servicios-energeticos\\\/\",\"url\":\"https:\\\/\\\/ndavant.cat\\\/es\\\/mantenimiento-servicios-energeticos\\\/\",\"name\":\"Mantenimiento y servicios energ\u00e9ticos - NDAVANT | Serveis de neteja, manteniment i FM\\\/FS\",\"isPartOf\":{\"@id\":\"https:\\\/\\\/ndavant.cat\\\/es\\\/#website\"},\"datePublished\":\"2020-10-11T15:11:51+00:00\",\"dateModified\":\"2021-07-28T19:12:28+00:00\",\"breadcrumb\":{\"@id\":\"https:\\\/\\\/ndavant.cat\\\/es\\\/mantenimiento-servicios-energeticos\\\/#breadcrumb\"},\"inLanguage\":\"es\",\"potentialAction\":[{\"@type\":\"ReadAction\",\"target\":[\"https:\\\/\\\/ndavant.cat\\\/es\\\/mantenimiento-servicios-energeticos\\\/\"]}]},{\"@type\":\"BreadcrumbList\",\"@id\":\"https:\\\/\\\/ndavant.cat\\\/es\\\/mantenimiento-servicios-energeticos\\\/#breadcrumb\",\"itemListElement\":[{\"@type\":\"ListItem\",\"position\":1,\"name\":\"Inici\",\"item\":\"https:\\\/\\\/ndavant.cat\\\/es\\\/\"},{\"@type\":\"ListItem\",\"position\":2,\"name\":\"Mantenimiento y servicios energ\u00e9ticos\"}]},{\"@type\":\"WebSite\",\"@id\":\"https:\\\/\\\/ndavant.cat\\\/es\\\/#website\",\"url\":\"https:\\\/\\\/ndavant.cat\\\/es\\\/\",\"name\":\"NDAVANT | Serveis de neteja, manteniment i FM\\\/FS\",\"description\":\"Empresa de serveis de neteja, manteniment i facility services \\\/ facility management\",\"publisher\":{\"@id\":\"https:\\\/\\\/ndavant.cat\\\/es\\\/#organization\"},\"potentialAction\":[{\"@type\":\"SearchAction\",\"target\":{\"@type\":\"EntryPoint\",\"urlTemplate\":\"https:\\\/\\\/ndavant.cat\\\/es\\\/?s={search_term_string}\"},\"query-input\":{\"@type\":\"PropertyValueSpecification\",\"valueRequired\":true,\"valueName\":\"search_term_string\"}}],\"inLanguage\":\"es\"},{\"@type\":\"Organization\",\"@id\":\"https:\\\/\\\/ndavant.cat\\\/es\\\/#organization\",\"name\":\"Ndavant\",\"url\":\"https:\\\/\\\/ndavant.cat\\\/es\\\/\",\"logo\":{\"@type\":\"ImageObject\",\"inLanguage\":\"es\",\"@id\":\"https:\\\/\\\/ndavant.cat\\\/es\\\/#\\\/schema\\\/logo\\\/image\\\/\",\"url\":\"https:\\\/\\\/ndavant.cat\\\/wp-content\\\/uploads\\\/2020\\\/05\\\/Logo-oficial-Ndavant.jpg\",\"contentUrl\":\"https:\\\/\\\/ndavant.cat\\\/wp-content\\\/uploads\\\/2020\\\/05\\\/Logo-oficial-Ndavant.jpg\",\"width\":451,\"height\":451,\"caption\":\"Ndavant\"},\"image\":{\"@id\":\"https:\\\/\\\/ndavant.cat\\\/es\\\/#\\\/schema\\\/logo\\\/image\\\/\"},\"sameAs\":[\"https:\\\/\\\/x.com\\\/ndavant\",\"https:\\\/\\\/www.linkedin.com\\\/company\\\/10988666\\\/\"]}]}<\/script>\n<!-- \/ Yoast SEO plugin. -->","yoast_head_json":{"title":"Mantenimiento y servicios energ\u00e9ticos - NDAVANT | Serveis de neteja, manteniment i FM\/FS","robots":{"index":"index","follow":"follow","max-snippet":"max-snippet:-1","max-image-preview":"max-image-preview:large","max-video-preview":"max-video-preview:-1"},"canonical":"https:\/\/ndavant.cat\/es\/mantenimiento-servicios-energeticos\/","og_locale":"es_ES","og_type":"article","og_title":"Mantenimiento y servicios energ\u00e9ticos - NDAVANT | Serveis de neteja, manteniment i FM\/FS","og_url":"https:\/\/ndavant.cat\/es\/mantenimiento-servicios-energeticos\/","og_site_name":"NDAVANT | Serveis de neteja, manteniment i FM\/FS","article_modified_time":"2021-07-28T19:12:28+00:00","twitter_card":"summary_large_image","twitter_site":"@ndavant","twitter_misc":{"Tiempo de lectura":"13 minutos"},"schema":{"@context":"https:\/\/schema.org","@graph":[{"@type":"WebPage","@id":"https:\/\/ndavant.cat\/es\/mantenimiento-servicios-energeticos\/","url":"https:\/\/ndavant.cat\/es\/mantenimiento-servicios-energeticos\/","name":"Mantenimiento y servicios energ\u00e9ticos - NDAVANT | Serveis de neteja, manteniment i FM\/FS","isPartOf":{"@id":"https:\/\/ndavant.cat\/es\/#website"},"datePublished":"2020-10-11T15:11:51+00:00","dateModified":"2021-07-28T19:12:28+00:00","breadcrumb":{"@id":"https:\/\/ndavant.cat\/es\/mantenimiento-servicios-energeticos\/#breadcrumb"},"inLanguage":"es","potentialAction":[{"@type":"ReadAction","target":["https:\/\/ndavant.cat\/es\/mantenimiento-servicios-energeticos\/"]}]},{"@type":"BreadcrumbList","@id":"https:\/\/ndavant.cat\/es\/mantenimiento-servicios-energeticos\/#breadcrumb","itemListElement":[{"@type":"ListItem","position":1,"name":"Inici","item":"https:\/\/ndavant.cat\/es\/"},{"@type":"ListItem","position":2,"name":"Mantenimiento y servicios energ\u00e9ticos"}]},{"@type":"WebSite","@id":"https:\/\/ndavant.cat\/es\/#website","url":"https:\/\/ndavant.cat\/es\/","name":"NDAVANT | Serveis de neteja, manteniment i FM\/FS","description":"Empresa de serveis de neteja, manteniment i facility services \/ facility management","publisher":{"@id":"https:\/\/ndavant.cat\/es\/#organization"},"potentialAction":[{"@type":"SearchAction","target":{"@type":"EntryPoint","urlTemplate":"https:\/\/ndavant.cat\/es\/?s={search_term_string}"},"query-input":{"@type":"PropertyValueSpecification","valueRequired":true,"valueName":"search_term_string"}}],"inLanguage":"es"},{"@type":"Organization","@id":"https:\/\/ndavant.cat\/es\/#organization","name":"Ndavant","url":"https:\/\/ndavant.cat\/es\/","logo":{"@type":"ImageObject","inLanguage":"es","@id":"https:\/\/ndavant.cat\/es\/#\/schema\/logo\/image\/","url":"https:\/\/ndavant.cat\/wp-content\/uploads\/2020\/05\/Logo-oficial-Ndavant.jpg","contentUrl":"https:\/\/ndavant.cat\/wp-content\/uploads\/2020\/05\/Logo-oficial-Ndavant.jpg","width":451,"height":451,"caption":"Ndavant"},"image":{"@id":"https:\/\/ndavant.cat\/es\/#\/schema\/logo\/image\/"},"sameAs":["https:\/\/x.com\/ndavant","https:\/\/www.linkedin.com\/company\/10988666\/"]}]}},"_links":{"self":[{"href":"https:\/\/ndavant.cat\/es\/wp-json\/wp\/v2\/pages\/3162","targetHints":{"allow":["GET"]}}],"collection":[{"href":"https:\/\/ndavant.cat\/es\/wp-json\/wp\/v2\/pages"}],"about":[{"href":"https:\/\/ndavant.cat\/es\/wp-json\/wp\/v2\/types\/page"}],"author":[{"embeddable":true,"href":"https:\/\/ndavant.cat\/es\/wp-json\/wp\/v2\/users\/1"}],"replies":[{"embeddable":true,"href":"https:\/\/ndavant.cat\/es\/wp-json\/wp\/v2\/comments?post=3162"}],"version-history":[{"count":11,"href":"https:\/\/ndavant.cat\/es\/wp-json\/wp\/v2\/pages\/3162\/revisions"}],"predecessor-version":[{"id":4564,"href":"https:\/\/ndavant.cat\/es\/wp-json\/wp\/v2\/pages\/3162\/revisions\/4564"}],"wp:attachment":[{"href":"https:\/\/ndavant.cat\/es\/wp-json\/wp\/v2\/media?parent=3162"}],"curies":[{"name":"wp","href":"https:\/\/api.w.org\/{rel}","templated":true}]}}