{"id":3222,"date":"2020-10-11T15:48:52","date_gmt":"2020-10-11T15:48:52","guid":{"rendered":"https:\/\/ndavant.cat\/politica-de-igualdad\/"},"modified":"2023-10-10T19:01:29","modified_gmt":"2023-10-10T17:01:29","slug":"politica-igualdad","status":"publish","type":"page","link":"https:\/\/ndavant.cat\/es\/politica-igualdad\/","title":{"rendered":"Pol\u00edtica de Igualdad"},"content":{"rendered":"<div class=\"fusion-fullwidth fullwidth-box fusion-builder-row-1 nonhundred-percent-fullwidth non-hundred-percent-height-scrolling\" style=\"--awb-background-position:left top;--awb-border-sizes-top:0px;--awb-border-sizes-bottom:0px;--awb-border-sizes-left:0px;--awb-border-sizes-right:0px;--awb-border-radius-top-left:0px;--awb-border-radius-top-right:0px;--awb-border-radius-bottom-right:0px;--awb-border-radius-bottom-left:0px;--awb-padding-top:100px;--awb-padding-bottom:100px;--awb-flex-wrap:wrap;\" ><div class=\"fusion-builder-row fusion-row\"><div class=\"fusion-layout-column fusion_builder_column fusion-builder-column-0 fusion_builder_column_1_2 1_2 fusion-one-half fusion-column-first\" style=\"--awb-bg-size:cover;width:48%; margin-right: 4%;\"><div class=\"fusion-column-wrapper fusion-flex-column-wrapper-legacy\"><div class=\"fusion-text fusion-text-1\"><h3><span style=\"color: #00689c;\">La igualdad de oportunidades es parte integrante de nuestra identidad.<\/span><\/h3>\n<\/div><div class=\"fusion-sep-clear\"><\/div><div class=\"fusion-separator fusion-clearfix\" style=\"float:left;margin-top:35px;margin-bottom:50px;width:100%;max-width:170px;\"><div class=\"fusion-separator-border sep-single sep-solid\" style=\"--awb-height:20px;--awb-amount:20px;--awb-sep-color:#e2e3e8;border-color:#e2e3e8;border-top-width:3px;\"><\/div><\/div><div class=\"fusion-sep-clear\"><\/div><div class=\"fusion-text fusion-text-2\"><p>En NDAVANT hemos desarrollado un <strong>Plan de Igualdad<\/strong>, pensando en un conjunto ordenado de objetivos, estrategias y acciones, lideradas por personal t\u00e9cnico experto en el \u00e1rea de Igualdad, que, a partir de un diagn\u00f3stico de situaci\u00f3n, recogen nuestro compromiso para alcanzar la igualdad de trato y de oportunidades entre las mujeres y hombres de la organizaci\u00f3n y haciendo part\u00edcipes a los agentes sociales del sector.<\/p>\n<p>NDAVANT ofrece oportunidades de desarrollo profesional y de promoci\u00f3n, con independencia de las condiciones, circunstancias personales y\/o g\u00e9nero. Procuramos la mejora de las condiciones de trabajo mediante medidas de conciliaci\u00f3n de la vida personal y familiar, favoreciendo una cultura corporativa orientada a la igualdad y la prevenci\u00f3n de cualquier conducta discriminatoria, en la que aplicamos tolerancia cero.<\/p>\n<\/div><div class=\"fusion-sep-clear\"><\/div><div class=\"fusion-separator fusion-clearfix\" style=\"float:left;margin-top:35px;margin-bottom:50px;width:100%;max-width:170px;\"><div class=\"fusion-separator-border sep-single sep-solid\" style=\"--awb-height:20px;--awb-amount:20px;--awb-sep-color:#e2e3e8;border-color:#e2e3e8;border-top-width:3px;\"><\/div><\/div><div class=\"fusion-sep-clear\"><\/div><div class=\"fusion-text fusion-text-3\"><h3><span style=\"color: #00689c;\">EXISTENCIA DE PROTOCOLOS<\/span><\/h3>\n<\/div><div class=\"fusion-text fusion-text-4\"><p>Disponemos de un\u00a0<strong>protocolo de actuaci\u00f3n en casos de acoso laboral<\/strong>\u00a0y de un\u00a0protocolo de actuaci\u00f3n en casos de\u00a0<strong>acoso sexual y por raz\u00f3n de g\u00e9nero<\/strong>.<\/p>\n<p>Si son de vuestro inter\u00e9s o bien ten\u00e9is que notificar una incidencia al departamento de igualdad, pod\u00e9is hacerlo a trav\u00e9s de:\u00a0<a href=\"mailto:canalprotocol@ndavant.cat\">canalprotocol@ndavant.cat<\/a>\u00a0, o tambi\u00e9n puedes acceder v\u00eda software de gesti\u00f3n de incidencias:\u00a0<strong>EthicsPoint -Plataforma Navex-,\u00a0<\/strong>a trav\u00e9s del siguiente c\u00f3digo QR.<\/p>\n<p><img decoding=\"async\" class=\"size-full wp-image-5371 aligncenter\" src=\"https:\/\/ndavant.cat\/wp-content\/uploads\/2023\/09\/Codi-QR-per-protocols-igualtat.jpg\" alt=\"Codi-QR-per-protocols-igualtat\" width=\"80\" height=\"89\" \/><\/p>\n<\/div><div class=\"fusion-clearfix\"><\/div><\/div><\/div><div class=\"fusion-layout-column fusion_builder_column fusion-builder-column-1 fusion_builder_column_1_2 1_2 fusion-one-half fusion-column-last\" style=\"--awb-bg-size:cover;width:48%;\"><div class=\"fusion-column-wrapper fusion-flex-column-wrapper-legacy\"><div class=\"fusion-image-element in-legacy-container\" style=\"--awb-caption-title-font-family:var(--h2_typography-font-family);--awb-caption-title-font-weight:var(--h2_typography-font-weight);--awb-caption-title-font-style:var(--h2_typography-font-style);--awb-caption-title-size:var(--h2_typography-font-size);--awb-caption-title-transform:var(--h2_typography-text-transform);--awb-caption-title-line-height:var(--h2_typography-line-height);--awb-caption-title-letter-spacing:var(--h2_typography-letter-spacing);\"><span class=\" fusion-imageframe imageframe-none imageframe-1 hover-type-none\" style=\"border-radius:25px;\"><img decoding=\"async\" width=\"682\" height=\"1024\" title=\"Poli\u0301tica d&#8217;igualtat d&#8217;oportunitats laborals als serveis de neteja\" src=\"https:\/\/ndavant.cat\/wp-content\/uploads\/2023\/06\/Politica-digualtat-doportunitats-laborals-als-serveis-de-neteja.jpg\" alt class=\"img-responsive wp-image-5205\" srcset=\"https:\/\/ndavant.cat\/wp-content\/uploads\/2023\/06\/Politica-digualtat-doportunitats-laborals-als-serveis-de-neteja-200x300.jpg 200w, https:\/\/ndavant.cat\/wp-content\/uploads\/2023\/06\/Politica-digualtat-doportunitats-laborals-als-serveis-de-neteja-400x601.jpg 400w, https:\/\/ndavant.cat\/wp-content\/uploads\/2023\/06\/Politica-digualtat-doportunitats-laborals-als-serveis-de-neteja-600x901.jpg 600w, https:\/\/ndavant.cat\/wp-content\/uploads\/2023\/06\/Politica-digualtat-doportunitats-laborals-als-serveis-de-neteja.jpg 682w\" sizes=\"(max-width: 800px) 100vw, 600px\" \/><\/span><\/div><div class=\"fusion-clearfix\"><\/div><\/div><\/div><\/div><\/div>\n","protected":false},"excerpt":{"rendered":"","protected":false},"author":1,"featured_media":0,"parent":0,"menu_order":0,"comment_status":"closed","ping_status":"open","template":"100-width.php","meta":{"_bbp_topic_count":0,"_bbp_reply_count":0,"_bbp_total_topic_count":0,"_bbp_total_reply_count":0,"_bbp_voice_count":0,"_bbp_anonymous_reply_count":0,"_bbp_topic_count_hidden":0,"_bbp_reply_count_hidden":0,"_bbp_forum_subforum_count":0,"footnotes":""},"class_list":["post-3222","page","type-page","status-publish","hentry"],"yoast_head":"<!-- This site is optimized with the Yoast SEO plugin v27.4 - https:\/\/yoast.com\/product\/yoast-seo-wordpress\/ -->\n<title>Pol\u00edtica de Igualdad - NDAVANT | Serveis de neteja, manteniment i FM\/FS<\/title>\n<meta name=\"robots\" content=\"index, follow, max-snippet:-1, max-image-preview:large, max-video-preview:-1\" \/>\n<link rel=\"canonical\" href=\"https:\/\/ndavant.cat\/es\/politica-igualdad\/\" \/>\n<meta property=\"og:locale\" content=\"es_ES\" \/>\n<meta property=\"og:type\" content=\"article\" \/>\n<meta property=\"og:title\" content=\"Pol\u00edtica de Igualdad - NDAVANT | Serveis de neteja, manteniment i FM\/FS\" \/>\n<meta property=\"og:url\" content=\"https:\/\/ndavant.cat\/es\/politica-igualdad\/\" \/>\n<meta property=\"og:site_name\" content=\"NDAVANT | Serveis de neteja, manteniment i FM\/FS\" \/>\n<meta property=\"article:modified_time\" content=\"2023-10-10T17:01:29+00:00\" \/>\n<meta property=\"og:image\" content=\"https:\/\/ndavant.cat\/wp-content\/uploads\/2023\/09\/Codi-QR-per-protocols-igualtat.jpg\" \/>\n<meta name=\"twitter:card\" content=\"summary_large_image\" \/>\n<meta name=\"twitter:site\" content=\"@ndavant\" \/>\n<meta name=\"twitter:label1\" content=\"Tiempo de lectura\" \/>\n\t<meta name=\"twitter:data1\" content=\"4 minutos\" \/>\n<script type=\"application\/ld+json\" class=\"yoast-schema-graph\">{\"@context\":\"https:\\\/\\\/schema.org\",\"@graph\":[{\"@type\":\"WebPage\",\"@id\":\"https:\\\/\\\/ndavant.cat\\\/es\\\/politica-igualdad\\\/\",\"url\":\"https:\\\/\\\/ndavant.cat\\\/es\\\/politica-igualdad\\\/\",\"name\":\"Pol\u00edtica de Igualdad - NDAVANT | Serveis de neteja, manteniment i FM\\\/FS\",\"isPartOf\":{\"@id\":\"https:\\\/\\\/ndavant.cat\\\/es\\\/#website\"},\"primaryImageOfPage\":{\"@id\":\"https:\\\/\\\/ndavant.cat\\\/es\\\/politica-igualdad\\\/#primaryimage\"},\"image\":{\"@id\":\"https:\\\/\\\/ndavant.cat\\\/es\\\/politica-igualdad\\\/#primaryimage\"},\"thumbnailUrl\":\"https:\\\/\\\/ndavant.cat\\\/wp-content\\\/uploads\\\/2023\\\/09\\\/Codi-QR-per-protocols-igualtat.jpg\",\"datePublished\":\"2020-10-11T15:48:52+00:00\",\"dateModified\":\"2023-10-10T17:01:29+00:00\",\"breadcrumb\":{\"@id\":\"https:\\\/\\\/ndavant.cat\\\/es\\\/politica-igualdad\\\/#breadcrumb\"},\"inLanguage\":\"es\",\"potentialAction\":[{\"@type\":\"ReadAction\",\"target\":[\"https:\\\/\\\/ndavant.cat\\\/es\\\/politica-igualdad\\\/\"]}]},{\"@type\":\"ImageObject\",\"inLanguage\":\"es\",\"@id\":\"https:\\\/\\\/ndavant.cat\\\/es\\\/politica-igualdad\\\/#primaryimage\",\"url\":\"https:\\\/\\\/ndavant.cat\\\/wp-content\\\/uploads\\\/2023\\\/09\\\/Codi-QR-per-protocols-igualtat.jpg\",\"contentUrl\":\"https:\\\/\\\/ndavant.cat\\\/wp-content\\\/uploads\\\/2023\\\/09\\\/Codi-QR-per-protocols-igualtat.jpg\"},{\"@type\":\"BreadcrumbList\",\"@id\":\"https:\\\/\\\/ndavant.cat\\\/es\\\/politica-igualdad\\\/#breadcrumb\",\"itemListElement\":[{\"@type\":\"ListItem\",\"position\":1,\"name\":\"Inici\",\"item\":\"https:\\\/\\\/ndavant.cat\\\/es\\\/\"},{\"@type\":\"ListItem\",\"position\":2,\"name\":\"Pol\u00edtica de Igualdad\"}]},{\"@type\":\"WebSite\",\"@id\":\"https:\\\/\\\/ndavant.cat\\\/es\\\/#website\",\"url\":\"https:\\\/\\\/ndavant.cat\\\/es\\\/\",\"name\":\"NDAVANT | Serveis de neteja, manteniment i FM\\\/FS\",\"description\":\"Empresa de serveis de neteja, manteniment i facility services \\\/ facility management\",\"publisher\":{\"@id\":\"https:\\\/\\\/ndavant.cat\\\/es\\\/#organization\"},\"potentialAction\":[{\"@type\":\"SearchAction\",\"target\":{\"@type\":\"EntryPoint\",\"urlTemplate\":\"https:\\\/\\\/ndavant.cat\\\/es\\\/?s={search_term_string}\"},\"query-input\":{\"@type\":\"PropertyValueSpecification\",\"valueRequired\":true,\"valueName\":\"search_term_string\"}}],\"inLanguage\":\"es\"},{\"@type\":\"Organization\",\"@id\":\"https:\\\/\\\/ndavant.cat\\\/es\\\/#organization\",\"name\":\"Ndavant\",\"url\":\"https:\\\/\\\/ndavant.cat\\\/es\\\/\",\"logo\":{\"@type\":\"ImageObject\",\"inLanguage\":\"es\",\"@id\":\"https:\\\/\\\/ndavant.cat\\\/es\\\/#\\\/schema\\\/logo\\\/image\\\/\",\"url\":\"https:\\\/\\\/ndavant.cat\\\/wp-content\\\/uploads\\\/2020\\\/05\\\/Logo-oficial-Ndavant.jpg\",\"contentUrl\":\"https:\\\/\\\/ndavant.cat\\\/wp-content\\\/uploads\\\/2020\\\/05\\\/Logo-oficial-Ndavant.jpg\",\"width\":451,\"height\":451,\"caption\":\"Ndavant\"},\"image\":{\"@id\":\"https:\\\/\\\/ndavant.cat\\\/es\\\/#\\\/schema\\\/logo\\\/image\\\/\"},\"sameAs\":[\"https:\\\/\\\/x.com\\\/ndavant\",\"https:\\\/\\\/www.linkedin.com\\\/company\\\/10988666\\\/\"]}]}<\/script>\n<!-- \/ Yoast SEO plugin. -->","yoast_head_json":{"title":"Pol\u00edtica de Igualdad - NDAVANT | Serveis de neteja, manteniment i FM\/FS","robots":{"index":"index","follow":"follow","max-snippet":"max-snippet:-1","max-image-preview":"max-image-preview:large","max-video-preview":"max-video-preview:-1"},"canonical":"https:\/\/ndavant.cat\/es\/politica-igualdad\/","og_locale":"es_ES","og_type":"article","og_title":"Pol\u00edtica de Igualdad - NDAVANT | Serveis de neteja, manteniment i FM\/FS","og_url":"https:\/\/ndavant.cat\/es\/politica-igualdad\/","og_site_name":"NDAVANT | Serveis de neteja, manteniment i FM\/FS","article_modified_time":"2023-10-10T17:01:29+00:00","og_image":[{"url":"https:\/\/ndavant.cat\/wp-content\/uploads\/2023\/09\/Codi-QR-per-protocols-igualtat.jpg","type":"","width":"","height":""}],"twitter_card":"summary_large_image","twitter_site":"@ndavant","twitter_misc":{"Tiempo de lectura":"4 minutos"},"schema":{"@context":"https:\/\/schema.org","@graph":[{"@type":"WebPage","@id":"https:\/\/ndavant.cat\/es\/politica-igualdad\/","url":"https:\/\/ndavant.cat\/es\/politica-igualdad\/","name":"Pol\u00edtica de Igualdad - NDAVANT | Serveis de neteja, manteniment i FM\/FS","isPartOf":{"@id":"https:\/\/ndavant.cat\/es\/#website"},"primaryImageOfPage":{"@id":"https:\/\/ndavant.cat\/es\/politica-igualdad\/#primaryimage"},"image":{"@id":"https:\/\/ndavant.cat\/es\/politica-igualdad\/#primaryimage"},"thumbnailUrl":"https:\/\/ndavant.cat\/wp-content\/uploads\/2023\/09\/Codi-QR-per-protocols-igualtat.jpg","datePublished":"2020-10-11T15:48:52+00:00","dateModified":"2023-10-10T17:01:29+00:00","breadcrumb":{"@id":"https:\/\/ndavant.cat\/es\/politica-igualdad\/#breadcrumb"},"inLanguage":"es","potentialAction":[{"@type":"ReadAction","target":["https:\/\/ndavant.cat\/es\/politica-igualdad\/"]}]},{"@type":"ImageObject","inLanguage":"es","@id":"https:\/\/ndavant.cat\/es\/politica-igualdad\/#primaryimage","url":"https:\/\/ndavant.cat\/wp-content\/uploads\/2023\/09\/Codi-QR-per-protocols-igualtat.jpg","contentUrl":"https:\/\/ndavant.cat\/wp-content\/uploads\/2023\/09\/Codi-QR-per-protocols-igualtat.jpg"},{"@type":"BreadcrumbList","@id":"https:\/\/ndavant.cat\/es\/politica-igualdad\/#breadcrumb","itemListElement":[{"@type":"ListItem","position":1,"name":"Inici","item":"https:\/\/ndavant.cat\/es\/"},{"@type":"ListItem","position":2,"name":"Pol\u00edtica de Igualdad"}]},{"@type":"WebSite","@id":"https:\/\/ndavant.cat\/es\/#website","url":"https:\/\/ndavant.cat\/es\/","name":"NDAVANT | Serveis de neteja, manteniment i FM\/FS","description":"Empresa de serveis de neteja, manteniment i facility services \/ facility management","publisher":{"@id":"https:\/\/ndavant.cat\/es\/#organization"},"potentialAction":[{"@type":"SearchAction","target":{"@type":"EntryPoint","urlTemplate":"https:\/\/ndavant.cat\/es\/?s={search_term_string}"},"query-input":{"@type":"PropertyValueSpecification","valueRequired":true,"valueName":"search_term_string"}}],"inLanguage":"es"},{"@type":"Organization","@id":"https:\/\/ndavant.cat\/es\/#organization","name":"Ndavant","url":"https:\/\/ndavant.cat\/es\/","logo":{"@type":"ImageObject","inLanguage":"es","@id":"https:\/\/ndavant.cat\/es\/#\/schema\/logo\/image\/","url":"https:\/\/ndavant.cat\/wp-content\/uploads\/2020\/05\/Logo-oficial-Ndavant.jpg","contentUrl":"https:\/\/ndavant.cat\/wp-content\/uploads\/2020\/05\/Logo-oficial-Ndavant.jpg","width":451,"height":451,"caption":"Ndavant"},"image":{"@id":"https:\/\/ndavant.cat\/es\/#\/schema\/logo\/image\/"},"sameAs":["https:\/\/x.com\/ndavant","https:\/\/www.linkedin.com\/company\/10988666\/"]}]}},"_links":{"self":[{"href":"https:\/\/ndavant.cat\/es\/wp-json\/wp\/v2\/pages\/3222","targetHints":{"allow":["GET"]}}],"collection":[{"href":"https:\/\/ndavant.cat\/es\/wp-json\/wp\/v2\/pages"}],"about":[{"href":"https:\/\/ndavant.cat\/es\/wp-json\/wp\/v2\/types\/page"}],"author":[{"embeddable":true,"href":"https:\/\/ndavant.cat\/es\/wp-json\/wp\/v2\/users\/1"}],"replies":[{"embeddable":true,"href":"https:\/\/ndavant.cat\/es\/wp-json\/wp\/v2\/comments?post=3222"}],"version-history":[{"count":7,"href":"https:\/\/ndavant.cat\/es\/wp-json\/wp\/v2\/pages\/3222\/revisions"}],"predecessor-version":[{"id":5386,"href":"https:\/\/ndavant.cat\/es\/wp-json\/wp\/v2\/pages\/3222\/revisions\/5386"}],"wp:attachment":[{"href":"https:\/\/ndavant.cat\/es\/wp-json\/wp\/v2\/media?parent=3222"}],"curies":[{"name":"wp","href":"https:\/\/api.w.org\/{rel}","templated":true}]}}