{"id":3226,"date":"2020-10-11T15:50:01","date_gmt":"2020-10-11T15:50:01","guid":{"rendered":"https:\/\/ndavant.cat\/formacion-y-desarrollo-profesional\/"},"modified":"2023-06-20T18:21:48","modified_gmt":"2023-06-20T16:21:48","slug":"formacion-desarrollo-profesional","status":"publish","type":"page","link":"https:\/\/ndavant.cat\/es\/formacion-desarrollo-profesional\/","title":{"rendered":"Formaci\u00f3n y Desarrollo Profesional"},"content":{"rendered":"<div class=\"fusion-fullwidth fullwidth-box fusion-builder-row-1 nonhundred-percent-fullwidth non-hundred-percent-height-scrolling\" style=\"--awb-background-position:left top;--awb-border-sizes-top:0px;--awb-border-sizes-bottom:0px;--awb-border-sizes-left:0px;--awb-border-sizes-right:0px;--awb-border-radius-top-left:0px;--awb-border-radius-top-right:0px;--awb-border-radius-bottom-right:0px;--awb-border-radius-bottom-left:0px;--awb-padding-top:100px;--awb-padding-bottom:100px;--awb-flex-wrap:wrap;\" ><div class=\"fusion-builder-row fusion-row\"><div class=\"fusion-layout-column fusion_builder_column fusion-builder-column-0 fusion_builder_column_1_2 1_2 fusion-one-half fusion-column-first\" style=\"--awb-bg-size:cover;width:48%; margin-right: 4%;\"><div class=\"fusion-column-wrapper fusion-flex-column-wrapper-legacy\"><div class=\"fusion-text fusion-text-1\"><h3><span style=\"color: #00689c;\">En el acompa\u00f1amiento a las personas en su trayectoria profesional, la formaci\u00f3n juega un papel muy importante y desde NDAVANT aportamos todos los recursos y las f\u00f3rmulas para favorecerla.<\/span><\/h3>\n<\/div><div class=\"fusion-sep-clear\"><\/div><div class=\"fusion-separator fusion-clearfix\" style=\"float:left;margin-top:35px;margin-bottom:50px;width:100%;max-width:170px;\"><div class=\"fusion-separator-border sep-single sep-solid\" style=\"--awb-height:20px;--awb-amount:20px;--awb-sep-color:#e2e3e8;border-color:#e2e3e8;border-top-width:3px;\"><\/div><\/div><div class=\"fusion-sep-clear\"><\/div><div class=\"fusion-text fusion-text-2\"><p>Creemos en el crecimiento personal, la especializaci\u00f3n y la consolidaci\u00f3n de equipos de trabajo profesionalizados. Es por ello por lo que realizamos formaci\u00f3n continuada adaptada a cada l\u00ednea de negocio y en m\u00faltiples \u00e1mbitos: t\u00e9cnico, nuevas tecnolog\u00edas, prevenci\u00f3n, desarrollo de habilidades profesionales y personales, calidad, normativa interna, etc.<\/p>\n<div class=\"fusion-counters-box counters-box row fusion-clearfix fusion-columns-1\" style=\"--awb-body-color:#00689c;--awb-border-color:#00689c;--awb-color:#00689c;--awb-border-color:#00689c;\"><div class=\"fusion-counter-box fusion-column col-counter-box counter-box-wrapper col-lg-12 col-md-12 col-sm-12\" data-animationOffset=\"top-into-view\"><div class=\"counter-box-container\"><div class=\"content-box-percentage content-box-counter\"><span class=\"display-counter\" data-value=\"7.050\" data-direction=\"up\" data-decimals=\"3\">0<\/span><\/div><div class=\"counter-box-content\">horas de formaci\u00f3n en el a\u00f1o 2019<\/div><\/div><\/div><\/div><div class=\"clearfix\"><\/div>\n<p>La innovaci\u00f3n tambi\u00e9n tiene relevancia en la formaci\u00f3n y si bien siempre hemos promovido la formaci\u00f3n presencial, en los \u00faltimos a\u00f1os hemos fomentado la formaci\u00f3n online, para favorecer una mayor participaci\u00f3n, sin, en ning\u00fan caso, renunciar a las actividades formativas presenciales y pr\u00e1cticas, dirigidas por personal experto y\/o formador interno.<\/p>\n<\/div><div class=\"fusion-clearfix\"><\/div><\/div><\/div><div class=\"fusion-layout-column fusion_builder_column fusion-builder-column-1 fusion_builder_column_1_2 1_2 fusion-one-half fusion-column-last\" style=\"--awb-bg-size:cover;width:48%;\"><div class=\"fusion-column-wrapper fusion-flex-column-wrapper-legacy\"><div class=\"fusion-image-element in-legacy-container\" style=\"--awb-caption-title-font-family:var(--h2_typography-font-family);--awb-caption-title-font-weight:var(--h2_typography-font-weight);--awb-caption-title-font-style:var(--h2_typography-font-style);--awb-caption-title-size:var(--h2_typography-font-size);--awb-caption-title-transform:var(--h2_typography-text-transform);--awb-caption-title-line-height:var(--h2_typography-line-height);--awb-caption-title-letter-spacing:var(--h2_typography-letter-spacing);\"><span class=\" fusion-imageframe imageframe-none imageframe-1 hover-type-none\" style=\"border-radius:25px;\"><img decoding=\"async\" width=\"682\" height=\"1024\" alt=\"Formacio\u0301 i capacitacio\u0301 de professionals al sector de les neteges especialitzades\" title=\"Formacio\u0301 i capacitacio\u0301 de professionals al sector de les neteges especialitzades\" src=\"https:\/\/ndavant.cat\/wp-content\/uploads\/2023\/06\/Formacio-i-capacitacio-de-professionals-al-sector-de-les-neteges-especialitzades.jpg\" class=\"img-responsive wp-image-5208\" srcset=\"https:\/\/ndavant.cat\/wp-content\/uploads\/2023\/06\/Formacio-i-capacitacio-de-professionals-al-sector-de-les-neteges-especialitzades-200x300.jpg 200w, https:\/\/ndavant.cat\/wp-content\/uploads\/2023\/06\/Formacio-i-capacitacio-de-professionals-al-sector-de-les-neteges-especialitzades-400x601.jpg 400w, https:\/\/ndavant.cat\/wp-content\/uploads\/2023\/06\/Formacio-i-capacitacio-de-professionals-al-sector-de-les-neteges-especialitzades-600x901.jpg 600w, https:\/\/ndavant.cat\/wp-content\/uploads\/2023\/06\/Formacio-i-capacitacio-de-professionals-al-sector-de-les-neteges-especialitzades.jpg 682w\" sizes=\"(max-width: 800px) 100vw, 600px\" \/><\/span><\/div><div class=\"fusion-clearfix\"><\/div><\/div><\/div><\/div><\/div>\n","protected":false},"excerpt":{"rendered":"","protected":false},"author":1,"featured_media":0,"parent":0,"menu_order":0,"comment_status":"closed","ping_status":"closed","template":"100-width.php","meta":{"_bbp_topic_count":0,"_bbp_reply_count":0,"_bbp_total_topic_count":0,"_bbp_total_reply_count":0,"_bbp_voice_count":0,"_bbp_anonymous_reply_count":0,"_bbp_topic_count_hidden":0,"_bbp_reply_count_hidden":0,"_bbp_forum_subforum_count":0,"footnotes":""},"class_list":["post-3226","page","type-page","status-publish","hentry"],"yoast_head":"<!-- This site is optimized with the Yoast SEO plugin v27.3 - https:\/\/yoast.com\/product\/yoast-seo-wordpress\/ -->\n<title>Formaci\u00f3n y Desarrollo Profesional - NDAVANT | Serveis de neteja, manteniment i FM\/FS<\/title>\n<meta name=\"robots\" content=\"index, follow, max-snippet:-1, max-image-preview:large, max-video-preview:-1\" \/>\n<link rel=\"canonical\" href=\"https:\/\/ndavant.cat\/es\/formacion-desarrollo-profesional\/\" \/>\n<meta property=\"og:locale\" content=\"es_ES\" \/>\n<meta property=\"og:type\" content=\"article\" \/>\n<meta property=\"og:title\" content=\"Formaci\u00f3n y Desarrollo Profesional - NDAVANT | Serveis de neteja, manteniment i FM\/FS\" \/>\n<meta property=\"og:url\" content=\"https:\/\/ndavant.cat\/es\/formacion-desarrollo-profesional\/\" \/>\n<meta property=\"og:site_name\" content=\"NDAVANT | Serveis de neteja, manteniment i FM\/FS\" \/>\n<meta property=\"article:modified_time\" content=\"2023-06-20T16:21:48+00:00\" \/>\n<meta name=\"twitter:card\" content=\"summary_large_image\" \/>\n<meta name=\"twitter:site\" content=\"@ndavant\" \/>\n<meta name=\"twitter:label1\" content=\"Tiempo de lectura\" \/>\n\t<meta name=\"twitter:data1\" content=\"2 minutos\" \/>\n<script type=\"application\/ld+json\" class=\"yoast-schema-graph\">{\"@context\":\"https:\\\/\\\/schema.org\",\"@graph\":[{\"@type\":\"WebPage\",\"@id\":\"https:\\\/\\\/ndavant.cat\\\/es\\\/formacion-desarrollo-profesional\\\/\",\"url\":\"https:\\\/\\\/ndavant.cat\\\/es\\\/formacion-desarrollo-profesional\\\/\",\"name\":\"Formaci\u00f3n y Desarrollo Profesional - NDAVANT | Serveis de neteja, manteniment i FM\\\/FS\",\"isPartOf\":{\"@id\":\"https:\\\/\\\/ndavant.cat\\\/es\\\/#website\"},\"datePublished\":\"2020-10-11T15:50:01+00:00\",\"dateModified\":\"2023-06-20T16:21:48+00:00\",\"breadcrumb\":{\"@id\":\"https:\\\/\\\/ndavant.cat\\\/es\\\/formacion-desarrollo-profesional\\\/#breadcrumb\"},\"inLanguage\":\"es\",\"potentialAction\":[{\"@type\":\"ReadAction\",\"target\":[\"https:\\\/\\\/ndavant.cat\\\/es\\\/formacion-desarrollo-profesional\\\/\"]}]},{\"@type\":\"BreadcrumbList\",\"@id\":\"https:\\\/\\\/ndavant.cat\\\/es\\\/formacion-desarrollo-profesional\\\/#breadcrumb\",\"itemListElement\":[{\"@type\":\"ListItem\",\"position\":1,\"name\":\"Inici\",\"item\":\"https:\\\/\\\/ndavant.cat\\\/es\\\/\"},{\"@type\":\"ListItem\",\"position\":2,\"name\":\"Formaci\u00f3n y Desarrollo Profesional\"}]},{\"@type\":\"WebSite\",\"@id\":\"https:\\\/\\\/ndavant.cat\\\/es\\\/#website\",\"url\":\"https:\\\/\\\/ndavant.cat\\\/es\\\/\",\"name\":\"NDAVANT | Serveis de neteja, manteniment i FM\\\/FS\",\"description\":\"Empresa de serveis de neteja, manteniment i facility services \\\/ facility management\",\"publisher\":{\"@id\":\"https:\\\/\\\/ndavant.cat\\\/es\\\/#organization\"},\"potentialAction\":[{\"@type\":\"SearchAction\",\"target\":{\"@type\":\"EntryPoint\",\"urlTemplate\":\"https:\\\/\\\/ndavant.cat\\\/es\\\/?s={search_term_string}\"},\"query-input\":{\"@type\":\"PropertyValueSpecification\",\"valueRequired\":true,\"valueName\":\"search_term_string\"}}],\"inLanguage\":\"es\"},{\"@type\":\"Organization\",\"@id\":\"https:\\\/\\\/ndavant.cat\\\/es\\\/#organization\",\"name\":\"Ndavant\",\"url\":\"https:\\\/\\\/ndavant.cat\\\/es\\\/\",\"logo\":{\"@type\":\"ImageObject\",\"inLanguage\":\"es\",\"@id\":\"https:\\\/\\\/ndavant.cat\\\/es\\\/#\\\/schema\\\/logo\\\/image\\\/\",\"url\":\"https:\\\/\\\/ndavant.cat\\\/wp-content\\\/uploads\\\/2020\\\/05\\\/Logo-oficial-Ndavant.jpg\",\"contentUrl\":\"https:\\\/\\\/ndavant.cat\\\/wp-content\\\/uploads\\\/2020\\\/05\\\/Logo-oficial-Ndavant.jpg\",\"width\":451,\"height\":451,\"caption\":\"Ndavant\"},\"image\":{\"@id\":\"https:\\\/\\\/ndavant.cat\\\/es\\\/#\\\/schema\\\/logo\\\/image\\\/\"},\"sameAs\":[\"https:\\\/\\\/x.com\\\/ndavant\",\"https:\\\/\\\/www.linkedin.com\\\/company\\\/10988666\\\/\"]}]}<\/script>\n<!-- \/ Yoast SEO plugin. -->","yoast_head_json":{"title":"Formaci\u00f3n y Desarrollo Profesional - NDAVANT | Serveis de neteja, manteniment i FM\/FS","robots":{"index":"index","follow":"follow","max-snippet":"max-snippet:-1","max-image-preview":"max-image-preview:large","max-video-preview":"max-video-preview:-1"},"canonical":"https:\/\/ndavant.cat\/es\/formacion-desarrollo-profesional\/","og_locale":"es_ES","og_type":"article","og_title":"Formaci\u00f3n y Desarrollo Profesional - NDAVANT | Serveis de neteja, manteniment i FM\/FS","og_url":"https:\/\/ndavant.cat\/es\/formacion-desarrollo-profesional\/","og_site_name":"NDAVANT | Serveis de neteja, manteniment i FM\/FS","article_modified_time":"2023-06-20T16:21:48+00:00","twitter_card":"summary_large_image","twitter_site":"@ndavant","twitter_misc":{"Tiempo de lectura":"2 minutos"},"schema":{"@context":"https:\/\/schema.org","@graph":[{"@type":"WebPage","@id":"https:\/\/ndavant.cat\/es\/formacion-desarrollo-profesional\/","url":"https:\/\/ndavant.cat\/es\/formacion-desarrollo-profesional\/","name":"Formaci\u00f3n y Desarrollo Profesional - NDAVANT | Serveis de neteja, manteniment i FM\/FS","isPartOf":{"@id":"https:\/\/ndavant.cat\/es\/#website"},"datePublished":"2020-10-11T15:50:01+00:00","dateModified":"2023-06-20T16:21:48+00:00","breadcrumb":{"@id":"https:\/\/ndavant.cat\/es\/formacion-desarrollo-profesional\/#breadcrumb"},"inLanguage":"es","potentialAction":[{"@type":"ReadAction","target":["https:\/\/ndavant.cat\/es\/formacion-desarrollo-profesional\/"]}]},{"@type":"BreadcrumbList","@id":"https:\/\/ndavant.cat\/es\/formacion-desarrollo-profesional\/#breadcrumb","itemListElement":[{"@type":"ListItem","position":1,"name":"Inici","item":"https:\/\/ndavant.cat\/es\/"},{"@type":"ListItem","position":2,"name":"Formaci\u00f3n y Desarrollo Profesional"}]},{"@type":"WebSite","@id":"https:\/\/ndavant.cat\/es\/#website","url":"https:\/\/ndavant.cat\/es\/","name":"NDAVANT | Serveis de neteja, manteniment i FM\/FS","description":"Empresa de serveis de neteja, manteniment i facility services \/ facility management","publisher":{"@id":"https:\/\/ndavant.cat\/es\/#organization"},"potentialAction":[{"@type":"SearchAction","target":{"@type":"EntryPoint","urlTemplate":"https:\/\/ndavant.cat\/es\/?s={search_term_string}"},"query-input":{"@type":"PropertyValueSpecification","valueRequired":true,"valueName":"search_term_string"}}],"inLanguage":"es"},{"@type":"Organization","@id":"https:\/\/ndavant.cat\/es\/#organization","name":"Ndavant","url":"https:\/\/ndavant.cat\/es\/","logo":{"@type":"ImageObject","inLanguage":"es","@id":"https:\/\/ndavant.cat\/es\/#\/schema\/logo\/image\/","url":"https:\/\/ndavant.cat\/wp-content\/uploads\/2020\/05\/Logo-oficial-Ndavant.jpg","contentUrl":"https:\/\/ndavant.cat\/wp-content\/uploads\/2020\/05\/Logo-oficial-Ndavant.jpg","width":451,"height":451,"caption":"Ndavant"},"image":{"@id":"https:\/\/ndavant.cat\/es\/#\/schema\/logo\/image\/"},"sameAs":["https:\/\/x.com\/ndavant","https:\/\/www.linkedin.com\/company\/10988666\/"]}]}},"_links":{"self":[{"href":"https:\/\/ndavant.cat\/es\/wp-json\/wp\/v2\/pages\/3226","targetHints":{"allow":["GET"]}}],"collection":[{"href":"https:\/\/ndavant.cat\/es\/wp-json\/wp\/v2\/pages"}],"about":[{"href":"https:\/\/ndavant.cat\/es\/wp-json\/wp\/v2\/types\/page"}],"author":[{"embeddable":true,"href":"https:\/\/ndavant.cat\/es\/wp-json\/wp\/v2\/users\/1"}],"replies":[{"embeddable":true,"href":"https:\/\/ndavant.cat\/es\/wp-json\/wp\/v2\/comments?post=3226"}],"version-history":[{"count":5,"href":"https:\/\/ndavant.cat\/es\/wp-json\/wp\/v2\/pages\/3226\/revisions"}],"predecessor-version":[{"id":5236,"href":"https:\/\/ndavant.cat\/es\/wp-json\/wp\/v2\/pages\/3226\/revisions\/5236"}],"wp:attachment":[{"href":"https:\/\/ndavant.cat\/es\/wp-json\/wp\/v2\/media?parent=3226"}],"curies":[{"name":"wp","href":"https:\/\/api.w.org\/{rel}","templated":true}]}}