{"id":3257,"date":"2020-10-11T16:07:39","date_gmt":"2020-10-11T16:07:39","guid":{"rendered":"https:\/\/ndavant.cat\/certificados-y-sellos-de-calidad\/"},"modified":"2025-09-07T19:54:12","modified_gmt":"2025-09-07T17:54:12","slug":"certificados-sellos-calidad","status":"publish","type":"page","link":"https:\/\/ndavant.cat\/es\/certificados-sellos-calidad\/","title":{"rendered":"Certificados y Sellos de Calidad"},"content":{"rendered":"<div class=\"fusion-fullwidth fullwidth-box fusion-builder-row-1 nonhundred-percent-fullwidth non-hundred-percent-height-scrolling\" style=\"--awb-background-position:left center;--awb-border-sizes-top:0px;--awb-border-sizes-bottom:0px;--awb-border-sizes-left:0px;--awb-border-sizes-right:0px;--awb-border-radius-top-left:0px;--awb-border-radius-top-right:0px;--awb-border-radius-bottom-right:0px;--awb-border-radius-bottom-left:0px;--awb-padding-top:100px;--awb-padding-bottom:100px;--awb-flex-wrap:wrap;\" ><div class=\"fusion-builder-row fusion-row\"><div class=\"fusion-layout-column fusion_builder_column fusion-builder-column-0 fusion_builder_column_1_1 1_1 fusion-one-full fusion-column-first fusion-column-last\" style=\"--awb-bg-size:cover;\"><div class=\"fusion-column-wrapper fusion-flex-column-wrapper-legacy\"><div class=\"fusion-builder-row fusion-builder-row-inner fusion-row\"><div class=\"fusion-layout-column fusion_builder_column_inner fusion-builder-nested-column-0 fusion_builder_column_inner_1_2 1_2 fusion-one-half fusion-column-first\" style=\"--awb-bg-size:cover;width:50%;width:calc(50% - ( ( 4% ) * 0.5 ) );margin-right: 4%;\"><div class=\"fusion-column-wrapper fusion-column-has-shadow fusion-flex-column-wrapper-legacy\"><div class=\"fusion-text fusion-text-1\"><h3><span style=\"color: #00689c;\">Certificados y sellos de calidad<\/span><\/h3>\n<\/div><div class=\"fusion-sep-clear\"><\/div><div class=\"fusion-separator fusion-clearfix\" style=\"float:left;margin-top:35px;margin-bottom:35px;width:100%;max-width:170px;\"><div class=\"fusion-separator-border sep-single sep-solid\" style=\"--awb-height:20px;--awb-amount:20px;--awb-sep-color:#cccccc;border-color:#cccccc;border-top-width:3px;\"><\/div><\/div><div class=\"fusion-sep-clear\"><\/div><ul style=\"--awb-size:14px;--awb-line-height:23.8px;--awb-icon-width:23.8px;--awb-icon-height:23.8px;--awb-icon-margin:9.8px;--awb-content-margin:33.6px;--awb-circlecolor:#00689c;--awb-circle-yes-font-size:12.32px;\" class=\"fusion-checklist fusion-checklist-1 fusion-checklist-default type-icons\"><li class=\"fusion-li-item\" style=\"\"><span class=\"icon-wrapper circle-yes\"><i class=\"fusion-li-icon awb-icon-check\" aria-hidden=\"true\"><\/i><\/span><div class=\"fusion-li-item-content\">\n<p><a href=\"https:\/\/ndavant.cat\/wp-content\/uploads\/2024\/10\/ISO-9001-284907-2019-AQ-IBE-ENAC-1-es-CA-20220224-20220224231301.pdf\" target=\"_blank\" rel=\"noopener\">Certificado ISO 9001:<\/a> Sistema de Gesti\u00f3n de la Calidad.<\/p>\n<\/div><\/li><li class=\"fusion-li-item\" style=\"\"><span class=\"icon-wrapper circle-yes\"><i class=\"fusion-li-icon awb-icon-check\" aria-hidden=\"true\"><\/i><\/span><div class=\"fusion-li-item-content\">\n<p><a href=\"https:\/\/ndavant.cat\/wp-content\/uploads\/2024\/10\/ISO-14001-284881-2019-AE-IBE-ENAC-1-es-CA-20220224-20220224231150.pdf\" target=\"_blank\" rel=\"noopener\">Certificado ISO 14001:<\/a> Sistema de Gesti\u00f3n Ambiental.<\/p>\n<\/div><\/li><li class=\"fusion-li-item\" style=\"\"><span class=\"icon-wrapper circle-yes\"><i class=\"fusion-li-icon awb-icon-check\" aria-hidden=\"true\"><\/i><\/span><div class=\"fusion-li-item-content\"><a href=\"https:\/\/ndavant.cat\/wp-content\/uploads\/2024\/03\/ISO-45001-SPRL-039-11-2006-Multiserveis-Ndavant-Seg.-2023.pdf\">Certificado ISO-45001<\/a>: Gesti\u00f3n de la Seguridad y Salud Laboral.<\/div><\/li><li class=\"fusion-li-item\" style=\"\"><span class=\"icon-wrapper circle-yes\"><i class=\"fusion-li-icon awb-icon-check\" aria-hidden=\"true\"><\/i><\/span><div class=\"fusion-li-item-content\"><a href=\"https:\/\/ndavant.cat\/wp-content\/uploads\/2025\/07\/ISO-IEC_27001-MULTISERVEIS-NDAVANT-S.L._ESP.pdf\">Certificado ISO-27001<\/a>: Sistema de Gesti\u00f3n y de Informaci\u00f3n.<\/div><\/li><li class=\"fusion-li-item\" style=\"\"><span class=\"icon-wrapper circle-yes\"><i class=\"fusion-li-icon awb-icon-check\" aria-hidden=\"true\"><\/i><\/span><div class=\"fusion-li-item-content\"><a href=\"https:\/\/ndavant.cat\/wp-content\/uploads\/2025\/06\/ISO-50001-con-Anexo-Empresas-NDAVANT.pdf\">Certificado ISO-50001<\/a>: Sistema de Gesti\u00f3n Energ\u00e9tica.<\/div><\/li><li class=\"fusion-li-item\" style=\"\"><span class=\"icon-wrapper circle-yes\"><i class=\"fusion-li-icon awb-icon-check\" aria-hidden=\"true\"><\/i><\/span><div class=\"fusion-li-item-content\">\nCertificado de Flota Ecol\u00f3gica.<\/div><\/li><li class=\"fusion-li-item\" style=\"\"><span class=\"icon-wrapper circle-yes\"><i class=\"fusion-li-icon awb-icon-check\" aria-hidden=\"true\"><\/i><\/span><div class=\"fusion-li-item-content\"><a href=\"https:\/\/icaen.gencat.cat\/es\/energia\/ajuts\/mobilitat\/pla-moves-iii\/\" target=\"_blank\" rel=\"noopener\">Programa MOVES III<\/a> de incentivos a la movilidad eficiente y sostenible.<\/div><\/li><li class=\"fusion-li-item\" style=\"\"><span class=\"icon-wrapper circle-yes\"><i class=\"fusion-li-icon awb-icon-check\" aria-hidden=\"true\"><\/i><\/span><div class=\"fusion-li-item-content\">\n<p><a href=\"https:\/\/canviclimatic.gencat.cat\/ca\/ambits\/mitigacio\/acords_voluntaris\/index.html\" target=\"_blank\" rel=\"noopener\">Adhesi\u00f3n al Programa Acuerdos Voluntarios<\/a> de la Generalitat de Catalu\u00f1a para la Reducci\u00f3n de CO2.<\/p>\n<\/div><\/li><li class=\"fusion-li-item\" style=\"\"><span class=\"icon-wrapper circle-yes\"><i class=\"fusion-li-icon awb-icon-check\" aria-hidden=\"true\"><\/i><\/span><div class=\"fusion-li-item-content\">\n<p><a href=\"https:\/\/www.rezero.cat\/\" target=\"_blank\" rel=\"noopener\">Convenio de colaboraci\u00f3n con Rezero<\/a>, entidad sin \u00e1nimo de lucro que trabaja para un modelo de producci\u00f3n y consumo hacia el residuo cero, sin materias t\u00f3xicas, ni productos que queden sin uso.<\/p>\n<\/div><\/li><li class=\"fusion-li-item\" style=\"\"><span class=\"icon-wrapper circle-yes\"><i class=\"fusion-li-icon awb-icon-check\" aria-hidden=\"true\"><\/i><\/span><div class=\"fusion-li-item-content\">\n<p><a href=\"https:\/\/www.barcelona.cat\/barcelonasostenible\/ca\" target=\"_blank\" rel=\"noopener\">Adhesi\u00f3n al programa Barcelona M\u00e1s Sostenible (B + S)<\/a> del Ayuntamiento de Barcelona.<\/p>\n<\/div><\/li><li class=\"fusion-li-item\" style=\"\"><span class=\"icon-wrapper circle-yes\"><i class=\"fusion-li-icon awb-icon-check\" aria-hidden=\"true\"><\/i><\/span><div class=\"fusion-li-item-content\"><a href=\"https:\/\/ndavant.cat\/wp-content\/uploads\/2025\/06\/2025-06-25_DISCERT-NDAVANT_BEAA5BE9A007.pdf\">Certificaci\u00f3n DisCert<\/a> de nivel oro, que acredita el compromiso de NDAVANT con la integraci\u00f3n laboral de personas con diversidad.<\/div><\/li><li class=\"fusion-li-item\" style=\"\"><span class=\"icon-wrapper circle-yes\"><i class=\"fusion-li-icon awb-icon-check\" aria-hidden=\"true\"><\/i><\/span><div class=\"fusion-li-item-content\"><a href=\"https:\/\/ndavant.cat\/wp-content\/uploads\/2024\/04\/Certificado-de-Miembro-Registrado-del-ROEL-Registro-Oficial-de-Empresas-de-Limpieza.pdf\" target=\"_blank\" rel=\"noopener\">Certificaci\u00f3n del Registro Oficial de Empresas de Limpieza (ROEL)<\/a><\/div><\/li><li class=\"fusion-li-item\" style=\"\"><span class=\"icon-wrapper circle-yes\"><i class=\"fusion-li-icon awb-icon-check\" aria-hidden=\"true\"><\/i><\/span><div class=\"fusion-li-item-content\"><a href=\"https:\/\/ndavant.cat\/wp-content\/uploads\/2025\/06\/DOC-170-Certificado-de-Conformidad-ENS_CLECE-NDAVANT-2025.pdf\" target=\"_blank\" rel=\"noopener\">Certificaci\u00f3n de conformidad con el Esquema Nacional de Seguridad (ENS)<\/a><\/div><\/li><li class=\"fusion-li-item\" style=\"\"><span class=\"icon-wrapper circle-yes\"><i class=\"fusion-li-icon awb-icon-check\" aria-hidden=\"true\"><\/i><\/span><div class=\"fusion-li-item-content\"><a href=\"https:\/\/ndavant.cat\/wp-content\/uploads\/2025\/06\/2025_015_AERCE-Certificado-ISO20400-MULTISERVEIS-NDANVANT.pdf\" target=\"_blank\" rel=\"noopener\">Certificaci\u00f3n de Gesti\u00f3n de Compras Sostenibles ISO 20400<\/a><\/div><\/li><li class=\"fusion-li-item\" style=\"\"><span class=\"icon-wrapper circle-yes\"><i class=\"fusion-li-icon awb-icon-check\" aria-hidden=\"true\"><\/i><\/span><div class=\"fusion-li-item-content\">Sello +Responsables (Associaci\u00f3 +Responsables \/ Ingenier\u00eda Social).<\/div><\/li><\/ul><div class=\"fusion-clearfix\"><\/div><\/div><\/div><div class=\"fusion-layout-column fusion_builder_column_inner fusion-builder-nested-column-1 fusion_builder_column_inner_1_2 1_2 fusion-one-half fusion-column-last\" style=\"--awb-bg-size:cover;width:50%;width:calc(50% - ( ( 4% ) * 0.5 ) );\"><div class=\"fusion-column-wrapper fusion-column-has-shadow fusion-flex-column-wrapper-legacy\"><div class=\"fusion-image-element in-legacy-container\" style=\"--awb-caption-title-font-family:var(--h2_typography-font-family);--awb-caption-title-font-weight:var(--h2_typography-font-weight);--awb-caption-title-font-style:var(--h2_typography-font-style);--awb-caption-title-size:var(--h2_typography-font-size);--awb-caption-title-transform:var(--h2_typography-text-transform);--awb-caption-title-line-height:var(--h2_typography-line-height);--awb-caption-title-letter-spacing:var(--h2_typography-letter-spacing);\"><span class=\" fusion-imageframe imageframe-none imageframe-1 hover-type-none\" style=\"border-radius:25px;\"><img decoding=\"async\" width=\"1500\" height=\"1500\" alt=\"Certificats de qualitat en l&#039;\u00e0mbit de les neteges t\u00e8cniques i facility services 2\" title=\"Certificats de qualitat en l&#8217;\u00e0mbit de les neteges t\u00e8cniques i facility services 2\" src=\"https:\/\/ndavant.cat\/wp-content\/uploads\/2025\/09\/Certificats-de-qualitat-en-lambit-de-les-neteges-tecniques-i-facility-services-2.jpg\" class=\"img-responsive wp-image-5795\" srcset=\"https:\/\/ndavant.cat\/wp-content\/uploads\/2025\/09\/Certificats-de-qualitat-en-lambit-de-les-neteges-tecniques-i-facility-services-2-200x200.jpg 200w, https:\/\/ndavant.cat\/wp-content\/uploads\/2025\/09\/Certificats-de-qualitat-en-lambit-de-les-neteges-tecniques-i-facility-services-2-400x400.jpg 400w, https:\/\/ndavant.cat\/wp-content\/uploads\/2025\/09\/Certificats-de-qualitat-en-lambit-de-les-neteges-tecniques-i-facility-services-2-600x600.jpg 600w, https:\/\/ndavant.cat\/wp-content\/uploads\/2025\/09\/Certificats-de-qualitat-en-lambit-de-les-neteges-tecniques-i-facility-services-2-800x800.jpg 800w, https:\/\/ndavant.cat\/wp-content\/uploads\/2025\/09\/Certificats-de-qualitat-en-lambit-de-les-neteges-tecniques-i-facility-services-2-1200x1200.jpg 1200w, https:\/\/ndavant.cat\/wp-content\/uploads\/2025\/09\/Certificats-de-qualitat-en-lambit-de-les-neteges-tecniques-i-facility-services-2.jpg 1500w\" sizes=\"(max-width: 800px) 100vw, 600px\" \/><\/span><\/div><div class=\"fusion-clearfix\"><\/div><\/div><\/div><\/div><div class=\"fusion-clearfix\"><\/div><\/div><\/div><\/div><\/div>\n","protected":false},"excerpt":{"rendered":"","protected":false},"author":1,"featured_media":0,"parent":0,"menu_order":0,"comment_status":"closed","ping_status":"open","template":"","meta":{"_bbp_topic_count":0,"_bbp_reply_count":0,"_bbp_total_topic_count":0,"_bbp_total_reply_count":0,"_bbp_voice_count":0,"_bbp_anonymous_reply_count":0,"_bbp_topic_count_hidden":0,"_bbp_reply_count_hidden":0,"_bbp_forum_subforum_count":0,"footnotes":""},"class_list":["post-3257","page","type-page","status-publish","hentry"],"yoast_head":"<!-- This site is optimized with the Yoast SEO plugin v27.5 - https:\/\/yoast.com\/product\/yoast-seo-wordpress\/ -->\n<title>Certificados y sellos de calidad NDAVANT. Servicios de limpieza<\/title>\n<meta name=\"description\" content=\"Certificados, sellos oficiales y reconocimientos en raz\u00f3n de compromisos de responsabilidad social corporativa de NDAVANT\" \/>\n<meta name=\"robots\" content=\"index, follow, max-snippet:-1, max-image-preview:large, max-video-preview:-1\" \/>\n<link rel=\"canonical\" href=\"https:\/\/ndavant.cat\/es\/certificados-sellos-calidad\/\" \/>\n<meta property=\"og:locale\" content=\"es_ES\" \/>\n<meta property=\"og:type\" content=\"article\" \/>\n<meta property=\"og:title\" content=\"Certificados y sellos de calidad NDAVANT. Servicios de limpieza\" \/>\n<meta property=\"og:description\" content=\"Certificados, sellos oficiales y reconocimientos en raz\u00f3n de compromisos de responsabilidad social corporativa de NDAVANT\" \/>\n<meta property=\"og:url\" content=\"https:\/\/ndavant.cat\/es\/certificados-sellos-calidad\/\" \/>\n<meta property=\"og:site_name\" content=\"NDAVANT | Serveis de neteja, manteniment i FM\/FS\" \/>\n<meta property=\"article:modified_time\" content=\"2025-09-07T17:54:12+00:00\" \/>\n<meta name=\"twitter:card\" content=\"summary_large_image\" \/>\n<meta name=\"twitter:site\" content=\"@ndavant\" \/>\n<meta name=\"twitter:label1\" content=\"Tiempo de lectura\" \/>\n\t<meta name=\"twitter:data1\" content=\"2 minutos\" \/>\n<script type=\"application\/ld+json\" class=\"yoast-schema-graph\">{\"@context\":\"https:\\\/\\\/schema.org\",\"@graph\":[{\"@type\":\"WebPage\",\"@id\":\"https:\\\/\\\/ndavant.cat\\\/es\\\/certificados-sellos-calidad\\\/\",\"url\":\"https:\\\/\\\/ndavant.cat\\\/es\\\/certificados-sellos-calidad\\\/\",\"name\":\"Certificados y sellos de calidad NDAVANT. Servicios de limpieza\",\"isPartOf\":{\"@id\":\"https:\\\/\\\/ndavant.cat\\\/es\\\/#website\"},\"datePublished\":\"2020-10-11T16:07:39+00:00\",\"dateModified\":\"2025-09-07T17:54:12+00:00\",\"description\":\"Certificados, sellos oficiales y reconocimientos en raz\u00f3n de compromisos de responsabilidad social corporativa de NDAVANT\",\"breadcrumb\":{\"@id\":\"https:\\\/\\\/ndavant.cat\\\/es\\\/certificados-sellos-calidad\\\/#breadcrumb\"},\"inLanguage\":\"es\",\"potentialAction\":[{\"@type\":\"ReadAction\",\"target\":[\"https:\\\/\\\/ndavant.cat\\\/es\\\/certificados-sellos-calidad\\\/\"]}]},{\"@type\":\"BreadcrumbList\",\"@id\":\"https:\\\/\\\/ndavant.cat\\\/es\\\/certificados-sellos-calidad\\\/#breadcrumb\",\"itemListElement\":[{\"@type\":\"ListItem\",\"position\":1,\"name\":\"Inici\",\"item\":\"https:\\\/\\\/ndavant.cat\\\/es\\\/\"},{\"@type\":\"ListItem\",\"position\":2,\"name\":\"Certificados y Sellos de Calidad\"}]},{\"@type\":\"WebSite\",\"@id\":\"https:\\\/\\\/ndavant.cat\\\/es\\\/#website\",\"url\":\"https:\\\/\\\/ndavant.cat\\\/es\\\/\",\"name\":\"NDAVANT | Serveis de neteja, manteniment i FM\\\/FS\",\"description\":\"Empresa de serveis de neteja, manteniment i facility services \\\/ facility management\",\"publisher\":{\"@id\":\"https:\\\/\\\/ndavant.cat\\\/es\\\/#organization\"},\"potentialAction\":[{\"@type\":\"SearchAction\",\"target\":{\"@type\":\"EntryPoint\",\"urlTemplate\":\"https:\\\/\\\/ndavant.cat\\\/es\\\/?s={search_term_string}\"},\"query-input\":{\"@type\":\"PropertyValueSpecification\",\"valueRequired\":true,\"valueName\":\"search_term_string\"}}],\"inLanguage\":\"es\"},{\"@type\":\"Organization\",\"@id\":\"https:\\\/\\\/ndavant.cat\\\/es\\\/#organization\",\"name\":\"Ndavant\",\"url\":\"https:\\\/\\\/ndavant.cat\\\/es\\\/\",\"logo\":{\"@type\":\"ImageObject\",\"inLanguage\":\"es\",\"@id\":\"https:\\\/\\\/ndavant.cat\\\/es\\\/#\\\/schema\\\/logo\\\/image\\\/\",\"url\":\"https:\\\/\\\/ndavant.cat\\\/wp-content\\\/uploads\\\/2020\\\/05\\\/Logo-oficial-Ndavant.jpg\",\"contentUrl\":\"https:\\\/\\\/ndavant.cat\\\/wp-content\\\/uploads\\\/2020\\\/05\\\/Logo-oficial-Ndavant.jpg\",\"width\":451,\"height\":451,\"caption\":\"Ndavant\"},\"image\":{\"@id\":\"https:\\\/\\\/ndavant.cat\\\/es\\\/#\\\/schema\\\/logo\\\/image\\\/\"},\"sameAs\":[\"https:\\\/\\\/x.com\\\/ndavant\",\"https:\\\/\\\/www.linkedin.com\\\/company\\\/10988666\\\/\"]}]}<\/script>\n<!-- \/ Yoast SEO plugin. -->","yoast_head_json":{"title":"Certificados y sellos de calidad NDAVANT. Servicios de limpieza","description":"Certificados, sellos oficiales y reconocimientos en raz\u00f3n de compromisos de responsabilidad social corporativa de NDAVANT","robots":{"index":"index","follow":"follow","max-snippet":"max-snippet:-1","max-image-preview":"max-image-preview:large","max-video-preview":"max-video-preview:-1"},"canonical":"https:\/\/ndavant.cat\/es\/certificados-sellos-calidad\/","og_locale":"es_ES","og_type":"article","og_title":"Certificados y sellos de calidad NDAVANT. Servicios de limpieza","og_description":"Certificados, sellos oficiales y reconocimientos en raz\u00f3n de compromisos de responsabilidad social corporativa de NDAVANT","og_url":"https:\/\/ndavant.cat\/es\/certificados-sellos-calidad\/","og_site_name":"NDAVANT | Serveis de neteja, manteniment i FM\/FS","article_modified_time":"2025-09-07T17:54:12+00:00","twitter_card":"summary_large_image","twitter_site":"@ndavant","twitter_misc":{"Tiempo de lectura":"2 minutos"},"schema":{"@context":"https:\/\/schema.org","@graph":[{"@type":"WebPage","@id":"https:\/\/ndavant.cat\/es\/certificados-sellos-calidad\/","url":"https:\/\/ndavant.cat\/es\/certificados-sellos-calidad\/","name":"Certificados y sellos de calidad NDAVANT. Servicios de limpieza","isPartOf":{"@id":"https:\/\/ndavant.cat\/es\/#website"},"datePublished":"2020-10-11T16:07:39+00:00","dateModified":"2025-09-07T17:54:12+00:00","description":"Certificados, sellos oficiales y reconocimientos en raz\u00f3n de compromisos de responsabilidad social corporativa de NDAVANT","breadcrumb":{"@id":"https:\/\/ndavant.cat\/es\/certificados-sellos-calidad\/#breadcrumb"},"inLanguage":"es","potentialAction":[{"@type":"ReadAction","target":["https:\/\/ndavant.cat\/es\/certificados-sellos-calidad\/"]}]},{"@type":"BreadcrumbList","@id":"https:\/\/ndavant.cat\/es\/certificados-sellos-calidad\/#breadcrumb","itemListElement":[{"@type":"ListItem","position":1,"name":"Inici","item":"https:\/\/ndavant.cat\/es\/"},{"@type":"ListItem","position":2,"name":"Certificados y Sellos de Calidad"}]},{"@type":"WebSite","@id":"https:\/\/ndavant.cat\/es\/#website","url":"https:\/\/ndavant.cat\/es\/","name":"NDAVANT | Serveis de neteja, manteniment i FM\/FS","description":"Empresa de serveis de neteja, manteniment i facility services \/ facility management","publisher":{"@id":"https:\/\/ndavant.cat\/es\/#organization"},"potentialAction":[{"@type":"SearchAction","target":{"@type":"EntryPoint","urlTemplate":"https:\/\/ndavant.cat\/es\/?s={search_term_string}"},"query-input":{"@type":"PropertyValueSpecification","valueRequired":true,"valueName":"search_term_string"}}],"inLanguage":"es"},{"@type":"Organization","@id":"https:\/\/ndavant.cat\/es\/#organization","name":"Ndavant","url":"https:\/\/ndavant.cat\/es\/","logo":{"@type":"ImageObject","inLanguage":"es","@id":"https:\/\/ndavant.cat\/es\/#\/schema\/logo\/image\/","url":"https:\/\/ndavant.cat\/wp-content\/uploads\/2020\/05\/Logo-oficial-Ndavant.jpg","contentUrl":"https:\/\/ndavant.cat\/wp-content\/uploads\/2020\/05\/Logo-oficial-Ndavant.jpg","width":451,"height":451,"caption":"Ndavant"},"image":{"@id":"https:\/\/ndavant.cat\/es\/#\/schema\/logo\/image\/"},"sameAs":["https:\/\/x.com\/ndavant","https:\/\/www.linkedin.com\/company\/10988666\/"]}]}},"_links":{"self":[{"href":"https:\/\/ndavant.cat\/es\/wp-json\/wp\/v2\/pages\/3257","targetHints":{"allow":["GET"]}}],"collection":[{"href":"https:\/\/ndavant.cat\/es\/wp-json\/wp\/v2\/pages"}],"about":[{"href":"https:\/\/ndavant.cat\/es\/wp-json\/wp\/v2\/types\/page"}],"author":[{"embeddable":true,"href":"https:\/\/ndavant.cat\/es\/wp-json\/wp\/v2\/users\/1"}],"replies":[{"embeddable":true,"href":"https:\/\/ndavant.cat\/es\/wp-json\/wp\/v2\/comments?post=3257"}],"version-history":[{"count":32,"href":"https:\/\/ndavant.cat\/es\/wp-json\/wp\/v2\/pages\/3257\/revisions"}],"predecessor-version":[{"id":4592,"href":"https:\/\/ndavant.cat\/es\/wp-json\/wp\/v2\/pages\/3257\/revisions\/4592"}],"wp:attachment":[{"href":"https:\/\/ndavant.cat\/es\/wp-json\/wp\/v2\/media?parent=3257"}],"curies":[{"name":"wp","href":"https:\/\/api.w.org\/{rel}","templated":true}]}}