{"id":3266,"date":"2020-10-11T16:15:47","date_gmt":"2020-10-11T16:15:47","guid":{"rendered":"https:\/\/ndavant.cat\/servicios-energeticos\/"},"modified":"2021-07-28T23:52:34","modified_gmt":"2021-07-28T21:52:34","slug":"servicios-energeticos","status":"publish","type":"page","link":"https:\/\/ndavant.cat\/es\/servicios-energeticos\/","title":{"rendered":"Servicios energ\u00e9ticos"},"content":{"rendered":"<p><div class=\"fusion-fullwidth fullwidth-box fusion-builder-row-1 nonhundred-percent-fullwidth non-hundred-percent-height-scrolling\" style=\"--awb-background-position:left top;--awb-border-radius-top-left:0px;--awb-border-radius-top-right:0px;--awb-border-radius-bottom-right:0px;--awb-border-radius-bottom-left:0px;--awb-padding-top:50px;--awb-padding-bottom:100px;--awb-border-sizes-top:0px;--awb-border-sizes-bottom:0px;--awb-flex-wrap:wrap;\" ><div class=\"fusion-builder-row fusion-row\"><div class=\"fusion-layout-column fusion_builder_column fusion-builder-column-0 fusion_builder_column_1_2 1_2 fusion-one-half fusion-column-first\" style=\"--awb-bg-size:cover;width:48%; margin-right: 4%;\"><div class=\"fusion-column-wrapper fusion-flex-column-wrapper-legacy\"><div class=\"fusion-text fusion-text-1\"><h3><span style=\"color: #00689c;\">Tenemos un firme compromiso con la sostenibilidad y el medio ambiente.<\/span><\/h3>\n<\/div><div class=\"fusion-sep-clear\"><\/div><div class=\"fusion-separator fusion-clearfix\" style=\"float:left;margin-top:35px;margin-bottom:50px;width:100%;max-width:170px;\"><div class=\"fusion-separator-border sep-single sep-solid\" style=\"--awb-height:20px;--awb-amount:20px;border-color:#e0dede;border-top-width:1px;\"><\/div><\/div><div class=\"fusion-sep-clear\"><\/div><div class=\"fusion-text fusion-text-2\"><p>Por eso, nuestros servicios energ\u00e9ticos contribuyen a <strong>reducir los consumos energ\u00e9ticos<\/strong> y en consecuencia, las emisiones de CO\u2082, mediante estudios de optimizaci\u00f3n y eficiencia energ\u00e9tica de las instalaciones. Conducimos las instalaciones para conseguir la m\u00e1xima eficacia, el consumo \u00f3ptimo y el m\u00e1s alto grado de confort, monitorizando valores claves de presi\u00f3n, temperatura y gasto energ\u00e9tico.<\/p>\n<p>Como <strong>Empresa de Servicios Energ\u00e9ticos (ESE)<\/strong>, estudiamos cada proyecto de forma individualizada y proponemos soluciones de mejora que garantizan una reducci\u00f3n de costes y un ahorro energ\u00e9tico en todas nuestras actuaciones.<\/p>\n<p>Nuestros servicios energ\u00e9ticos cuentan con la<strong> certificaci\u00f3n de gesti\u00f3n energ\u00e9tica (ISO 50001).<\/strong><\/p>\n<\/div><div class=\"fusion-clearfix\"><\/div><\/div><\/div><div class=\"fusion-layout-column fusion_builder_column fusion-builder-column-1 fusion_builder_column_1_2 1_2 fusion-one-half fusion-column-last\" style=\"--awb-bg-size:cover;width:48%;\"><div class=\"fusion-column-wrapper fusion-flex-column-wrapper-legacy\"><div class=\"fusion-image-element in-legacy-container\" style=\"--awb-caption-title-font-family:var(--h2_typography-font-family);--awb-caption-title-font-weight:var(--h2_typography-font-weight);--awb-caption-title-font-style:var(--h2_typography-font-style);--awb-caption-title-size:var(--h2_typography-font-size);--awb-caption-title-transform:var(--h2_typography-text-transform);--awb-caption-title-line-height:var(--h2_typography-line-height);--awb-caption-title-letter-spacing:var(--h2_typography-letter-spacing);\"><span class=\" fusion-imageframe imageframe-none imageframe-1 hover-type-zoomin fusion-animated\" data-animationType=\"zoomInLeft\" data-animationDuration=\"0.3\" data-animationOffset=\"top-into-view\"><a href=\"https:\/\/ndavant.cat\/wp-content\/uploads\/2020\/09\/Empresa-de-serveis-eficiencia-energetica-Ndavant.jpg\" class=\"fusion-lightbox\" data-rel=\"iLightbox[965ca1acc94ffa1eeb7]\" data-title=\"Empresa de servicios eficiencia energ\u00e9tica Ndavant\" title=\"Empresa de servicios eficiencia energ\u00e9tica Ndavant\"><img decoding=\"async\" width=\"800\" height=\"800\" alt=\"Empresa de serveis efici\u00e8ncia energ\u00e8tica Ndavant\" src=\"https:\/\/ndavant.cat\/wp-content\/uploads\/2020\/09\/Empresa-de-serveis-eficiencia-energetica-Ndavant.jpg\" class=\"img-responsive wp-image-2934\" srcset=\"https:\/\/ndavant.cat\/wp-content\/uploads\/2020\/09\/Empresa-de-serveis-eficiencia-energetica-Ndavant-200x200.jpg 200w, https:\/\/ndavant.cat\/wp-content\/uploads\/2020\/09\/Empresa-de-serveis-eficiencia-energetica-Ndavant-400x400.jpg 400w, https:\/\/ndavant.cat\/wp-content\/uploads\/2020\/09\/Empresa-de-serveis-eficiencia-energetica-Ndavant-600x600.jpg 600w, https:\/\/ndavant.cat\/wp-content\/uploads\/2020\/09\/Empresa-de-serveis-eficiencia-energetica-Ndavant.jpg 800w\" sizes=\"(max-width: 800px) 100vw, 600px\" \/><\/a><\/span><\/div><div class=\"fusion-clearfix\"><\/div><\/div><\/div><\/div><\/div><div class=\"fusion-bg-parallax\" data-bg-align=\"left top\" data-direction=\"up\" data-mute=\"false\" data-opacity=\"100\" data-velocity=\"-0.3\" data-mobile-enabled=\"false\" data-break_parents=\"0\" data-bg-image=\"https:\/\/ndavant.cat\/wp-content\/uploads\/2021\/07\/Ndavant-Empresa-de-serveis-de-neteja-i-manteniment-a-installacions-industrials.jpg\" data-bg-repeat=\"false\" ><\/div><div class=\"fusion-fullwidth fullwidth-box fusion-builder-row-2 fusion-parallax-up nonhundred-percent-fullwidth non-hundred-percent-height-scrolling\" style=\"--awb-background-position:left top;--awb-border-radius-top-left:0px;--awb-border-radius-top-right:0px;--awb-border-radius-bottom-right:0px;--awb-border-radius-bottom-left:0px;--awb-padding-top:40px;--awb-padding-bottom:100px;--awb-background-image:url(&quot;https:\/\/ndavant.cat\/wp-content\/uploads\/2021\/07\/Ndavant-Empresa-de-serveis-de-neteja-i-manteniment-a-installacions-industrials.jpg&quot;);--awb-background-size:cover;--awb-border-sizes-top:0px;--awb-border-sizes-bottom:0px;--awb-flex-wrap:wrap;\" ><div class=\"fusion-builder-row fusion-row\"><div class=\"fusion-layout-column fusion_builder_column fusion-builder-column-2 fusion_builder_column_1_1 1_1 fusion-one-full fusion-column-first fusion-column-last\" style=\"--awb-bg-size:cover;\"><div class=\"fusion-column-wrapper fusion-column-has-shadow fusion-flex-column-wrapper-legacy\"><div class=\"fusion-text fusion-text-3\"><h3 style=\"text-align: center;\"><span style=\"color: #00689c;\">SERVICIOS ESPEC\u00cdFICOS<\/span><\/h3>\n<\/div><div class=\"fusion-sep-clear\"><\/div><div class=\"fusion-separator fusion-has-icon fusion-full-width-sep fusion-clearfix\" style=\"float:left;margin-top:35px;margin-bottom:50px;width:100%;\"><div class=\"fusion-separator-border sep-single sep-solid\" style=\"--awb-height:20px;--awb-amount:20px;--awb-sep-color:#00689c;border-color:#00689c;border-top-width:3px;\"><\/div><span class=\"icon-wrapper\" style=\"border-color:#00689c;background-color:#e2e3e8;font-size:20px;width: 1.75em; height: 1.75em;border-width:3px;padding:3px;margin-top:-1.5px\"><i class=\"fa-power-off fas\" style=\"font-size: inherit;color:#00689c;\" aria-hidden=\"true\"><\/i><\/span><div class=\"fusion-separator-border sep-single sep-solid\" style=\"--awb-height:20px;--awb-amount:20px;--awb-sep-color:#00689c;border-color:#00689c;border-top-width:3px;\"><\/div><\/div><div class=\"fusion-sep-clear\"><\/div><div class=\"fusion-tabs fusion-tabs-1 classic vertical-tabs icon-position-left mobile-mode-accordion\" style=\"--awb-title-border-radius-top-left:0px;--awb-title-border-radius-top-right:0px;--awb-title-border-radius-bottom-right:0px;--awb-title-border-radius-bottom-left:0px;--awb-inactive-color:#878786;--awb-background-color:#00689c;--awb-border-color:#ebeaea;--awb-active-border-color:#00689c;\"><div class=\"nav\"><ul class=\"nav-tabs\" role=\"tablist\" aria-orientation=\"vertical\"><li class=\"active\" role=\"presentation\"><a class=\"tab-link\" data-toggle=\"tab\" role=\"tab\" aria-controls=\"tab-083974bd22f3d997ace\" aria-selected=\"true\" tabindex=\"0\" id=\"fusion-tab-083974bd22f3d997ace\" href=\"#tab-083974bd22f3d997ace\"><h4 class=\"fusion-tab-heading\">Empresa de servicios energ\u00e9ticos (ESE)<\/h4><\/a><\/li><li  role=\"presentation\"><a class=\"tab-link\" data-toggle=\"tab\" role=\"tab\" aria-controls=\"tab-d9673bc9ad49b2d5e26\" aria-selected=\"false\" tabindex=\"-1\" id=\"fusion-tab-d9673bc9ad49b2d5e26\" href=\"#tab-d9673bc9ad49b2d5e26\"><h4 class=\"fusion-tab-heading\">Consultor\u00eda Energ\u00e9tica<\/h4><\/a><\/li><li  role=\"presentation\"><a class=\"tab-link\" data-toggle=\"tab\" role=\"tab\" aria-controls=\"tab-e79c29e5068dc20b718\" aria-selected=\"false\" tabindex=\"-1\" id=\"fusion-tab-e79c29e5068dc20b718\" href=\"#tab-e79c29e5068dc20b718\"><h4 class=\"fusion-tab-heading\">Digitalizaci\u00f3n y automatizaci\u00f3n<\/h4><\/a><\/li><li  role=\"presentation\"><a class=\"tab-link\" data-toggle=\"tab\" role=\"tab\" aria-controls=\"tab-30d1fdac4c154f02aab\" aria-selected=\"false\" tabindex=\"-1\" id=\"fusion-tab-30d1fdac4c154f02aab\" href=\"#tab-30d1fdac4c154f02aab\"><h4 class=\"fusion-tab-heading\">Alumbrado, climatizaci\u00f3n y aire comprimido<\/h4><\/a><\/li><li  role=\"presentation\"><a class=\"tab-link\" data-toggle=\"tab\" role=\"tab\" aria-controls=\"tab-7dd2d50a3f63b5a17ed\" aria-selected=\"false\" tabindex=\"-1\" id=\"fusion-tab-7dd2d50a3f63b5a17ed\" href=\"#tab-7dd2d50a3f63b5a17ed\"><h4 class=\"fusion-tab-heading\">Energ\u00edas renovables y movilidad el\u00e9ctrica<\/h4><\/a><\/li><\/ul><\/div><div class=\"tab-content\"><div class=\"nav fusion-mobile-tab-nav\"><ul class=\"nav-tabs\" role=\"tablist\" aria-orientation=\"vertical\"><li class=\"active\" role=\"presentation\"><a class=\"tab-link\" data-toggle=\"tab\" role=\"tab\" aria-controls=\"tab-083974bd22f3d997ace\" aria-selected=\"true\" tabindex=\"0\" id=\"mobile-fusion-tab-083974bd22f3d997ace\" href=\"#tab-083974bd22f3d997ace\"><h4 class=\"fusion-tab-heading\">Empresa de servicios energ\u00e9ticos (ESE)<\/h4><\/a><\/li><\/ul><\/div><div class=\"tab-pane fade fusion-clearfix in active\" role=\"tabpanel\" tabindex=\"0\" aria-labelledby=\"fusion-tab-083974bd22f3d997ace\" id=\"tab-083974bd22f3d997ace\">\n<p><span style=\"color: #ffffff;\"><strong>Contratos de rendimientos energ\u00e9ticos (EPC)<\/strong><\/span><\/p>\n<ul>\n<li><span style=\"color: #ffffff;\">EPC con ahorros garantizados, compartidos y\/o de gesti\u00f3n de energ\u00eda t\u00e9rmica<\/span><\/li>\n<li><span style=\"color: #ffffff;\">Capacidad de inversi\u00f3n y financiaci\u00f3n<\/span><\/li>\n<\/ul>\n<p><span style=\"color: #ffffff;\"><strong>Proyectos de medida y verificaci\u00f3n<\/strong><\/span><\/p>\n<ul>\n<li><span style=\"color: #ffffff;\">Redacci\u00f3n, gesti\u00f3n y seguimiento de planes de medida y verificaci\u00f3n seg\u00fan protocolo IPMVP EVO 10000-1:2016.<\/span><\/li>\n<\/ul>\n<\/div><div class=\"nav fusion-mobile-tab-nav\"><ul class=\"nav-tabs\" role=\"tablist\" aria-orientation=\"vertical\"><li  role=\"presentation\"><a class=\"tab-link\" data-toggle=\"tab\" role=\"tab\" aria-controls=\"tab-d9673bc9ad49b2d5e26\" aria-selected=\"false\" tabindex=\"-1\" id=\"mobile-fusion-tab-d9673bc9ad49b2d5e26\" href=\"#tab-d9673bc9ad49b2d5e26\"><h4 class=\"fusion-tab-heading\">Consultor\u00eda Energ\u00e9tica<\/h4><\/a><\/li><\/ul><\/div><div class=\"tab-pane fade fusion-clearfix\" role=\"tabpanel\" tabindex=\"0\" aria-labelledby=\"fusion-tab-d9673bc9ad49b2d5e26\" id=\"tab-d9673bc9ad49b2d5e26\"><span style=\"color: #ffffff;\"><strong>Auditor\u00edas y certificados energ\u00e9ticos de edificios<\/strong><\/span><\/p>\n<ul>\n<li><span style=\"color: #ffffff;\">Auditor\u00edas energ\u00e9ticas en detalle<\/span><\/li>\n<li><span style=\"color: #ffffff;\">Realizaci\u00f3n y gesti\u00f3n de certificados de eficiencia energ\u00e9tica<\/span><\/li>\n<\/ul>\n<p><span style=\"color: #ffffff;\"><strong>Optimizaci\u00f3n de la contrataci\u00f3n de electricidad y gas<\/strong><\/span><\/p>\n<ul>\n<li><span style=\"color: #ffffff;\">Optimizaciones de potencia y precios de tarifa<\/span><\/li>\n<\/ul>\n<p><span style=\"color: #ffffff;\"><strong>Seguimiento de consumos energ\u00e9ticos<\/strong><\/span><\/p>\n<ul>\n<li><span style=\"color: #ffffff;\">Gesti\u00f3n integral de plataformas \u201cnube\u201d de gesti\u00f3n energ\u00e9tica<\/span><\/li>\n<li><span style=\"color: #ffffff;\">Realizaci\u00f3n de informes de seguimiento mensuales<\/span><\/li>\n<\/ul>\n<\/div><div class=\"nav fusion-mobile-tab-nav\"><ul class=\"nav-tabs\" role=\"tablist\" aria-orientation=\"vertical\"><li  role=\"presentation\"><a class=\"tab-link\" data-toggle=\"tab\" role=\"tab\" aria-controls=\"tab-e79c29e5068dc20b718\" aria-selected=\"false\" tabindex=\"-1\" id=\"mobile-fusion-tab-e79c29e5068dc20b718\" href=\"#tab-e79c29e5068dc20b718\"><h4 class=\"fusion-tab-heading\">Digitalizaci\u00f3n y automatizaci\u00f3n<\/h4><\/a><\/li><\/ul><\/div><div class=\"tab-pane fade fusion-clearfix\" role=\"tabpanel\" tabindex=\"0\" aria-labelledby=\"fusion-tab-e79c29e5068dc20b718\" id=\"tab-e79c29e5068dc20b718\">\n<p><span style=\"color: #ffffff;\"><strong>Sistemas de monitorizaci\u00f3n energ\u00e9tica<\/strong><\/span><\/p>\n<ul>\n<li><span style=\"color: #ffffff;\">Dise\u00f1o, instalaci\u00f3n y programaci\u00f3n de sistemas de monitorizaci\u00f3n<\/span><\/li>\n<li><span style=\"color: #ffffff;\">Resoluci\u00f3n de incidencias en sistemas de monitorizaci\u00f3n<\/span><\/li>\n<\/ul>\n<p><span style=\"color: #ffffff;\"><strong>Sistemas de control de edificios (BMS)<\/strong><\/span><\/p>\n<ul>\n<li><span style=\"color: #ffffff;\">Dise\u00f1o, instalaci\u00f3n y programaci\u00f3n de nuevos BMS.<\/span><\/li>\n<li><span style=\"color: #ffffff;\">Realizaci\u00f3n de auditor\u00edas en detalle de funcionamiento de BMS.<\/span><\/li>\n<\/ul>\n<\/div><div class=\"nav fusion-mobile-tab-nav\"><ul class=\"nav-tabs\" role=\"tablist\" aria-orientation=\"vertical\"><li  role=\"presentation\"><a class=\"tab-link\" data-toggle=\"tab\" role=\"tab\" aria-controls=\"tab-30d1fdac4c154f02aab\" aria-selected=\"false\" tabindex=\"-1\" id=\"mobile-fusion-tab-30d1fdac4c154f02aab\" href=\"#tab-30d1fdac4c154f02aab\"><h4 class=\"fusion-tab-heading\">Alumbrado, climatizaci\u00f3n y aire comprimido<\/h4><\/a><\/li><\/ul><\/div><div class=\"tab-pane fade fusion-clearfix\" role=\"tabpanel\" tabindex=\"0\" aria-labelledby=\"fusion-tab-30d1fdac4c154f02aab\" id=\"tab-30d1fdac4c154f02aab\">\n<p><span style=\"color: #ffffff;\"><strong>Alumbrado interior<\/strong><\/span><\/p>\n<ul>\n<li><span style=\"color: #ffffff;\">Estudios de iluminaci\u00f3n con \u201cDialux\u201d<\/span><\/li>\n<li><span style=\"color: #ffffff;\">Sustituciones integrales de la iluminaci\u00f3n a LED y\/o \u201cRetrofit\u201d<\/span><\/li>\n<\/ul>\n<p><span style=\"color: #ffffff;\"><strong>Sistemas de climatizaci\u00f3n<\/strong><\/span><\/p>\n<ul>\n<li><span style=\"color: #ffffff;\">Estudios de cargas t\u00e9rmicas de edificios<\/span><\/li>\n<li><span style=\"color: #ffffff;\">Estudios de rendimientos y eficiencia de equipos de climatizaci\u00f3n<\/span><\/li>\n<li><span style=\"color: #ffffff;\">Mejoras y sustituciones de equipos de ventilaci\u00f3n, refrigeraci\u00f3n y calefacci\u00f3n<\/span><\/li>\n<\/ul>\n<p><span style=\"color: #ffffff;\"><strong>Sistemas de aire comprimido<\/strong><\/span><\/p>\n<ul>\n<li><span style=\"color: #ffffff;\">Propuestas de mejora en sistemas de aire comprimido<\/span><\/li>\n<\/ul>\n<\/div><div class=\"nav fusion-mobile-tab-nav\"><ul class=\"nav-tabs\" role=\"tablist\" aria-orientation=\"vertical\"><li  role=\"presentation\"><a class=\"tab-link\" data-toggle=\"tab\" role=\"tab\" aria-controls=\"tab-7dd2d50a3f63b5a17ed\" aria-selected=\"false\" tabindex=\"-1\" id=\"mobile-fusion-tab-7dd2d50a3f63b5a17ed\" href=\"#tab-7dd2d50a3f63b5a17ed\"><h4 class=\"fusion-tab-heading\">Energ\u00edas renovables y movilidad el\u00e9ctrica<\/h4><\/a><\/li><\/ul><\/div><div class=\"tab-pane fade fusion-clearfix\" role=\"tabpanel\" tabindex=\"0\" aria-labelledby=\"fusion-tab-7dd2d50a3f63b5a17ed\" id=\"tab-7dd2d50a3f63b5a17ed\"><span style=\"color: #ffffff;\"><strong>Solar Fotovoltaica<\/strong><\/span><\/p>\n<ul>\n<li><span style=\"color: #ffffff;\">Proyectos claves en mano de instalaciones solares fotovoltaicas<\/span><\/li>\n<\/ul>\n<p><span style=\"color: #ffffff;\"><strong>Solar T\u00e9rmica<\/strong><\/span><\/p>\n<ul>\n<li><span style=\"color: #ffffff;\">Evaluaci\u00f3n de sistemas en desuso y posta en marcha de las instalaciones<\/span><\/li>\n<\/ul>\n<p><span style=\"color: #ffffff;\"><strong>Movilidad el\u00e9ctrica<\/strong><\/span><\/p>\n<ul>\n<li><span style=\"color: #ffffff;\">Instalaci\u00f3n de puntos de recarga de veh\u00edculo el\u00e9ctrico<\/span><\/li>\n<\/ul>\n<\/div><\/div><\/div><div class=\"fusion-clearfix\"><\/div><\/div><\/div><\/div><\/div><\/p>\n","protected":false},"excerpt":{"rendered":"","protected":false},"author":1,"featured_media":0,"parent":0,"menu_order":0,"comment_status":"closed","ping_status":"open","template":"100-width.php","meta":{"_bbp_topic_count":0,"_bbp_reply_count":0,"_bbp_total_topic_count":0,"_bbp_total_reply_count":0,"_bbp_voice_count":0,"_bbp_anonymous_reply_count":0,"_bbp_topic_count_hidden":0,"_bbp_reply_count_hidden":0,"_bbp_forum_subforum_count":0,"footnotes":""},"class_list":["post-3266","page","type-page","status-publish","hentry"],"yoast_head":"<!-- This site is optimized with the Yoast SEO plugin v27.5 - https:\/\/yoast.com\/product\/yoast-seo-wordpress\/ -->\n<title>Servicios energ\u00e9ticos - NDAVANT | Serveis de neteja, manteniment i FM\/FS<\/title>\n<meta name=\"robots\" content=\"index, follow, max-snippet:-1, max-image-preview:large, max-video-preview:-1\" \/>\n<link rel=\"canonical\" href=\"https:\/\/ndavant.cat\/es\/servicios-energeticos\/\" \/>\n<meta property=\"og:locale\" content=\"es_ES\" \/>\n<meta property=\"og:type\" content=\"article\" \/>\n<meta property=\"og:title\" content=\"Servicios energ\u00e9ticos - NDAVANT | Serveis de neteja, manteniment i FM\/FS\" \/>\n<meta property=\"og:url\" content=\"https:\/\/ndavant.cat\/es\/servicios-energeticos\/\" \/>\n<meta property=\"og:site_name\" content=\"NDAVANT | Serveis de neteja, manteniment i FM\/FS\" \/>\n<meta property=\"article:modified_time\" content=\"2021-07-28T21:52:34+00:00\" \/>\n<meta name=\"twitter:card\" content=\"summary_large_image\" \/>\n<meta name=\"twitter:site\" content=\"@ndavant\" \/>\n<meta name=\"twitter:label1\" content=\"Tiempo de lectura\" \/>\n\t<meta name=\"twitter:data1\" content=\"7 minutos\" \/>\n<script type=\"application\/ld+json\" class=\"yoast-schema-graph\">{\"@context\":\"https:\\\/\\\/schema.org\",\"@graph\":[{\"@type\":\"WebPage\",\"@id\":\"https:\\\/\\\/ndavant.cat\\\/es\\\/servicios-energeticos\\\/\",\"url\":\"https:\\\/\\\/ndavant.cat\\\/es\\\/servicios-energeticos\\\/\",\"name\":\"Servicios energ\u00e9ticos - NDAVANT | Serveis de neteja, manteniment i FM\\\/FS\",\"isPartOf\":{\"@id\":\"https:\\\/\\\/ndavant.cat\\\/es\\\/#website\"},\"datePublished\":\"2020-10-11T16:15:47+00:00\",\"dateModified\":\"2021-07-28T21:52:34+00:00\",\"breadcrumb\":{\"@id\":\"https:\\\/\\\/ndavant.cat\\\/es\\\/servicios-energeticos\\\/#breadcrumb\"},\"inLanguage\":\"es\",\"potentialAction\":[{\"@type\":\"ReadAction\",\"target\":[\"https:\\\/\\\/ndavant.cat\\\/es\\\/servicios-energeticos\\\/\"]}]},{\"@type\":\"BreadcrumbList\",\"@id\":\"https:\\\/\\\/ndavant.cat\\\/es\\\/servicios-energeticos\\\/#breadcrumb\",\"itemListElement\":[{\"@type\":\"ListItem\",\"position\":1,\"name\":\"Inici\",\"item\":\"https:\\\/\\\/ndavant.cat\\\/es\\\/\"},{\"@type\":\"ListItem\",\"position\":2,\"name\":\"Servicios energ\u00e9ticos\"}]},{\"@type\":\"WebSite\",\"@id\":\"https:\\\/\\\/ndavant.cat\\\/es\\\/#website\",\"url\":\"https:\\\/\\\/ndavant.cat\\\/es\\\/\",\"name\":\"NDAVANT | Serveis de neteja, manteniment i FM\\\/FS\",\"description\":\"Empresa de serveis de neteja, manteniment i facility services \\\/ facility management\",\"publisher\":{\"@id\":\"https:\\\/\\\/ndavant.cat\\\/es\\\/#organization\"},\"potentialAction\":[{\"@type\":\"SearchAction\",\"target\":{\"@type\":\"EntryPoint\",\"urlTemplate\":\"https:\\\/\\\/ndavant.cat\\\/es\\\/?s={search_term_string}\"},\"query-input\":{\"@type\":\"PropertyValueSpecification\",\"valueRequired\":true,\"valueName\":\"search_term_string\"}}],\"inLanguage\":\"es\"},{\"@type\":\"Organization\",\"@id\":\"https:\\\/\\\/ndavant.cat\\\/es\\\/#organization\",\"name\":\"Ndavant\",\"url\":\"https:\\\/\\\/ndavant.cat\\\/es\\\/\",\"logo\":{\"@type\":\"ImageObject\",\"inLanguage\":\"es\",\"@id\":\"https:\\\/\\\/ndavant.cat\\\/es\\\/#\\\/schema\\\/logo\\\/image\\\/\",\"url\":\"https:\\\/\\\/ndavant.cat\\\/wp-content\\\/uploads\\\/2020\\\/05\\\/Logo-oficial-Ndavant.jpg\",\"contentUrl\":\"https:\\\/\\\/ndavant.cat\\\/wp-content\\\/uploads\\\/2020\\\/05\\\/Logo-oficial-Ndavant.jpg\",\"width\":451,\"height\":451,\"caption\":\"Ndavant\"},\"image\":{\"@id\":\"https:\\\/\\\/ndavant.cat\\\/es\\\/#\\\/schema\\\/logo\\\/image\\\/\"},\"sameAs\":[\"https:\\\/\\\/x.com\\\/ndavant\",\"https:\\\/\\\/www.linkedin.com\\\/company\\\/10988666\\\/\"]}]}<\/script>\n<!-- \/ Yoast SEO plugin. -->","yoast_head_json":{"title":"Servicios energ\u00e9ticos - NDAVANT | Serveis de neteja, manteniment i FM\/FS","robots":{"index":"index","follow":"follow","max-snippet":"max-snippet:-1","max-image-preview":"max-image-preview:large","max-video-preview":"max-video-preview:-1"},"canonical":"https:\/\/ndavant.cat\/es\/servicios-energeticos\/","og_locale":"es_ES","og_type":"article","og_title":"Servicios energ\u00e9ticos - NDAVANT | Serveis de neteja, manteniment i FM\/FS","og_url":"https:\/\/ndavant.cat\/es\/servicios-energeticos\/","og_site_name":"NDAVANT | Serveis de neteja, manteniment i FM\/FS","article_modified_time":"2021-07-28T21:52:34+00:00","twitter_card":"summary_large_image","twitter_site":"@ndavant","twitter_misc":{"Tiempo de lectura":"7 minutos"},"schema":{"@context":"https:\/\/schema.org","@graph":[{"@type":"WebPage","@id":"https:\/\/ndavant.cat\/es\/servicios-energeticos\/","url":"https:\/\/ndavant.cat\/es\/servicios-energeticos\/","name":"Servicios energ\u00e9ticos - NDAVANT | Serveis de neteja, manteniment i FM\/FS","isPartOf":{"@id":"https:\/\/ndavant.cat\/es\/#website"},"datePublished":"2020-10-11T16:15:47+00:00","dateModified":"2021-07-28T21:52:34+00:00","breadcrumb":{"@id":"https:\/\/ndavant.cat\/es\/servicios-energeticos\/#breadcrumb"},"inLanguage":"es","potentialAction":[{"@type":"ReadAction","target":["https:\/\/ndavant.cat\/es\/servicios-energeticos\/"]}]},{"@type":"BreadcrumbList","@id":"https:\/\/ndavant.cat\/es\/servicios-energeticos\/#breadcrumb","itemListElement":[{"@type":"ListItem","position":1,"name":"Inici","item":"https:\/\/ndavant.cat\/es\/"},{"@type":"ListItem","position":2,"name":"Servicios energ\u00e9ticos"}]},{"@type":"WebSite","@id":"https:\/\/ndavant.cat\/es\/#website","url":"https:\/\/ndavant.cat\/es\/","name":"NDAVANT | Serveis de neteja, manteniment i FM\/FS","description":"Empresa de serveis de neteja, manteniment i facility services \/ facility management","publisher":{"@id":"https:\/\/ndavant.cat\/es\/#organization"},"potentialAction":[{"@type":"SearchAction","target":{"@type":"EntryPoint","urlTemplate":"https:\/\/ndavant.cat\/es\/?s={search_term_string}"},"query-input":{"@type":"PropertyValueSpecification","valueRequired":true,"valueName":"search_term_string"}}],"inLanguage":"es"},{"@type":"Organization","@id":"https:\/\/ndavant.cat\/es\/#organization","name":"Ndavant","url":"https:\/\/ndavant.cat\/es\/","logo":{"@type":"ImageObject","inLanguage":"es","@id":"https:\/\/ndavant.cat\/es\/#\/schema\/logo\/image\/","url":"https:\/\/ndavant.cat\/wp-content\/uploads\/2020\/05\/Logo-oficial-Ndavant.jpg","contentUrl":"https:\/\/ndavant.cat\/wp-content\/uploads\/2020\/05\/Logo-oficial-Ndavant.jpg","width":451,"height":451,"caption":"Ndavant"},"image":{"@id":"https:\/\/ndavant.cat\/es\/#\/schema\/logo\/image\/"},"sameAs":["https:\/\/x.com\/ndavant","https:\/\/www.linkedin.com\/company\/10988666\/"]}]}},"_links":{"self":[{"href":"https:\/\/ndavant.cat\/es\/wp-json\/wp\/v2\/pages\/3266","targetHints":{"allow":["GET"]}}],"collection":[{"href":"https:\/\/ndavant.cat\/es\/wp-json\/wp\/v2\/pages"}],"about":[{"href":"https:\/\/ndavant.cat\/es\/wp-json\/wp\/v2\/types\/page"}],"author":[{"embeddable":true,"href":"https:\/\/ndavant.cat\/es\/wp-json\/wp\/v2\/users\/1"}],"replies":[{"embeddable":true,"href":"https:\/\/ndavant.cat\/es\/wp-json\/wp\/v2\/comments?post=3266"}],"version-history":[{"count":16,"href":"https:\/\/ndavant.cat\/es\/wp-json\/wp\/v2\/pages\/3266\/revisions"}],"predecessor-version":[{"id":4571,"href":"https:\/\/ndavant.cat\/es\/wp-json\/wp\/v2\/pages\/3266\/revisions\/4571"}],"wp:attachment":[{"href":"https:\/\/ndavant.cat\/es\/wp-json\/wp\/v2\/media?parent=3266"}],"curies":[{"name":"wp","href":"https:\/\/api.w.org\/{rel}","templated":true}]}}