{"id":3273,"date":"2020-10-11T16:26:32","date_gmt":"2020-10-11T16:26:32","guid":{"rendered":"https:\/\/ndavant.cat\/sostenibilidad-y-medio-ambiente\/"},"modified":"2020-10-13T08:01:15","modified_gmt":"2020-10-13T08:01:15","slug":"sostenibilidad-medio-ambiente","status":"publish","type":"page","link":"https:\/\/ndavant.cat\/es\/sostenibilidad-medio-ambiente\/","title":{"rendered":"Sostenibilidad y Medio Ambiente"},"content":{"rendered":"<p><div class=\"fusion-fullwidth fullwidth-box fusion-builder-row-1 nonhundred-percent-fullwidth non-hundred-percent-height-scrolling\" style=\"--awb-background-position:left center;--awb-border-radius-top-left:0px;--awb-border-radius-top-right:0px;--awb-border-radius-bottom-right:0px;--awb-border-radius-bottom-left:0px;--awb-padding-top:100px;--awb-padding-bottom:70px;--awb-border-sizes-top:0px;--awb-border-sizes-bottom:0px;--awb-flex-wrap:wrap;\" ><div class=\"fusion-builder-row fusion-row\"><div class=\"fusion-layout-column fusion_builder_column fusion-builder-column-0 fusion_builder_column_1_1 1_1 fusion-one-full fusion-column-first fusion-column-last\" style=\"--awb-bg-size:cover;\"><div class=\"fusion-column-wrapper fusion-flex-column-wrapper-legacy\"><div class=\"fusion-builder-row fusion-builder-row-inner fusion-row\"><div class=\"fusion-layout-column fusion_builder_column_inner fusion-builder-nested-column-0 fusion_builder_column_inner_1_2 1_2 fusion-one-half fusion-column-first\" style=\"--awb-bg-size:cover;width:50%;width:calc(50% - ( ( 4% ) * 0.5 ) );margin-right: 4%;\"><div class=\"fusion-column-wrapper fusion-column-has-shadow fusion-flex-column-wrapper-legacy\"><div class=\"fusion-text fusion-text-1\"><h3><span style=\"color: #00689c;\">En NDAVANT tenemos un compromiso proactivo con la disminuci\u00f3n del impacto ambiental de nuestras actividades.<\/span><\/h3>\n<\/div><div class=\"fusion-sep-clear\"><\/div><div class=\"fusion-separator fusion-clearfix\" style=\"float:left;margin-top:35px;margin-bottom:35px;width:100%;max-width:170px;\"><div class=\"fusion-separator-border sep-single sep-solid\" style=\"--awb-height:20px;--awb-amount:20px;--awb-sep-color:#cccccc;border-color:#cccccc;border-top-width:3px;\"><\/div><\/div><div class=\"fusion-sep-clear\"><\/div><div class=\"fusion-text fusion-text-2\"><p>En NDAVANT tenemos un compromiso proactivo con la disminuci\u00f3n del impacto ambiental de nuestras actividades.Seguimos una estrategia de sostenibilidad orientada a la optimizaci\u00f3n de los recursos materiales, la sustituci\u00f3n de productos tradicionales por otros m\u00e1s respetuosos con el medio ambiente, la reducci\u00f3n de derroches, la gesti\u00f3n de los riesgos medioambientales y la disminuci\u00f3n de la huella de carbono de la compa\u00f1\u00eda.<\/p>\n<p>Desde NDAVANT contribuimos a crear entornos medioambientalmente <strong>m\u00e1s sostenibles. <\/strong>Nuestras acciones se dirigen a la reducci\u00f3n del consumo energ\u00e9tico, tanto propio como de nuestros clientes, favoreciendo la reducci\u00f3n <strong>de las emisiones de CO\u2082<\/strong> a la atm\u00f3sfera.<\/p>\n<p>Contribuimos tambi\u00e9n en <strong>campa\u00f1as de sensibilizaci\u00f3n<\/strong> dirigidas a la sociedad, sobre varios temas medioambientales, mediante campa\u00f1as de entidades de reconocido prestigio.<\/p>\n<\/div><div class=\"fusion-clearfix\"><\/div><\/div><\/div><div class=\"fusion-layout-column fusion_builder_column_inner fusion-builder-nested-column-1 fusion_builder_column_inner_1_2 1_2 fusion-one-half fusion-column-last\" style=\"--awb-bg-size:cover;width:50%;width:calc(50% - ( ( 4% ) * 0.5 ) );\"><div class=\"fusion-column-wrapper fusion-column-has-shadow fusion-flex-column-wrapper-legacy\"><div class=\"fusion-image-element in-legacy-container\" style=\"--awb-caption-title-font-family:var(--h2_typography-font-family);--awb-caption-title-font-weight:var(--h2_typography-font-weight);--awb-caption-title-font-style:var(--h2_typography-font-style);--awb-caption-title-size:var(--h2_typography-font-size);--awb-caption-title-transform:var(--h2_typography-text-transform);--awb-caption-title-line-height:var(--h2_typography-line-height);--awb-caption-title-letter-spacing:var(--h2_typography-letter-spacing);\"><span class=\" fusion-imageframe imageframe-none imageframe-1 hover-type-none\"><img decoding=\"async\" width=\"1200\" height=\"1200\" title=\"Medio-ambiente-y-compromiso-con-la-sostenibilidad_\" src=\"https:\/\/ndavant.cat\/wp-content\/uploads\/2020\/09\/Medi-ambient-i-compromi\u0301s-amb-la-sostenibilitat_.jpg\" alt class=\"img-responsive wp-image-2974\" srcset=\"https:\/\/ndavant.cat\/wp-content\/uploads\/2020\/09\/Medi-ambient-i-compromi\u0301s-amb-la-sostenibilitat_-200x200.jpg 200w, https:\/\/ndavant.cat\/wp-content\/uploads\/2020\/09\/Medi-ambient-i-compromi\u0301s-amb-la-sostenibilitat_-400x400.jpg 400w, https:\/\/ndavant.cat\/wp-content\/uploads\/2020\/09\/Medi-ambient-i-compromi\u0301s-amb-la-sostenibilitat_-600x600.jpg 600w, https:\/\/ndavant.cat\/wp-content\/uploads\/2020\/09\/Medi-ambient-i-compromi\u0301s-amb-la-sostenibilitat_-800x800.jpg 800w, https:\/\/ndavant.cat\/wp-content\/uploads\/2020\/09\/Medi-ambient-i-compromi\u0301s-amb-la-sostenibilitat_.jpg 1200w\" sizes=\"(max-width: 800px) 100vw, 600px\" \/><\/span><\/div><div class=\"fusion-clearfix\"><\/div><\/div><\/div><\/div><div class=\"fusion-clearfix\"><\/div><\/div><\/div><\/div><\/div><div class=\"fusion-bg-parallax\" data-bg-align=\"left center\" data-direction=\"up\" data-mute=\"false\" data-opacity=\"100\" data-velocity=\"-0.3\" data-mobile-enabled=\"false\" data-break_parents=\"0\" data-bg-image=\"https:\/\/ndavant.cat\/wp-content\/uploads\/2020\/09\/Empresa-de-serveis-de-neteja-a-infraestructures-Ndavant.jpg\" data-bg-repeat=\"false\" ><\/div><div class=\"fusion-fullwidth fullwidth-box fusion-builder-row-2 fusion-parallax-up nonhundred-percent-fullwidth non-hundred-percent-height-scrolling\" style=\"--awb-background-position:left center;--awb-border-radius-top-left:0px;--awb-border-radius-top-right:0px;--awb-border-radius-bottom-right:0px;--awb-border-radius-bottom-left:0px;--awb-padding-top:50px;--awb-padding-bottom:70px;--awb-background-image:url(&quot;https:\/\/ndavant.cat\/wp-content\/uploads\/2020\/09\/Empresa-de-serveis-de-neteja-a-infraestructures-Ndavant.jpg&quot;);--awb-background-size:cover;--awb-border-sizes-top:0px;--awb-border-sizes-bottom:0px;--awb-flex-wrap:wrap;\" ><div class=\"fusion-builder-row fusion-row\"><div class=\"fusion-layout-column fusion_builder_column fusion-builder-column-1 fusion_builder_column_1_1 1_1 fusion-one-full fusion-column-first fusion-column-last\" style=\"--awb-bg-size:cover;\"><div class=\"fusion-column-wrapper fusion-column-has-shadow fusion-flex-column-wrapper-legacy\"><div class=\"fusion-text fusion-text-3\"><h3 style=\"text-align: center;\"><span style=\"color: #ffffff;\">POL\u00cdTICAS Y ACCIONES ESPEC\u00cdFICAS<\/span><\/h3>\n<\/div><div class=\"fusion-sep-clear\"><\/div><div class=\"fusion-separator fusion-has-icon fusion-full-width-sep fusion-clearfix\" style=\"float:left;margin-top:35px;margin-bottom:50px;width:100%;\"><div class=\"fusion-separator-border sep-single sep-solid\" style=\"--awb-height:20px;--awb-amount:20px;border-color:#e0dede;border-top-width:3px;\"><\/div><span class=\"icon-wrapper\" style=\"border-color:#e0dede;background-color:rgba(255,255,255,0);font-size:20px;width: 1.75em; height: 1.75em;border-width:3px;padding:3px;margin-top:-1.5px\"><i class=\"fa-leaf fas\" style=\"font-size: inherit;color:#e0dede;\" aria-hidden=\"true\"><\/i><\/span><div class=\"fusion-separator-border sep-single sep-solid\" style=\"--awb-height:20px;--awb-amount:20px;border-color:#e0dede;border-top-width:3px;\"><\/div><\/div><div class=\"fusion-sep-clear\"><\/div><div class=\"fusion-text fusion-text-4\"><ul>\n<li><span style=\"color: #ffffff;\">Somos una empresa miembro de <strong>RESPON.CAT<\/strong>, el organismo de referencia en responsabilidad social empresarial en Catalu\u00f1a.<\/span><\/li>\n<li><span style=\"color: #ffffff;\">Formamos parte del <strong>Programa de Acuerdos Voluntarios para la Reducci\u00f3n de CO2<\/strong>, impulsado por la Consejer\u00eda de Medio Ambiente y Sostenibilidad de la Generalitat de Catalu\u00f1a.<\/span><\/li>\n<li><span style=\"color: #ffffff;\">Disponemos de un <strong>Sistema Integrado de Gesti\u00f3n de la Calidad y del Medio Ambiente<\/strong> que nos ayuda a analizarnos, evaluarnos y mejorar de forma continua.<\/span><\/li>\n<li><span style=\"color: #ffffff;\">Contamos con el distintivo de <strong>Flota Ecol\u00f3gica<\/strong>, que garantiza que nuestros veh\u00edculos son m\u00e1s respetuosos con el medio ambiente debido a su tecnolog\u00eda h\u00edbrida o 100% el\u00e9ctrica.<\/span><\/li>\n<li><span style=\"color: #ffffff;\">Incorporamos a nuestros servicios las \u00faltimas t\u00e9cnicas y tecnolog\u00edas para la <strong>desinfecci\u00f3n sin productos qu\u00edmicos<\/strong> o sustituyendo estos por productos ecol\u00f3gicos.<\/span><\/li>\n<li><span style=\"color: #ffffff;\">Trabajamos de forma m\u00e1s \u00e1gil y <strong>respetuosa con nuestros bosques<\/strong>, minimizando al m\u00e1ximo el uso del papel y sustituy\u00e9ndolo por herramientas digitales.<\/span><\/li>\n<li><span style=\"color: #ffffff;\">Creemos en la <strong>concienciaci\u00f3n 360\u00ba<\/strong>. Realizamos formaciones de sensibilizaci\u00f3n ambiental y asesoramiento tanto a nuestros equipos de los diferentes servicios, como al que trabaja en nuestras oficinas y lo hacemos conjuntamente con nuestros clientes. Adem\u00e1s, contamos con el <strong>n\u00famero verde<\/strong>, tel\u00e9fono de contacto directo con nuestra responsable de medio ambiente para resolver cualquier consulta.<\/span><\/li>\n<\/ul>\n<\/div><div class=\"fusion-clearfix\"><\/div><\/div><\/div><\/div><\/div><\/p>\n","protected":false},"excerpt":{"rendered":"","protected":false},"author":1,"featured_media":0,"parent":0,"menu_order":0,"comment_status":"closed","ping_status":"closed","template":"100-width.php","meta":{"_bbp_topic_count":0,"_bbp_reply_count":0,"_bbp_total_topic_count":0,"_bbp_total_reply_count":0,"_bbp_voice_count":0,"_bbp_anonymous_reply_count":0,"_bbp_topic_count_hidden":0,"_bbp_reply_count_hidden":0,"_bbp_forum_subforum_count":0,"footnotes":""},"class_list":["post-3273","page","type-page","status-publish","hentry"],"yoast_head":"<!-- This site is optimized with the Yoast SEO plugin v27.4 - https:\/\/yoast.com\/product\/yoast-seo-wordpress\/ -->\n<title>Sostenibilidad y Medio Ambiente - NDAVANT | Serveis de neteja, manteniment i FM\/FS<\/title>\n<meta name=\"robots\" content=\"index, follow, max-snippet:-1, max-image-preview:large, max-video-preview:-1\" \/>\n<link rel=\"canonical\" href=\"https:\/\/ndavant.cat\/es\/sostenibilidad-medio-ambiente\/\" \/>\n<meta property=\"og:locale\" content=\"es_ES\" \/>\n<meta property=\"og:type\" content=\"article\" \/>\n<meta property=\"og:title\" content=\"Sostenibilidad y Medio Ambiente - NDAVANT | Serveis de neteja, manteniment i FM\/FS\" \/>\n<meta property=\"og:url\" content=\"https:\/\/ndavant.cat\/es\/sostenibilidad-medio-ambiente\/\" \/>\n<meta property=\"og:site_name\" content=\"NDAVANT | Serveis de neteja, manteniment i FM\/FS\" \/>\n<meta property=\"article:modified_time\" content=\"2020-10-13T08:01:15+00:00\" \/>\n<meta name=\"twitter:card\" content=\"summary_large_image\" \/>\n<meta name=\"twitter:site\" content=\"@ndavant\" \/>\n<meta name=\"twitter:label1\" content=\"Tiempo de lectura\" \/>\n\t<meta name=\"twitter:data1\" content=\"8 minutos\" \/>\n<script type=\"application\/ld+json\" class=\"yoast-schema-graph\">{\"@context\":\"https:\\\/\\\/schema.org\",\"@graph\":[{\"@type\":\"WebPage\",\"@id\":\"https:\\\/\\\/ndavant.cat\\\/es\\\/sostenibilidad-medio-ambiente\\\/\",\"url\":\"https:\\\/\\\/ndavant.cat\\\/es\\\/sostenibilidad-medio-ambiente\\\/\",\"name\":\"Sostenibilidad y Medio Ambiente - NDAVANT | Serveis de neteja, manteniment i FM\\\/FS\",\"isPartOf\":{\"@id\":\"https:\\\/\\\/ndavant.cat\\\/es\\\/#website\"},\"datePublished\":\"2020-10-11T16:26:32+00:00\",\"dateModified\":\"2020-10-13T08:01:15+00:00\",\"breadcrumb\":{\"@id\":\"https:\\\/\\\/ndavant.cat\\\/es\\\/sostenibilidad-medio-ambiente\\\/#breadcrumb\"},\"inLanguage\":\"es\",\"potentialAction\":[{\"@type\":\"ReadAction\",\"target\":[\"https:\\\/\\\/ndavant.cat\\\/es\\\/sostenibilidad-medio-ambiente\\\/\"]}]},{\"@type\":\"BreadcrumbList\",\"@id\":\"https:\\\/\\\/ndavant.cat\\\/es\\\/sostenibilidad-medio-ambiente\\\/#breadcrumb\",\"itemListElement\":[{\"@type\":\"ListItem\",\"position\":1,\"name\":\"Inici\",\"item\":\"https:\\\/\\\/ndavant.cat\\\/es\\\/\"},{\"@type\":\"ListItem\",\"position\":2,\"name\":\"Sostenibilidad y Medio Ambiente\"}]},{\"@type\":\"WebSite\",\"@id\":\"https:\\\/\\\/ndavant.cat\\\/es\\\/#website\",\"url\":\"https:\\\/\\\/ndavant.cat\\\/es\\\/\",\"name\":\"NDAVANT | Serveis de neteja, manteniment i FM\\\/FS\",\"description\":\"Empresa de serveis de neteja, manteniment i facility services \\\/ facility management\",\"publisher\":{\"@id\":\"https:\\\/\\\/ndavant.cat\\\/es\\\/#organization\"},\"potentialAction\":[{\"@type\":\"SearchAction\",\"target\":{\"@type\":\"EntryPoint\",\"urlTemplate\":\"https:\\\/\\\/ndavant.cat\\\/es\\\/?s={search_term_string}\"},\"query-input\":{\"@type\":\"PropertyValueSpecification\",\"valueRequired\":true,\"valueName\":\"search_term_string\"}}],\"inLanguage\":\"es\"},{\"@type\":\"Organization\",\"@id\":\"https:\\\/\\\/ndavant.cat\\\/es\\\/#organization\",\"name\":\"Ndavant\",\"url\":\"https:\\\/\\\/ndavant.cat\\\/es\\\/\",\"logo\":{\"@type\":\"ImageObject\",\"inLanguage\":\"es\",\"@id\":\"https:\\\/\\\/ndavant.cat\\\/es\\\/#\\\/schema\\\/logo\\\/image\\\/\",\"url\":\"https:\\\/\\\/ndavant.cat\\\/wp-content\\\/uploads\\\/2020\\\/05\\\/Logo-oficial-Ndavant.jpg\",\"contentUrl\":\"https:\\\/\\\/ndavant.cat\\\/wp-content\\\/uploads\\\/2020\\\/05\\\/Logo-oficial-Ndavant.jpg\",\"width\":451,\"height\":451,\"caption\":\"Ndavant\"},\"image\":{\"@id\":\"https:\\\/\\\/ndavant.cat\\\/es\\\/#\\\/schema\\\/logo\\\/image\\\/\"},\"sameAs\":[\"https:\\\/\\\/x.com\\\/ndavant\",\"https:\\\/\\\/www.linkedin.com\\\/company\\\/10988666\\\/\"]}]}<\/script>\n<!-- \/ Yoast SEO plugin. -->","yoast_head_json":{"title":"Sostenibilidad y Medio Ambiente - NDAVANT | Serveis de neteja, manteniment i FM\/FS","robots":{"index":"index","follow":"follow","max-snippet":"max-snippet:-1","max-image-preview":"max-image-preview:large","max-video-preview":"max-video-preview:-1"},"canonical":"https:\/\/ndavant.cat\/es\/sostenibilidad-medio-ambiente\/","og_locale":"es_ES","og_type":"article","og_title":"Sostenibilidad y Medio Ambiente - NDAVANT | Serveis de neteja, manteniment i FM\/FS","og_url":"https:\/\/ndavant.cat\/es\/sostenibilidad-medio-ambiente\/","og_site_name":"NDAVANT | Serveis de neteja, manteniment i FM\/FS","article_modified_time":"2020-10-13T08:01:15+00:00","twitter_card":"summary_large_image","twitter_site":"@ndavant","twitter_misc":{"Tiempo de lectura":"8 minutos"},"schema":{"@context":"https:\/\/schema.org","@graph":[{"@type":"WebPage","@id":"https:\/\/ndavant.cat\/es\/sostenibilidad-medio-ambiente\/","url":"https:\/\/ndavant.cat\/es\/sostenibilidad-medio-ambiente\/","name":"Sostenibilidad y Medio Ambiente - NDAVANT | Serveis de neteja, manteniment i FM\/FS","isPartOf":{"@id":"https:\/\/ndavant.cat\/es\/#website"},"datePublished":"2020-10-11T16:26:32+00:00","dateModified":"2020-10-13T08:01:15+00:00","breadcrumb":{"@id":"https:\/\/ndavant.cat\/es\/sostenibilidad-medio-ambiente\/#breadcrumb"},"inLanguage":"es","potentialAction":[{"@type":"ReadAction","target":["https:\/\/ndavant.cat\/es\/sostenibilidad-medio-ambiente\/"]}]},{"@type":"BreadcrumbList","@id":"https:\/\/ndavant.cat\/es\/sostenibilidad-medio-ambiente\/#breadcrumb","itemListElement":[{"@type":"ListItem","position":1,"name":"Inici","item":"https:\/\/ndavant.cat\/es\/"},{"@type":"ListItem","position":2,"name":"Sostenibilidad y Medio Ambiente"}]},{"@type":"WebSite","@id":"https:\/\/ndavant.cat\/es\/#website","url":"https:\/\/ndavant.cat\/es\/","name":"NDAVANT | Serveis de neteja, manteniment i FM\/FS","description":"Empresa de serveis de neteja, manteniment i facility services \/ facility management","publisher":{"@id":"https:\/\/ndavant.cat\/es\/#organization"},"potentialAction":[{"@type":"SearchAction","target":{"@type":"EntryPoint","urlTemplate":"https:\/\/ndavant.cat\/es\/?s={search_term_string}"},"query-input":{"@type":"PropertyValueSpecification","valueRequired":true,"valueName":"search_term_string"}}],"inLanguage":"es"},{"@type":"Organization","@id":"https:\/\/ndavant.cat\/es\/#organization","name":"Ndavant","url":"https:\/\/ndavant.cat\/es\/","logo":{"@type":"ImageObject","inLanguage":"es","@id":"https:\/\/ndavant.cat\/es\/#\/schema\/logo\/image\/","url":"https:\/\/ndavant.cat\/wp-content\/uploads\/2020\/05\/Logo-oficial-Ndavant.jpg","contentUrl":"https:\/\/ndavant.cat\/wp-content\/uploads\/2020\/05\/Logo-oficial-Ndavant.jpg","width":451,"height":451,"caption":"Ndavant"},"image":{"@id":"https:\/\/ndavant.cat\/es\/#\/schema\/logo\/image\/"},"sameAs":["https:\/\/x.com\/ndavant","https:\/\/www.linkedin.com\/company\/10988666\/"]}]}},"_links":{"self":[{"href":"https:\/\/ndavant.cat\/es\/wp-json\/wp\/v2\/pages\/3273","targetHints":{"allow":["GET"]}}],"collection":[{"href":"https:\/\/ndavant.cat\/es\/wp-json\/wp\/v2\/pages"}],"about":[{"href":"https:\/\/ndavant.cat\/es\/wp-json\/wp\/v2\/types\/page"}],"author":[{"embeddable":true,"href":"https:\/\/ndavant.cat\/es\/wp-json\/wp\/v2\/users\/1"}],"replies":[{"embeddable":true,"href":"https:\/\/ndavant.cat\/es\/wp-json\/wp\/v2\/comments?post=3273"}],"version-history":[{"count":4,"href":"https:\/\/ndavant.cat\/es\/wp-json\/wp\/v2\/pages\/3273\/revisions"}],"predecessor-version":[{"id":3356,"href":"https:\/\/ndavant.cat\/es\/wp-json\/wp\/v2\/pages\/3273\/revisions\/3356"}],"wp:attachment":[{"href":"https:\/\/ndavant.cat\/es\/wp-json\/wp\/v2\/media?parent=3273"}],"curies":[{"name":"wp","href":"https:\/\/api.w.org\/{rel}","templated":true}]}}