{"id":3956,"date":"2021-05-25T07:51:03","date_gmt":"2021-05-25T07:51:03","guid":{"rendered":"https:\/\/ndavant.cat\/?page_id=3956"},"modified":"2025-02-04T11:37:27","modified_gmt":"2025-02-04T10:37:27","slug":"declaracion-igualdad-responsabilidad-social","status":"publish","type":"page","link":"https:\/\/ndavant.cat\/es\/declaracion-igualdad-responsabilidad-social\/","title":{"rendered":"Declaraci\u00f3n de Igualdad y Responsabilidad Social"},"content":{"rendered":"<div class=\"fusion-fullwidth fullwidth-box fusion-builder-row-1 nonhundred-percent-fullwidth non-hundred-percent-height-scrolling\" style=\"--awb-border-radius-top-left:0px;--awb-border-radius-top-right:0px;--awb-border-radius-bottom-right:0px;--awb-border-radius-bottom-left:0px;--awb-padding-top:50px;--awb-padding-bottom:100px;--awb-flex-wrap:wrap;\" ><div class=\"fusion-builder-row fusion-row\"><div class=\"fusion-layout-column fusion_builder_column fusion-builder-column-0 fusion_builder_column_1_1 1_1 fusion-one-full fusion-column-first fusion-column-last\" style=\"--awb-bg-size:cover;--awb-margin-bottom:0px;\"><div class=\"fusion-column-wrapper fusion-flex-column-wrapper-legacy\"><div class=\"fusion-text fusion-text-1\"><h3><b>DECLARACI\u00d3N DE IGUALDAD Y RESPONSABILIDAD SOCIAL<\/b><\/h3>\n<p>Consciente de que la gesti\u00f3n empresarial tiene que estar en consonancia con las necesidades y demandas de la sociedad, <strong>Ndavant<\/strong> declara su compromiso con la <strong>igualdad efectiva entre mujeres y hombres<\/strong> en el seno de la empresa y la aplicaci\u00f3n efectiva de pol\u00edticas para la consecuci\u00f3n de este principio, dentro de los t\u00e9rminos previstos en la Ley Org\u00e1nica 3\/2007.<\/p>\n<p>En todos y cada uno de los \u00e1mbitos de la empresa -desde las condiciones de trabajo, los servicios prestados o la comunicaci\u00f3n \u2013 <strong>Ndavant<\/strong> asume la <strong>igualdad de trato y oportunidades<\/strong> sin discriminar directa o indirectamente por raz\u00f3n de sexo.<\/p>\n<p>Los principios enunciados se llevan a la pr\u00e1ctica a trav\u00e9s de la elaboraci\u00f3n y aplicaci\u00f3n de un <strong>Plan de Igualdad en la Empresa<\/strong> y de otras medidas como el establecimiento de protocolos de prevenci\u00f3n y actuaci\u00f3n para casos de acoso laboral y sexual.<\/p>\n<p>Dentro de su proyecto social, <strong>Ndavant<\/strong> tambi\u00e9n trabaja por la integraci\u00f3n laboral en su plantilla de mujeres v\u00edctimas de violencia de g\u00e9nero.<\/p>\n<p>Somos rigurosos con la legislaci\u00f3n vigente y extendemos ese compromiso por medio de una exigencia de certificaci\u00f3n en RSE, la <strong>Norma IQ NET SR 10<\/strong>. Esta certificaci\u00f3n implica el cumplimiento y compromiso con los requerimientos de la norma en materia de Rendici\u00f3n de cuentas, transparencia, comportamiento \u00e9tico, respeto a los grupos de inter\u00e9s, respeto al principio de legalidad, respeto a la normativa internacional de cumplimiento y respeto a los derechos humanos. Si desea ampliar informaci\u00f3n, puede consultar nuestra <strong><a href=\"https:\/\/ndavant.cat\/wp-content\/uploads\/2022\/06\/Declaracion-RSC-SR-10-Ndavant.pdf\">Pol\u00edtica de Responsabilidad Social<\/a><\/strong> y el <strong><a href=\"https:\/\/ndavant.cat\/wp-content\/uploads\/2025\/02\/P-02-MATERIALIDAD-ENE25-V07.pdf\">an\u00e1lisis de materialidad<\/a><\/strong>.<\/p>\n<p>Igualmente, <strong>Ndavant<\/strong> se compromete con las personas que forman parte de la organizaci\u00f3n, por medio de la <strong>Norma EFR<\/strong>, a ofrecer <strong>medidas de conciliaci\u00f3n<\/strong> adecuadas a su cultura y marco de negocio, entendiendo como tal la suficiente flexibilidad atendida por la empresa para cubrir las necesidades personales y familiares de sus colaboradores, en consonancia y equilibrio con los objetivos de la compa\u00f1\u00eda.<\/p>\n<p>La direcci\u00f3n y todos los empleados asumen el compromiso contenido en esta declaraci\u00f3n.<\/p>\n<\/div><div class=\"fusion-clearfix\"><\/div><\/div><\/div><\/div><\/div>\n","protected":false},"excerpt":{"rendered":"","protected":false},"author":1,"featured_media":0,"parent":0,"menu_order":0,"comment_status":"closed","ping_status":"closed","template":"","meta":{"_bbp_topic_count":0,"_bbp_reply_count":0,"_bbp_total_topic_count":0,"_bbp_total_reply_count":0,"_bbp_voice_count":0,"_bbp_anonymous_reply_count":0,"_bbp_topic_count_hidden":0,"_bbp_reply_count_hidden":0,"_bbp_forum_subforum_count":0,"footnotes":""},"class_list":["post-3956","page","type-page","status-publish","hentry"],"yoast_head":"<!-- This site is optimized with the Yoast SEO plugin v27.4 - https:\/\/yoast.com\/product\/yoast-seo-wordpress\/ -->\n<title>Declaraci\u00f3n de Igualdad y Responsabilidad Social - NDAVANT | Serveis de neteja, manteniment i FM\/FS<\/title>\n<meta name=\"robots\" content=\"index, follow, max-snippet:-1, max-image-preview:large, max-video-preview:-1\" \/>\n<link rel=\"canonical\" href=\"https:\/\/ndavant.cat\/es\/declaracion-igualdad-responsabilidad-social\/\" \/>\n<meta property=\"og:locale\" content=\"es_ES\" \/>\n<meta property=\"og:type\" content=\"article\" \/>\n<meta property=\"og:title\" content=\"Declaraci\u00f3n de Igualdad y Responsabilidad Social - NDAVANT | Serveis de neteja, manteniment i FM\/FS\" \/>\n<meta property=\"og:url\" content=\"https:\/\/ndavant.cat\/es\/declaracion-igualdad-responsabilidad-social\/\" \/>\n<meta property=\"og:site_name\" content=\"NDAVANT | Serveis de neteja, manteniment i FM\/FS\" \/>\n<meta property=\"article:modified_time\" content=\"2025-02-04T10:37:27+00:00\" \/>\n<meta name=\"twitter:card\" content=\"summary_large_image\" \/>\n<meta name=\"twitter:site\" content=\"@ndavant\" \/>\n<meta name=\"twitter:label1\" content=\"Tiempo de lectura\" \/>\n\t<meta name=\"twitter:data1\" content=\"2 minutos\" \/>\n<script type=\"application\/ld+json\" class=\"yoast-schema-graph\">{\"@context\":\"https:\\\/\\\/schema.org\",\"@graph\":[{\"@type\":\"WebPage\",\"@id\":\"https:\\\/\\\/ndavant.cat\\\/es\\\/declaracion-igualdad-responsabilidad-social\\\/\",\"url\":\"https:\\\/\\\/ndavant.cat\\\/es\\\/declaracion-igualdad-responsabilidad-social\\\/\",\"name\":\"Declaraci\u00f3n de Igualdad y Responsabilidad Social - NDAVANT | Serveis de neteja, manteniment i FM\\\/FS\",\"isPartOf\":{\"@id\":\"https:\\\/\\\/ndavant.cat\\\/es\\\/#website\"},\"datePublished\":\"2021-05-25T07:51:03+00:00\",\"dateModified\":\"2025-02-04T10:37:27+00:00\",\"breadcrumb\":{\"@id\":\"https:\\\/\\\/ndavant.cat\\\/es\\\/declaracion-igualdad-responsabilidad-social\\\/#breadcrumb\"},\"inLanguage\":\"es\",\"potentialAction\":[{\"@type\":\"ReadAction\",\"target\":[\"https:\\\/\\\/ndavant.cat\\\/es\\\/declaracion-igualdad-responsabilidad-social\\\/\"]}]},{\"@type\":\"BreadcrumbList\",\"@id\":\"https:\\\/\\\/ndavant.cat\\\/es\\\/declaracion-igualdad-responsabilidad-social\\\/#breadcrumb\",\"itemListElement\":[{\"@type\":\"ListItem\",\"position\":1,\"name\":\"Inici\",\"item\":\"https:\\\/\\\/ndavant.cat\\\/es\\\/\"},{\"@type\":\"ListItem\",\"position\":2,\"name\":\"Declaraci\u00f3n de Igualdad y Responsabilidad Social\"}]},{\"@type\":\"WebSite\",\"@id\":\"https:\\\/\\\/ndavant.cat\\\/es\\\/#website\",\"url\":\"https:\\\/\\\/ndavant.cat\\\/es\\\/\",\"name\":\"NDAVANT | Serveis de neteja, manteniment i FM\\\/FS\",\"description\":\"Empresa de serveis de neteja, manteniment i facility services \\\/ facility management\",\"publisher\":{\"@id\":\"https:\\\/\\\/ndavant.cat\\\/es\\\/#organization\"},\"potentialAction\":[{\"@type\":\"SearchAction\",\"target\":{\"@type\":\"EntryPoint\",\"urlTemplate\":\"https:\\\/\\\/ndavant.cat\\\/es\\\/?s={search_term_string}\"},\"query-input\":{\"@type\":\"PropertyValueSpecification\",\"valueRequired\":true,\"valueName\":\"search_term_string\"}}],\"inLanguage\":\"es\"},{\"@type\":\"Organization\",\"@id\":\"https:\\\/\\\/ndavant.cat\\\/es\\\/#organization\",\"name\":\"Ndavant\",\"url\":\"https:\\\/\\\/ndavant.cat\\\/es\\\/\",\"logo\":{\"@type\":\"ImageObject\",\"inLanguage\":\"es\",\"@id\":\"https:\\\/\\\/ndavant.cat\\\/es\\\/#\\\/schema\\\/logo\\\/image\\\/\",\"url\":\"https:\\\/\\\/ndavant.cat\\\/wp-content\\\/uploads\\\/2020\\\/05\\\/Logo-oficial-Ndavant.jpg\",\"contentUrl\":\"https:\\\/\\\/ndavant.cat\\\/wp-content\\\/uploads\\\/2020\\\/05\\\/Logo-oficial-Ndavant.jpg\",\"width\":451,\"height\":451,\"caption\":\"Ndavant\"},\"image\":{\"@id\":\"https:\\\/\\\/ndavant.cat\\\/es\\\/#\\\/schema\\\/logo\\\/image\\\/\"},\"sameAs\":[\"https:\\\/\\\/x.com\\\/ndavant\",\"https:\\\/\\\/www.linkedin.com\\\/company\\\/10988666\\\/\"]}]}<\/script>\n<!-- \/ Yoast SEO plugin. -->","yoast_head_json":{"title":"Declaraci\u00f3n de Igualdad y Responsabilidad Social - NDAVANT | Serveis de neteja, manteniment i FM\/FS","robots":{"index":"index","follow":"follow","max-snippet":"max-snippet:-1","max-image-preview":"max-image-preview:large","max-video-preview":"max-video-preview:-1"},"canonical":"https:\/\/ndavant.cat\/es\/declaracion-igualdad-responsabilidad-social\/","og_locale":"es_ES","og_type":"article","og_title":"Declaraci\u00f3n de Igualdad y Responsabilidad Social - NDAVANT | Serveis de neteja, manteniment i FM\/FS","og_url":"https:\/\/ndavant.cat\/es\/declaracion-igualdad-responsabilidad-social\/","og_site_name":"NDAVANT | Serveis de neteja, manteniment i FM\/FS","article_modified_time":"2025-02-04T10:37:27+00:00","twitter_card":"summary_large_image","twitter_site":"@ndavant","twitter_misc":{"Tiempo de lectura":"2 minutos"},"schema":{"@context":"https:\/\/schema.org","@graph":[{"@type":"WebPage","@id":"https:\/\/ndavant.cat\/es\/declaracion-igualdad-responsabilidad-social\/","url":"https:\/\/ndavant.cat\/es\/declaracion-igualdad-responsabilidad-social\/","name":"Declaraci\u00f3n de Igualdad y Responsabilidad Social - NDAVANT | Serveis de neteja, manteniment i FM\/FS","isPartOf":{"@id":"https:\/\/ndavant.cat\/es\/#website"},"datePublished":"2021-05-25T07:51:03+00:00","dateModified":"2025-02-04T10:37:27+00:00","breadcrumb":{"@id":"https:\/\/ndavant.cat\/es\/declaracion-igualdad-responsabilidad-social\/#breadcrumb"},"inLanguage":"es","potentialAction":[{"@type":"ReadAction","target":["https:\/\/ndavant.cat\/es\/declaracion-igualdad-responsabilidad-social\/"]}]},{"@type":"BreadcrumbList","@id":"https:\/\/ndavant.cat\/es\/declaracion-igualdad-responsabilidad-social\/#breadcrumb","itemListElement":[{"@type":"ListItem","position":1,"name":"Inici","item":"https:\/\/ndavant.cat\/es\/"},{"@type":"ListItem","position":2,"name":"Declaraci\u00f3n de Igualdad y Responsabilidad Social"}]},{"@type":"WebSite","@id":"https:\/\/ndavant.cat\/es\/#website","url":"https:\/\/ndavant.cat\/es\/","name":"NDAVANT | Serveis de neteja, manteniment i FM\/FS","description":"Empresa de serveis de neteja, manteniment i facility services \/ facility management","publisher":{"@id":"https:\/\/ndavant.cat\/es\/#organization"},"potentialAction":[{"@type":"SearchAction","target":{"@type":"EntryPoint","urlTemplate":"https:\/\/ndavant.cat\/es\/?s={search_term_string}"},"query-input":{"@type":"PropertyValueSpecification","valueRequired":true,"valueName":"search_term_string"}}],"inLanguage":"es"},{"@type":"Organization","@id":"https:\/\/ndavant.cat\/es\/#organization","name":"Ndavant","url":"https:\/\/ndavant.cat\/es\/","logo":{"@type":"ImageObject","inLanguage":"es","@id":"https:\/\/ndavant.cat\/es\/#\/schema\/logo\/image\/","url":"https:\/\/ndavant.cat\/wp-content\/uploads\/2020\/05\/Logo-oficial-Ndavant.jpg","contentUrl":"https:\/\/ndavant.cat\/wp-content\/uploads\/2020\/05\/Logo-oficial-Ndavant.jpg","width":451,"height":451,"caption":"Ndavant"},"image":{"@id":"https:\/\/ndavant.cat\/es\/#\/schema\/logo\/image\/"},"sameAs":["https:\/\/x.com\/ndavant","https:\/\/www.linkedin.com\/company\/10988666\/"]}]}},"_links":{"self":[{"href":"https:\/\/ndavant.cat\/es\/wp-json\/wp\/v2\/pages\/3956","targetHints":{"allow":["GET"]}}],"collection":[{"href":"https:\/\/ndavant.cat\/es\/wp-json\/wp\/v2\/pages"}],"about":[{"href":"https:\/\/ndavant.cat\/es\/wp-json\/wp\/v2\/types\/page"}],"author":[{"embeddable":true,"href":"https:\/\/ndavant.cat\/es\/wp-json\/wp\/v2\/users\/1"}],"replies":[{"embeddable":true,"href":"https:\/\/ndavant.cat\/es\/wp-json\/wp\/v2\/comments?post=3956"}],"version-history":[{"count":7,"href":"https:\/\/ndavant.cat\/es\/wp-json\/wp\/v2\/pages\/3956\/revisions"}],"predecessor-version":[{"id":5679,"href":"https:\/\/ndavant.cat\/es\/wp-json\/wp\/v2\/pages\/3956\/revisions\/5679"}],"wp:attachment":[{"href":"https:\/\/ndavant.cat\/es\/wp-json\/wp\/v2\/media?parent=3956"}],"curies":[{"name":"wp","href":"https:\/\/api.w.org\/{rel}","templated":true}]}}